{"id":797,"date":"2013-12-05T10:53:56","date_gmt":"2013-12-05T09:53:56","guid":{"rendered":"http:\/\/www.hotel-asahi.com\/?page_id=797"},"modified":"2013-12-05T11:12:07","modified_gmt":"2013-12-05T10:12:07","slug":"duesseldorf-et-la-rgion-environnante","status":"publish","type":"page","link":"http:\/\/hotel-asahi.com\/fr\/duesseldorf-et-la-rgion-environnante\/","title":{"rendered":"D\u00fcsseldorf et la r\u00e9gion environnante"},"content":{"rendered":"<div class=\"su-accordion su-u-trim\">\n<div class=\"su-spoiler su-spoiler-style-fancy su-spoiler-icon-plus\" data-scroll-offset=\"0\" data-anchor-in-url=\"no\"><div class=\"su-spoiler-title\" tabindex=\"0\" role=\"button\"><span class=\"su-spoiler-icon\"><\/span>Le quartier japonais<\/div><div class=\"su-spoiler-content su-u-clearfix su-u-trim\">\nD\u00fcsseldorf compte, apr\u00e8s Londres et Paris, la troisi\u00e8me plus grande communaut\u00e9 japonaise d\u2019Europe. Les commer\u00e7ants japonais et leurs familles ont \u00e9t\u00e9 les pionniers de ce d\u00e9veloppement qui a eu lieu au cours des six derni\u00e8res d\u00e9cennies. Cela a progressivement donn\u00e9 lieu \u00e0 une infrastructure typique : le commerce de d\u00e9tail, les banques, les m\u00e9decins, les exp\u00e9diteurs, les assureurs, la chambre d\u2019industrie et du commerce et un consulat g\u00e9n\u00e9ral. Des 500 entreprises japonaises actuellement \u00e9tablies en Rh\u00e9nanie-du-Nord-Westphalie, 412 ont leur si\u00e8ge \u00e0 D\u00fcsseldorf.<br \/>\nDans ce quartier tr\u00e8s anim\u00e9, on trouve de nombreux supermarch\u00e9s japonais, des librairies, des restaurants et bien d\u2019autres. Venez d\u00e9couvrir la \u00ab capitale japonaise sur le Rhin \u00bb !<\/div><\/div>\n<div class=\"su-spoiler su-spoiler-style-fancy su-spoiler-icon-plus su-spoiler-closed\" data-scroll-offset=\"0\" data-anchor-in-url=\"no\"><div class=\"su-spoiler-title\" tabindex=\"0\" role=\"button\"><span class=\"su-spoiler-icon\"><\/span>Le jardin japonais<\/div><div class=\"su-spoiler-content su-u-clearfix su-u-trim\">\nLa cohabitation entre les japonais et les habitants de D\u00fcsseldorf est de plus en plus \u00e9troite et a depuis longtemps pris des formes conviviales. En signe de lien \u00e9troit, l\u2019association \u00ab Japanischer Garten in D\u00fcsseldorf \u00bb (jardin japonais \u00e0 D\u00fcsseldorf) fond\u00e9e par des entreprises japonaises et la communaut\u00e9 japonaise \u00e0 D\u00fcsseldorf, a offert un jardin japonais \u00e0 la population de D\u00fcsseldorf.<br \/>\nCette installation de 5.000 m2 dans le parc c\u00f4t\u00e9 nord (Nordpark), dont la mise en place avait co\u00fbt\u00e9 1,8 millions de marks, est depuis devenu le lieu de pr\u00e9dilection des habitants de D\u00fcsseldorf. Un sentier m\u00e8ne les randonneurs \u00e0 travers le parc qui correspond au type d\u2019un bassin de jardin et qui est \u00e9galement qualifi\u00e9 de \u00ab Lustgarten \u00bb (jardin d\u2019agr\u00e9ment). En tant que \u00ab jardin de r\u00e9flexion \u00bb, il sert de refuge en plein c\u0153ur de notre ville anim\u00e9e.<br \/>\n<\/div><\/div>\n<div class=\"su-spoiler su-spoiler-style-fancy su-spoiler-icon-plus su-spoiler-closed\" data-scroll-offset=\"0\" data-anchor-in-url=\"no\"><div class=\"su-spoiler-title\" tabindex=\"0\" role=\"button\"><span class=\"su-spoiler-icon\"><\/span>La Journ\u00e9e du Japon<\/div><div class=\"su-spoiler-content su-u-clearfix su-u-trim\">\nDepuis 2002, la Journ\u00e9e du Japon est r\u00e9guli\u00e8rement organis\u00e9e en mai \/ juin \u00e0 D\u00fcsseldorf, la capitale du Land. Cette journ\u00e9e est devenue l\u2019un des \u00e9v\u00e9nements les plus populaires \u00e0 D\u00fcsseldorf. Dans le cadre d\u2019un festival culturel germano-japonais, les japonais vivant \u00e0 D\u00fcsseldorf invitent la population \u00e0 d\u00e9couvrir la culture de leur pays d\u2019origine. Essayage de kimonos, calligraphie, samoura\u00efs et groupes de musique sont alors au programme. La cerise sur le g\u00e2teau est traditionnellement le grand feu d\u2019artifice japonais pour lequel un pyrotechnicien se d\u00e9place sp\u00e9cialement du Japon avec des feux d\u2019artifice sp\u00e9ciaux provenant du Japon.<br \/>\n<\/div><\/div>\n<div class=\"su-spoiler su-spoiler-style-fancy su-spoiler-icon-plus su-spoiler-closed\" data-scroll-offset=\"0\" data-anchor-in-url=\"no\"><div class=\"su-spoiler-title\" tabindex=\"0\" role=\"button\"><span class=\"su-spoiler-icon\"><\/span>Schloss Benrath<\/div><div class=\"su-spoiler-content su-u-clearfix su-u-trim\">\nSchloss Benrath est un ch\u00e2teau situ\u00e9 dans la r\u00e9gion rurale de Benrath, \u00e0 environ 12 km du centre-ville de D\u00fcsseldorf, dont la construction avait \u00e9t\u00e9 ordonn\u00e9e par le prince \u00e9lecteur Carl Theodor von Pfalz-Sulzbach. L\u2019architecte, Nicolas de Pigage, con\u00e7u alors le ch\u00e2teau Schloss Benrath dans le style fran\u00e7ais. La Maison de Plaisance fut achev\u00e9e en 1770, marquant ainsi l\u2019apog\u00e9e du style de construction d\u00e9velopp\u00e9 en France, les ch\u00e2teaux de plaisance majestueux en campagne.<\/p>\n<p>Le complexe se compose de l\u2019aile de s\u00e9jour, du corps de logis flanqu\u00e9 de deux ailes et de deux gu\u00e9rites. Conform\u00e9ment au style de construction des ch\u00e2teaux de plaisance, l\u2019architecture du ch\u00e2teau et du jardin est li\u00e9e. Le ch\u00e2teau, les jardins, le parc de chasse et les installations sanitaires forment une unit\u00e9 formelle et fonctionnelle.<\/p>\n<p>Aujourd\u2019hui, le ch\u00e2teau Schloss Benrath abrite plusieurs mus\u00e9es. Le corps de logis peut \u00eatre visit\u00e9 dans le cadre de visites guid\u00e9es. En outre, des \u00e9v\u00e9nements musicaux y sont r\u00e9guli\u00e8rement organis\u00e9s, tout comme des expositions temporaires. L\u2019aile est abrite le Mus\u00e9e de l\u2019art du jardin europ\u00e9en, tandis que l\u2019aile ouest abrite le Mus\u00e9e d\u2019histoire naturelle. En 1996, le ch\u00e2teau tout entier a \u00e9t\u00e9 class\u00e9 monument historique par la ville de D\u00fcsseldorf.<\/p>\n<p>Le ch\u00e2teau Schloss Benrath est situ\u00e9 \u00e0 environ 15 minutes en voiture de l\u2019h\u00f4tel Asahi.<br \/>\n<\/div><\/div>\n<div class=\"su-spoiler su-spoiler-style-fancy su-spoiler-icon-plus su-spoiler-closed\" data-scroll-offset=\"0\" data-anchor-in-url=\"no\"><div class=\"su-spoiler-title\" tabindex=\"0\" role=\"button\"><span class=\"su-spoiler-icon\"><\/span>MedienHafen<\/div><div class=\"su-spoiler-content su-u-clearfix su-u-trim\">\nLa \u00ab promenade architecturale \u00bb de D\u00fcsseldorf \u00e9tait il y a une d\u00e9cennie encore caract\u00e9ris\u00e9e par des entrep\u00f4ts vacants et inesth\u00e9tiques au vieux port du Rhin. Le quartier a \u00e9t\u00e9 revitalis\u00e9 avec le plus grand soin et brille d\u00e9sormais d\u2019un nouvel \u00e9clat. Des architectes de renom ont pu laisser libre cours \u00e0 leur cr\u00e9ativit\u00e9 ici. Les b\u00e2timents les plus connus sont probablement les b\u00e2timents Gehry. Ils sont consid\u00e9r\u00e9s comme un nouvel embl\u00e8me de D\u00fcsseldorf et constituent l\u2019\u00e9l\u00e9ment architectural central du Medienhafen de D\u00fcsseldorf. Con\u00e7us par un architecte am\u00e9ricain, les b\u00e2timents ont \u00e9t\u00e9 achev\u00e9s en 1999. Gr\u00e2ce aux corps de b\u00e2timent contrast\u00e9s et au choix de mat\u00e9riaux vari\u00e9s, le complexe ressemble \u00e0 une sculpture g\u00e9ante.<\/p>\n<p>Toutefois, ce quartier a conserv\u00e9 son aspect de port. Entrep\u00f4ts, murs de quais, escaliers, bornes en fonte, voies, grues et balustrades en fer forg\u00e9 sont tous class\u00e9s monuments historiques. Dans les entrep\u00f4ts r\u00e9nov\u00e9s, on retrouve aujourd\u2019hui des entreprises modernes proposant divers services et profitant du climat de travail unique au bord de l\u2019eau et de l\u2019image du MedienHafen.<\/p>\n<p>En termes de \u00ab culinaire \u00bb \u00e9galement, le MedienHafen a beaucoup \u00e0 offrir. L\u2019offre s\u2019\u00e9tend des saucisses au curry jusqu\u2019aux restaurants de luxe. Ici, les employ\u00e9s des entreprises locales peuvent d\u00e9guster un d\u00e9jeuner d\u2019affaires rapide \u00e0 midi, tandis que les plus branch\u00e9s se donnent rendez-vous le soir autour d\u2019un cocktail avant de c\u00e9l\u00e9brer la nuit dans l\u2019un des clubs branch\u00e9s de la place.<br \/>\n<\/div><\/div>\n<div class=\"su-spoiler su-spoiler-style-fancy su-spoiler-icon-plus su-spoiler-closed\" data-scroll-offset=\"0\" data-anchor-in-url=\"no\"><div class=\"su-spoiler-title\" tabindex=\"0\" role=\"button\"><span class=\"su-spoiler-icon\"><\/span>Shopping<\/div><div class=\"su-spoiler-content su-u-clearfix su-u-trim\">\nD\u00fcsseldorf est l\u2019une des m\u00e9tropoles les plus c\u00e9l\u00e8bres du monde en mati\u00e8re de mode et de shopping. Le point central du shopping de luxe se trouve sur le boulevard K\u00f6nigsallee, au c\u0153ur de la ville. Les marques de luxe y sont align\u00e9es, et de plus en plus de maisons de mode prestigieuses cherchent \u00e0 s\u2019\u00e9tablir sur la K\u00f6nigsallee, qui satisfait incontestablement \u00e0 son image d\u2019exclusivit\u00e9.<\/p>\n<p>La K\u00f6nigsallee abrite aussi de grands centres commerciaux exclusifs, comme la K\u00f6-Galerie, le Stilwerk et Sevens. Ceux et celles qui souhaitent faire une pause shopping trouveront toujours une place dans l\u2019un des nombreux caf\u00e9s et restaurants qui bordent la route, \u00e0 partir desquels ils pourront observer la fr\u00e9n\u00e9sie du boulevard. Car le boulevard offre aussi le plus grand podium de la ville, o\u00f9 les beaux et les riches pr\u00e9sentent les derni\u00e8res tendances mode au public. Le foss\u00e9 (K\u00f6-Graben), bord\u00e9 d\u2019arbres, avec son pont et sa fontaine contribue \u00e9galement au charme particulier de ce boulevard. <\/p>\n<p>En plus de la K\u00f6nigsallee, D\u00fcsseldorf offre encore d\u2019autres quartiers commer\u00e7ants populaires. La Schadowstra\u00dfe est l\u2019une des rues commer\u00e7antes les plus fr\u00e9quent\u00e9es d\u2019Allemagne, tandis que les maisons de mode telles que H&#038;M, Zara, Esprit, etc. et des boutiques plus petites proposant des marques individuelles sont repr\u00e9sent\u00e9es dans la vieille ville.<br \/>\nEn outre, des quartiers cr\u00e9atifs comme Flingern-Nord se sont d\u00e9velopp\u00e9s, o\u00f9 des jeunes cr\u00e9ateurs ont ouvert des petites boutiques branch\u00e9es.<br \/>\n<\/div><\/div>\n<div class=\"su-spoiler su-spoiler-style-fancy su-spoiler-icon-plus su-spoiler-closed\" data-scroll-offset=\"0\" data-anchor-in-url=\"no\"><div class=\"su-spoiler-title\" tabindex=\"0\" role=\"button\"><span class=\"su-spoiler-icon\"><\/span>Villes proches<\/div><div class=\"su-spoiler-content su-u-clearfix su-u-trim\">\n<b>Cologne<\/b> est la plus grande ville de Rh\u00e9nanie-du-Nord-Westphalie, et la quatri\u00e8me plus grande ville d\u2019Allemagne, apr\u00e8s Berlin, Hambourg et Munich. Construite par les Romains, Cologne a 2 000 ans d\u2019histoire qui sont encore visibles dans la ville aujourd\u2019hui. Le monument le plus c\u00e9l\u00e8bre de la ville et la Cath\u00e9drale (K\u00f6lner Dom) et un v\u00e9ritable \u00ab must-see \u00bb. Cologne offre \u00e9galement une sc\u00e8ne culturelle dynamique et est connue pour ses \u00e9v\u00e9nements d\u2019importance internationale.<\/p>\n<p><b>Oberhausen<\/b> situ\u00e9e en plein c\u0153ur de la r\u00e9gion de la Ruhr, elle est le symbole d\u2019une transformation culturelle r\u00e9ussie, d\u2019un bastion industriel vers un site touristique et de services. A travers des mesures d\u2019am\u00e9nagement urbain et des investissements dans les infrastructures, le \u00ab nouveau centre d\u2019Oberhausen \u00bb s\u2019est \u00e9tabli, dont le c\u0153ur est CentrO, le plus grand centre commercial d\u2019Europe. L\u2019ancien gazom\u00e8tre est un autre embl\u00e8me de la ville qui h\u00e9berge r\u00e9guli\u00e8rement des expositions et des \u00e9v\u00e9nements.<\/p>\n<p><b>Neuss<\/b> est une ville situ\u00e9e sur le c\u00f4t\u00e9 oppos\u00e9 du Rhin de D\u00fcsseldorf et qui est surtout connue aujourd\u2019hui pour sont c\u00e9l\u00e8bre port de transbordement. En raison de son emplacement de navigation id\u00e9al (Rhin, Erft, Rhur), les Romains y avaient d\u00e9j\u00e0 construit ne premi\u00e8re fortification, ce qui fait de Neuss l\u2019une des plus anciennes villes d\u2019Allemagne.<br \/>\n<\/div><\/div>\n<div class=\"su-spoiler su-spoiler-style-fancy su-spoiler-icon-plus su-spoiler-closed\" data-scroll-offset=\"0\" data-anchor-in-url=\"no\"><div class=\"su-spoiler-title\" tabindex=\"0\" role=\"button\"><span class=\"su-spoiler-icon\"><\/span>Mobilit\u00e9 \u00e0 D\u00fcsseldorf<\/div><div class=\"su-spoiler-content su-u-clearfix su-u-trim\">\n<b>La Rheinbahn<\/b> est la soci\u00e9t\u00e9 des transports en commun de D\u00fcsseldorf qui transporte ses passagers dans plus de 700 bus et trains sur 100 lignes environ. La Rheinbahn est reli\u00e9e \u00e0 la communaut\u00e9 tarifaire Rhin-Ruhr (Verkehrsverbund Rhein-Ruhr), de sorte que les trams et trains r\u00e9gionaux de la <b>Deutsche Bahn<\/b> puissent \u00e9galement \u00eatre utilis\u00e9s. Les renseignements sur les horaires sont disponibles au num\u00e9ro 01803 504 030 (9 centimes par minute \u00e0 partir de l\u2019Allemagne) ou en ligne sur le site Internet de la Rheinbahn (www.rheinbahn.de).<br \/>\nLa ville est reli\u00e9e au r\u00e9seau ferroviaire interr\u00e9gional de la Deutsche Bahn \u00e0 partir de la gare centrale de D\u00fcsseldorf et de nombreux autres arr\u00eats. Ainsi, des connexions rapides sont assur\u00e9es avec des villes dans le pays et \u00e0 l\u2019\u00e9tranger. Les renseignements sur les horaires et les r\u00e9servations de billets sont disponibles sur le site Internet de la Deutsche Bahn.<\/p>\n<p><b>V\u00e9lo\u2028<\/b><br \/>\nLes faibles pentes et les chemins courts de D\u00fcsseldorf offrent des conditions id\u00e9ales aux cyclistes. Les attractions, les buts d\u2019excursion, les installations culturelles et sociales sont ainsi accessibles facilement et rapidement \u00e0 v\u00e9lo &#8211; sans les tracas de stationnement. Sur son site Internet, la ville de D\u00fcsseldorf propose de nombreuses informations et astuces aux cyclistes, et l\u2019itin\u00e9raire de pistes cyclables NRW (www.radroutenplaner.nrw.de) vous permet d\u2019explorer les plus belles pistes.<\/p>\n<p><b>Voiture<\/b><br \/>\nLa circulation en ville ou la recherche d\u2019un parking peut poser des probl\u00e8mes ? Avant de vous aventurer en voiture dans la ville le samedi, il serait judicieux de vous informer sur la situation actuelle du trafic. Des informations d\u00e9taill\u00e9es sur le stationnement \u00e0 D\u00fcsseldorf, les parkings disponibles (\u00e9galement disponibles via le WAP sur le t\u00e9l\u00e9phone mobile !), les chantiers et la position des syst\u00e8mes de surveillance, vous sont fournies \u00e0 travers les infos trafic actuelles du Bureau de gestion du trafic (Amt f\u00fcr Verkehrsmanagement) (www.duesseldorf.de\/verkehrsmanagement). \u2028<\/p>\n<p><b>Taxi<\/b><br \/>\nOn en a besoin apr\u00e8s une f\u00eate, avant les vacances et chaque fois qu\u2019on doit \/ souhaite laisser la voiture \u00e0 la maison : les taxis sont parfois indispensables. Sur http:\/\/www.duesseldorf.de\/unterwegs\/in_dus\/index.shtml, vous trouverez les num\u00e9ros de t\u00e9l\u00e9phone et les tarifs des taxis.<\/p>\n<p><b>A\u00e9roport<\/b><br \/>\nL\u2019a\u00e9roport de D\u00fcsseldorf est le troisi\u00e8me plus grand a\u00e9roport d\u2019Allemagne et la principale plaque tournante de Rh\u00e9nanie-du-Nord-Westphalie. 16 millions de passagers d\u00e9collent et atterrissent ici chaque ann\u00e9e. Les heures d\u2019arriv\u00e9e et de d\u00e9part sont disponibles sur le site Internet de l\u2019a\u00e9roport de D\u00fcsseldorf (www.dus.com). Gr\u00e2ce \u00e0 sa propre gare, l\u2019a\u00e9roport est en outre tr\u00e8s bien reli\u00e9 au r\u00e9seau ferroviaire r\u00e9gional et interr\u00e9gional.<br \/>\n<\/div><\/div>\n<div class=\"su-spoiler su-spoiler-style-fancy su-spoiler-icon-plus su-spoiler-closed\" data-scroll-offset=\"0\" data-anchor-in-url=\"no\"><div class=\"su-spoiler-title\" tabindex=\"0\" role=\"button\"><span class=\"su-spoiler-icon\"><\/span>Art et culture \u00e0 D\u00fcsseldorf<\/div><div class=\"su-spoiler-content su-u-clearfix su-u-trim\">\nLe milieu artistique et culturel de D\u00fcsseldorf a beaucoup \u00e0 offrir aux visiteurs. L\u2019offre s\u2019\u00e9tend du classique au moderne, de l\u2019op\u00e9ra et du th\u00e9\u00e2tre, jusqu\u2019au concerts de musique pop. De nombreux mus\u00e9es exposent les \u0153uvres du pass\u00e9, tout comme les \u0153uvres d\u2019artistes contemporains. La c\u00e9l\u00e8bre Acad\u00e9mie des Arts de D\u00fcsseldorf ouvre \u00e9galement ses portes une fois par an pendant plusieurs, offrant la possibilit\u00e9 aux \u00e9tudiants de pr\u00e9senter leurs \u0153uvres au public.<\/p>\n<p>Les racines de D\u00fcsseldorf en tant que ville artistique remontent loin dans le temps : il y a plus de 300 ans, le prince \u00e9lecteur Jan Wellem mena le d\u00e9veloppement de D\u00fcsseldorf vers une m\u00e9tropole moderne et amassa une importante collection d\u2019art avec son \u00e9pouse Anna Maria Luisa de Medici. Cela forgea la r\u00e9putation de D\u00fcsseldorf en tant que centre culturel en Europe. Aujourd\u2019hui, la ville propose une vari\u00e9t\u00e9 d\u2019expositions dans 26 mus\u00e9es et plus de 100 galeries \u00e0 ses visiteurs, ainsi qu\u2019une sc\u00e8ne culturelle dynamique. Parmi les mus\u00e9es les plus c\u00e9l\u00e8bres, on compte la collection d\u2019art de Rh\u00e9nanie-du-Nord-Westphalie et le Mus\u00e9e Kunstpalast.<br \/>\n<\/div><\/div>\n<\/div>\n","protected":false},"excerpt":{"rendered":"","protected":false},"author":2,"featured_media":0,"parent":0,"menu_order":0,"comment_status":"closed","ping_status":"closed","template":"","meta":[],"yoast_head":"<!-- This site is optimized with the Yoast SEO plugin v18.5.1 - https:\/\/yoast.com\/wordpress\/plugins\/seo\/ -->\n<title>D\u00fcsseldorf et la r\u00e9gion environnante - Hotel Asahi<\/title>\n<meta name=\"robots\" content=\"index, follow, max-snippet:-1, max-image-preview:large, max-video-preview:-1\" \/>\n<link rel=\"canonical\" href=\"http:\/\/hotel-asahi.com\/fr\/duesseldorf-et-la-rgion-environnante\/\" \/>\n<meta property=\"og:locale\" content=\"fr_FR\" \/>\n<meta property=\"og:type\" content=\"article\" \/>\n<meta property=\"og:title\" content=\"D\u00fcsseldorf et la r\u00e9gion environnante - Hotel Asahi\" \/>\n<meta property=\"og:url\" content=\"http:\/\/hotel-asahi.com\/fr\/duesseldorf-et-la-rgion-environnante\/\" \/>\n<meta property=\"og:site_name\" content=\"Hotel Asahi\" \/>\n<meta property=\"article:modified_time\" content=\"2013-12-05T10:12:07+00:00\" \/>\n<meta name=\"twitter:label1\" content=\"Dur\u00e9e de lecture estim\u00e9e\" \/>\n\t<meta name=\"twitter:data1\" content=\"11 minutes\" \/>\n<script type=\"application\/ld+json\" class=\"yoast-schema-graph\">{\"@context\":\"https:\/\/schema.org\",\"@graph\":[{\"@type\":\"WebSite\",\"@id\":\"http:\/\/hotel-asahi.com\/fr\/#website\",\"url\":\"http:\/\/hotel-asahi.com\/fr\/\",\"name\":\"Hotel Asahi\",\"description\":\"Herzlich willkommen in D\u00fcsseldorf\",\"potentialAction\":[{\"@type\":\"SearchAction\",\"target\":{\"@type\":\"EntryPoint\",\"urlTemplate\":\"http:\/\/hotel-asahi.com\/fr\/?s={search_term_string}\"},\"query-input\":\"required name=search_term_string\"}],\"inLanguage\":\"fr-FR\"},{\"@type\":\"WebPage\",\"@id\":\"http:\/\/hotel-asahi.com\/fr\/duesseldorf-et-la-rgion-environnante\/#webpage\",\"url\":\"http:\/\/hotel-asahi.com\/fr\/duesseldorf-et-la-rgion-environnante\/\",\"name\":\"D\u00fcsseldorf et la r\u00e9gion environnante - Hotel Asahi\",\"isPartOf\":{\"@id\":\"http:\/\/hotel-asahi.com\/fr\/#website\"},\"datePublished\":\"2013-12-05T09:53:56+00:00\",\"dateModified\":\"2013-12-05T10:12:07+00:00\",\"breadcrumb\":{\"@id\":\"http:\/\/hotel-asahi.com\/fr\/duesseldorf-et-la-rgion-environnante\/#breadcrumb\"},\"inLanguage\":\"fr-FR\",\"potentialAction\":[{\"@type\":\"ReadAction\",\"target\":[\"http:\/\/hotel-asahi.com\/fr\/duesseldorf-et-la-rgion-environnante\/\"]}]},{\"@type\":\"BreadcrumbList\",\"@id\":\"http:\/\/hotel-asahi.com\/fr\/duesseldorf-et-la-rgion-environnante\/#breadcrumb\",\"itemListElement\":[{\"@type\":\"ListItem\",\"position\":1,\"name\":\"Home\",\"item\":\"http:\/\/hotel-asahi.com\/fr\/\"},{\"@type\":\"ListItem\",\"position\":2,\"name\":\"D\u00fcsseldorf et la r\u00e9gion environnante\"}]}]}<\/script>\n<!-- \/ Yoast SEO plugin. -->","yoast_head_json":{"title":"D\u00fcsseldorf et la r\u00e9gion environnante - Hotel Asahi","robots":{"index":"index","follow":"follow","max-snippet":"max-snippet:-1","max-image-preview":"max-image-preview:large","max-video-preview":"max-video-preview:-1"},"canonical":"http:\/\/hotel-asahi.com\/fr\/duesseldorf-et-la-rgion-environnante\/","og_locale":"fr_FR","og_type":"article","og_title":"D\u00fcsseldorf et la r\u00e9gion environnante - Hotel Asahi","og_url":"http:\/\/hotel-asahi.com\/fr\/duesseldorf-et-la-rgion-environnante\/","og_site_name":"Hotel Asahi","article_modified_time":"2013-12-05T10:12:07+00:00","twitter_misc":{"Dur\u00e9e de lecture estim\u00e9e":"11 minutes"},"schema":{"@context":"https:\/\/schema.org","@graph":[{"@type":"WebSite","@id":"http:\/\/hotel-asahi.com\/fr\/#website","url":"http:\/\/hotel-asahi.com\/fr\/","name":"Hotel Asahi","description":"Herzlich willkommen in D\u00fcsseldorf","potentialAction":[{"@type":"SearchAction","target":{"@type":"EntryPoint","urlTemplate":"http:\/\/hotel-asahi.com\/fr\/?s={search_term_string}"},"query-input":"required name=search_term_string"}],"inLanguage":"fr-FR"},{"@type":"WebPage","@id":"http:\/\/hotel-asahi.com\/fr\/duesseldorf-et-la-rgion-environnante\/#webpage","url":"http:\/\/hotel-asahi.com\/fr\/duesseldorf-et-la-rgion-environnante\/","name":"D\u00fcsseldorf et la r\u00e9gion environnante - Hotel Asahi","isPartOf":{"@id":"http:\/\/hotel-asahi.com\/fr\/#website"},"datePublished":"2013-12-05T09:53:56+00:00","dateModified":"2013-12-05T10:12:07+00:00","breadcrumb":{"@id":"http:\/\/hotel-asahi.com\/fr\/duesseldorf-et-la-rgion-environnante\/#breadcrumb"},"inLanguage":"fr-FR","potentialAction":[{"@type":"ReadAction","target":["http:\/\/hotel-asahi.com\/fr\/duesseldorf-et-la-rgion-environnante\/"]}]},{"@type":"BreadcrumbList","@id":"http:\/\/hotel-asahi.com\/fr\/duesseldorf-et-la-rgion-environnante\/#breadcrumb","itemListElement":[{"@type":"ListItem","position":1,"name":"Home","item":"http:\/\/hotel-asahi.com\/fr\/"},{"@type":"ListItem","position":2,"name":"D\u00fcsseldorf et la r\u00e9gion environnante"}]}]}},"_links":{"self":[{"href":"http:\/\/hotel-asahi.com\/fr\/wp-json\/wp\/v2\/pages\/797"}],"collection":[{"href":"http:\/\/hotel-asahi.com\/fr\/wp-json\/wp\/v2\/pages"}],"about":[{"href":"http:\/\/hotel-asahi.com\/fr\/wp-json\/wp\/v2\/types\/page"}],"author":[{"embeddable":true,"href":"http:\/\/hotel-asahi.com\/fr\/wp-json\/wp\/v2\/users\/2"}],"replies":[{"embeddable":true,"href":"http:\/\/hotel-asahi.com\/fr\/wp-json\/wp\/v2\/comments?post=797"}],"version-history":[{"count":8,"href":"http:\/\/hotel-asahi.com\/fr\/wp-json\/wp\/v2\/pages\/797\/revisions"}],"predecessor-version":[{"id":807,"href":"http:\/\/hotel-asahi.com\/fr\/wp-json\/wp\/v2\/pages\/797\/revisions\/807"}],"wp:attachment":[{"href":"http:\/\/hotel-asahi.com\/fr\/wp-json\/wp\/v2\/media?parent=797"}],"curies":[{"name":"wp","href":"https:\/\/api.w.org\/{rel}","templated":true}]}}