{"id":182,"date":"2013-11-22T10:01:30","date_gmt":"2013-11-22T09:01:30","guid":{"rendered":"http:\/\/www.hotel-asahi.com\/?page_id=182"},"modified":"2025-07-26T13:31:56","modified_gmt":"2025-07-26T11:31:56","slug":"accueil","status":"publish","type":"page","link":"http:\/\/hotel-asahi.com\/fr\/","title":{"rendered":""},"content":{"rendered":"<h1><img loading=\"lazy\" class=\"aligncenter wp-image-523\" src=\"\/wp-content\/uploads\/asahi_logo.png\" alt=\"asahi_logo\" width=\"263\" height=\"132\" \/><\/h1>\n<h1>Bienvenue \u00e0 D\u00fcsseldorf<\/h1>\n<p>L\u2019h\u00f4tel Asahi \u00e0 D\u00fcsseldorf vous accueille en plein centre-ville de D\u00fcsseldorf et \u00e0 quelques pas seulement de la gare centrale. Gr\u00e2ce \u00e0\u00a0 son <a title=\"Emplacement-Itinraire\" href=\"\/fr\/emplacement-itinraire\/\">emplacement central<\/a> , l\u2019h\u00f4tel Asahi est l\u2019adresse id\u00e9ale pour les s\u00e9jours d&rsquo;affaires et les s\u00e9jours de loisirs. La vieille ville de D\u00fcsseldorf, la c\u00e9l\u00e8bre rue commer\u00e7ante \u00ab\u00a0K\u00f6nigsallee\u00a0\u00bb, le Th\u00e9\u00e2tre Capitol et beaucoup d\u2019autres offres <a title=\"Sehensw\u00fcrdigkeiten in D\u00fcsseldorf\" href=\"http:\/\/hotel-asahi.com\/fr\/duesseldorf-et-la-rgion-environnante\/\">culturelles, touristiques et commerciales <\/a>sont \u00e0 distance de marche de l&rsquo;h\u00f4tel. Le parking de l\u2019h\u00f4tel se trouve directement devant l\u2019h\u00f4tel. La station de m\u00e9tro qui se trouve juste \u00e0 proximit\u00e9 offre aux voyageurs d\u2019affaires une connexion directe vers le centre d\u2019expositions et vers l\u2019a\u00e9roport de D\u00fcsseldorf. En outre, notre r\u00e9ception est ouverte 24 heures sur 24.<\/p>\n<p>Notre \u00e9tablissement vous accueille avec son design d\u2019int\u00e9rieur unique dans un style japonais et des couleurs accueillantes. Nos <a title=\"Die Zimmer\" href=\"\/fr\/nos-chambres\/\">73 chambres tr\u00e8s spacieuses sont<\/a> am\u00e9nag\u00e9es de style moderne et confortable. Pour les r\u00e9unions d\u2019affaires, une salle de <a title=\"Confrences-Vnements\" href=\"\/fr\/confrences-evnements\/\">conf\u00e9rence claires et bien \u00e9quip\u00e9e <\/a>est mise \u00e0 votre disposition.<\/p>\n<p>Pour votre d\u00e9tente nous vous proposons notre <a title=\"Fitness\" href=\"http:\/\/beta.hotel-asahi.com\/fr\/remise-en-forme\/\">salle de fitness <\/a>et son magnifique sauna finlandais. Ou venez-vous d\u00e9tendre le soir <em>dans notre<\/em> bar avec des amis ou des associ\u00e9s commerciaux et d\u00e9couvrez la ville \u00e0 partir de l\u00e0.<\/p>\n<p><strong>Toute<\/strong> <strong>l&rsquo;<\/strong><strong>\u00e9quipe<\/strong> <strong>se r\u00e9jouit<\/strong><strong> de <\/strong><strong>vous accueillir<\/strong> <strong>\u00e0 l&rsquo;<\/strong><strong>H\u00f4tel<\/strong><strong> Asahi et vous souhaite <\/strong><strong>un magnifique s\u00e9jour \u00e0 D\u00fcsseldorf !<\/strong><\/p>\n<p><strong>\u00a0<\/strong><\/p>\n<hr \/>\n","protected":false},"excerpt":{"rendered":"<p>Bienvenue \u00e0 D\u00fcsseldorf L\u2019h\u00f4tel Asahi \u00e0 D\u00fcsseldorf vous accueille en plein centre-ville de D\u00fcsseldorf et \u00e0 quelques pas seulement de la gare centrale. Gr\u00e2ce \u00e0\u00a0 son emplacement central , l\u2019h\u00f4tel Asahi est l\u2019adresse id\u00e9ale pour les s\u00e9jours d&rsquo;affaires et les s\u00e9jours de loisirs. La vieille ville de D\u00fcsseldorf, la c\u00e9l\u00e8bre rue commer\u00e7ante \u00ab\u00a0K\u00f6nigsallee\u00a0\u00bb, le Th\u00e9\u00e2tre [&hellip;]<\/p>\n","protected":false},"author":2,"featured_media":0,"parent":0,"menu_order":0,"comment_status":"closed","ping_status":"open","template":"","meta":[],"yoast_head":"<!-- This site is optimized with the Yoast SEO plugin v18.5.1 - https:\/\/yoast.com\/wordpress\/plugins\/seo\/ -->\n<title>- Hotel Asahi<\/title>\n<meta name=\"robots\" content=\"index, follow, max-snippet:-1, max-image-preview:large, max-video-preview:-1\" \/>\n<link rel=\"canonical\" href=\"http:\/\/hotel-asahi.com\/fr\/\" \/>\n<meta property=\"og:locale\" content=\"fr_FR\" \/>\n<meta property=\"og:type\" content=\"article\" \/>\n<meta property=\"og:title\" content=\"- Hotel Asahi\" \/>\n<meta property=\"og:description\" content=\"Bienvenue \u00e0 D\u00fcsseldorf L\u2019h\u00f4tel Asahi \u00e0 D\u00fcsseldorf vous accueille en plein centre-ville de D\u00fcsseldorf et \u00e0 quelques pas seulement de la gare centrale. Gr\u00e2ce \u00e0\u00a0 son emplacement central , l\u2019h\u00f4tel Asahi est l\u2019adresse id\u00e9ale pour les s\u00e9jours d&rsquo;affaires et les s\u00e9jours de loisirs. La vieille ville de D\u00fcsseldorf, la c\u00e9l\u00e8bre rue commer\u00e7ante \u00ab\u00a0K\u00f6nigsallee\u00a0\u00bb, le Th\u00e9\u00e2tre [&hellip;]\" \/>\n<meta property=\"og:url\" content=\"http:\/\/hotel-asahi.com\/fr\/\" \/>\n<meta property=\"og:site_name\" content=\"Hotel Asahi\" \/>\n<meta property=\"article:modified_time\" content=\"2025-07-26T11:31:56+00:00\" \/>\n<meta name=\"twitter:label1\" content=\"Dur\u00e9e de lecture estim\u00e9e\" \/>\n\t<meta name=\"twitter:data1\" content=\"2 minutes\" \/>\n<script type=\"application\/ld+json\" class=\"yoast-schema-graph\">{\"@context\":\"https:\/\/schema.org\",\"@graph\":[{\"@type\":\"WebSite\",\"@id\":\"http:\/\/hotel-asahi.com\/fr\/#website\",\"url\":\"http:\/\/hotel-asahi.com\/fr\/\",\"name\":\"Hotel Asahi\",\"description\":\"Herzlich willkommen in D\u00fcsseldorf\",\"potentialAction\":[{\"@type\":\"SearchAction\",\"target\":{\"@type\":\"EntryPoint\",\"urlTemplate\":\"http:\/\/hotel-asahi.com\/fr\/?s={search_term_string}\"},\"query-input\":\"required name=search_term_string\"}],\"inLanguage\":\"fr-FR\"},{\"@type\":\"WebPage\",\"@id\":\"http:\/\/hotel-asahi.com\/fr\/#webpage\",\"url\":\"http:\/\/hotel-asahi.com\/fr\/\",\"name\":\"- Hotel Asahi\",\"isPartOf\":{\"@id\":\"http:\/\/hotel-asahi.com\/fr\/#website\"},\"datePublished\":\"2013-11-22T09:01:30+00:00\",\"dateModified\":\"2025-07-26T11:31:56+00:00\",\"breadcrumb\":{\"@id\":\"http:\/\/hotel-asahi.com\/fr\/#breadcrumb\"},\"inLanguage\":\"fr-FR\",\"potentialAction\":[{\"@type\":\"ReadAction\",\"target\":[\"http:\/\/hotel-asahi.com\/fr\/\"]}]},{\"@type\":\"BreadcrumbList\",\"@id\":\"http:\/\/hotel-asahi.com\/fr\/#breadcrumb\",\"itemListElement\":[{\"@type\":\"ListItem\",\"position\":1,\"name\":\"Home\",\"item\":\"http:\/\/hotel-asahi.com\/fr\/\"},{\"@type\":\"ListItem\",\"position\":2,\"name\":\"\"}]}]}<\/script>\n<!-- \/ Yoast SEO plugin. -->","yoast_head_json":{"title":"- Hotel Asahi","robots":{"index":"index","follow":"follow","max-snippet":"max-snippet:-1","max-image-preview":"max-image-preview:large","max-video-preview":"max-video-preview:-1"},"canonical":"http:\/\/hotel-asahi.com\/fr\/","og_locale":"fr_FR","og_type":"article","og_title":"- Hotel Asahi","og_description":"Bienvenue \u00e0 D\u00fcsseldorf L\u2019h\u00f4tel Asahi \u00e0 D\u00fcsseldorf vous accueille en plein centre-ville de D\u00fcsseldorf et \u00e0 quelques pas seulement de la gare centrale. Gr\u00e2ce \u00e0\u00a0 son emplacement central , l\u2019h\u00f4tel Asahi est l\u2019adresse id\u00e9ale pour les s\u00e9jours d&rsquo;affaires et les s\u00e9jours de loisirs. La vieille ville de D\u00fcsseldorf, la c\u00e9l\u00e8bre rue commer\u00e7ante \u00ab\u00a0K\u00f6nigsallee\u00a0\u00bb, le Th\u00e9\u00e2tre [&hellip;]","og_url":"http:\/\/hotel-asahi.com\/fr\/","og_site_name":"Hotel Asahi","article_modified_time":"2025-07-26T11:31:56+00:00","twitter_misc":{"Dur\u00e9e de lecture estim\u00e9e":"2 minutes"},"schema":{"@context":"https:\/\/schema.org","@graph":[{"@type":"WebSite","@id":"http:\/\/hotel-asahi.com\/fr\/#website","url":"http:\/\/hotel-asahi.com\/fr\/","name":"Hotel Asahi","description":"Herzlich willkommen in D\u00fcsseldorf","potentialAction":[{"@type":"SearchAction","target":{"@type":"EntryPoint","urlTemplate":"http:\/\/hotel-asahi.com\/fr\/?s={search_term_string}"},"query-input":"required name=search_term_string"}],"inLanguage":"fr-FR"},{"@type":"WebPage","@id":"http:\/\/hotel-asahi.com\/fr\/#webpage","url":"http:\/\/hotel-asahi.com\/fr\/","name":"- Hotel Asahi","isPartOf":{"@id":"http:\/\/hotel-asahi.com\/fr\/#website"},"datePublished":"2013-11-22T09:01:30+00:00","dateModified":"2025-07-26T11:31:56+00:00","breadcrumb":{"@id":"http:\/\/hotel-asahi.com\/fr\/#breadcrumb"},"inLanguage":"fr-FR","potentialAction":[{"@type":"ReadAction","target":["http:\/\/hotel-asahi.com\/fr\/"]}]},{"@type":"BreadcrumbList","@id":"http:\/\/hotel-asahi.com\/fr\/#breadcrumb","itemListElement":[{"@type":"ListItem","position":1,"name":"Home","item":"http:\/\/hotel-asahi.com\/fr\/"},{"@type":"ListItem","position":2,"name":""}]}]}},"_links":{"self":[{"href":"http:\/\/hotel-asahi.com\/fr\/wp-json\/wp\/v2\/pages\/182"}],"collection":[{"href":"http:\/\/hotel-asahi.com\/fr\/wp-json\/wp\/v2\/pages"}],"about":[{"href":"http:\/\/hotel-asahi.com\/fr\/wp-json\/wp\/v2\/types\/page"}],"author":[{"embeddable":true,"href":"http:\/\/hotel-asahi.com\/fr\/wp-json\/wp\/v2\/users\/2"}],"replies":[{"embeddable":true,"href":"http:\/\/hotel-asahi.com\/fr\/wp-json\/wp\/v2\/comments?post=182"}],"version-history":[{"count":16,"href":"http:\/\/hotel-asahi.com\/fr\/wp-json\/wp\/v2\/pages\/182\/revisions"}],"predecessor-version":[{"id":2713,"href":"http:\/\/hotel-asahi.com\/fr\/wp-json\/wp\/v2\/pages\/182\/revisions\/2713"}],"wp:attachment":[{"href":"http:\/\/hotel-asahi.com\/fr\/wp-json\/wp\/v2\/media?parent=182"}],"curies":[{"name":"wp","href":"https:\/\/api.w.org\/{rel}","templated":true}]}}