{"id":151,"date":"2013-11-22T09:53:59","date_gmt":"2013-11-22T08:53:59","guid":{"rendered":"http:\/\/www.hotel-asahi.com\/?page_id=151"},"modified":"2016-11-05T14:36:59","modified_gmt":"2016-11-05T13:36:59","slug":"emplacement-itinraire","status":"publish","type":"page","link":"http:\/\/hotel-asahi.com\/fr\/emplacement-itinraire\/","title":{"rendered":"Emplacement \/ itin\u00e9raire"},"content":{"rendered":"<p><img loading=\"lazy\" width=\"900\" height=\"400\" class=\"aligncenter size-full wp-image-274\" src=\"\/wp-content\/uploads\/anfahrt.jpg\" alt=\"anfahrt\" srcset=\"http:\/\/hotel-asahi.com\/wp-content\/uploads\/anfahrt.jpg 900w, http:\/\/hotel-asahi.com\/wp-content\/uploads\/anfahrt-300x133.jpg 300w\" sizes=\"(max-width: 900px) 100vw, 900px\" \/><\/p>\n<p>L\u2019h\u00f4tel Asahi est situ\u00e9 en plein centre-ville, \u00e0 5 minutes de marche seulement de la gare centrale de D\u00fcsseldorf.<\/p>\n<p>Les rives du Rhin et la vieille ville avec ses nombreux bars, pubs et restaurants, tout comme la \u00ab\u00a0K\u00f6nigsallee\u00a0\u00bb avec ses magasins de luxe, sont accessibles \u00e0 10 minutes de marche seulement.<\/p>\n<p>La station de m\u00e9tro qui se trouve juste \u00e0 proximit\u00e9 offre aux voyageurs d\u2019affaires une connexion directe vers le centre d\u2019expositions et l\u2019a\u00e9roport de D\u00fcsseldorf. Les deux se trouvent \u00e0 15 km environ de l\u2019h\u00f4tel.<\/p>\n<div class=\"su-row\">\n<div class=\"su-column su-column-size-1-2\"><div class=\"su-column-inner su-u-clearfix su-u-trim\">\n<p><strong>En quelques minutes seulement, vous pouvez rejoindre les autoroutes suivantes:<\/strong><\/p>\n<div>A 46\u00a0\u00a0\u00a0\u00a0\u00a0\u00a0\u00a0\u00a0\u00a0\u00a0\u00a0\u00a0\u00a0\u00a0 9 kmA 52\u00a0\u00a0\u00a0\u00a0\u00a0\u00a0\u00a0\u00a0\u00a0\u00a0\u00a0\u00a0\u00a0\u00a0 2 km<\/p>\n<p>A 57\u00a0\u00a0\u00a0\u00a0\u00a0\u00a0\u00a0\u00a0\u00a0\u00a0\u00a0\u00a0\u00a0\u00a0 12 km<\/p>\n<\/div>\n<\/div><\/div>\n<div class=\"su-column su-column-size-1-2\"><div class=\"su-column-inner su-u-clearfix su-u-trim\">\n<strong>dans le voisinage<\/strong><br \/>\n0,5 km de la gare centrale<br \/>\n1 km \u00e0 l&rsquo;\u201eK\u00f6nigsallee\u201c<br \/>\n1 km du centre-ville<br \/>\n0.5 km du Th\u00e9\u00e2tre Capitol<br \/>\n1,5 km sur le Rhin<br \/>\n3 km de la Tour du Rhin<br \/>\n7 km de Salon de D\u00fcsseldorf<br \/>\n10 km de l&rsquo;a\u00e9roport de D\u00fcsseldorf<\/div><\/div>\n<\/div>\n<div class=\"su-gmap su-u-responsive-media-yes\"><iframe width=\"600\" height=\"400\" src=\"\/\/maps.google.com\/maps?q=Kurf%C3%BCrstenstrasse%2030%2C40211%20D%C3%BCsseldorf&amp;output=embed\" title=\"\"><\/iframe><\/div>\n","protected":false},"excerpt":{"rendered":"<p>L\u2019h\u00f4tel Asahi est situ\u00e9 en plein centre-ville, \u00e0 5 minutes de marche seulement de la gare centrale de D\u00fcsseldorf. Les rives du Rhin et la vieille ville avec ses nombreux bars, pubs et restaurants, tout comme la \u00ab\u00a0K\u00f6nigsallee\u00a0\u00bb avec ses magasins de luxe, sont accessibles \u00e0 10 minutes de marche seulement. La station de m\u00e9tro [&hellip;]<\/p>\n","protected":false},"author":2,"featured_media":0,"parent":0,"menu_order":0,"comment_status":"closed","ping_status":"open","template":"","meta":[],"yoast_head":"<!-- This site is optimized with the Yoast SEO plugin v18.5.1 - https:\/\/yoast.com\/wordpress\/plugins\/seo\/ -->\n<title>Emplacement \/ itin\u00e9raire - Hotel Asahi<\/title>\n<meta name=\"robots\" content=\"index, follow, max-snippet:-1, max-image-preview:large, max-video-preview:-1\" \/>\n<link rel=\"canonical\" href=\"http:\/\/hotel-asahi.com\/fr\/emplacement-itinraire\/\" \/>\n<meta property=\"og:locale\" content=\"fr_FR\" \/>\n<meta property=\"og:type\" content=\"article\" \/>\n<meta property=\"og:title\" content=\"Emplacement \/ itin\u00e9raire - Hotel Asahi\" \/>\n<meta property=\"og:description\" content=\"L\u2019h\u00f4tel Asahi est situ\u00e9 en plein centre-ville, \u00e0 5 minutes de marche seulement de la gare centrale de D\u00fcsseldorf. Les rives du Rhin et la vieille ville avec ses nombreux bars, pubs et restaurants, tout comme la \u00ab\u00a0K\u00f6nigsallee\u00a0\u00bb avec ses magasins de luxe, sont accessibles \u00e0 10 minutes de marche seulement. La station de m\u00e9tro [&hellip;]\" \/>\n<meta property=\"og:url\" content=\"http:\/\/hotel-asahi.com\/fr\/emplacement-itinraire\/\" \/>\n<meta property=\"og:site_name\" content=\"Hotel Asahi\" \/>\n<meta property=\"article:modified_time\" content=\"2016-11-05T13:36:59+00:00\" \/>\n<meta name=\"twitter:label1\" content=\"Dur\u00e9e de lecture estim\u00e9e\" \/>\n\t<meta name=\"twitter:data1\" content=\"1 minute\" \/>\n<script type=\"application\/ld+json\" class=\"yoast-schema-graph\">{\"@context\":\"https:\/\/schema.org\",\"@graph\":[{\"@type\":\"WebSite\",\"@id\":\"http:\/\/hotel-asahi.com\/fr\/#website\",\"url\":\"http:\/\/hotel-asahi.com\/fr\/\",\"name\":\"Hotel Asahi\",\"description\":\"Herzlich willkommen in D\u00fcsseldorf\",\"potentialAction\":[{\"@type\":\"SearchAction\",\"target\":{\"@type\":\"EntryPoint\",\"urlTemplate\":\"http:\/\/hotel-asahi.com\/fr\/?s={search_term_string}\"},\"query-input\":\"required name=search_term_string\"}],\"inLanguage\":\"fr-FR\"},{\"@type\":\"WebPage\",\"@id\":\"http:\/\/hotel-asahi.com\/fr\/emplacement-itinraire\/#webpage\",\"url\":\"http:\/\/hotel-asahi.com\/fr\/emplacement-itinraire\/\",\"name\":\"Emplacement \/ itin\u00e9raire - Hotel Asahi\",\"isPartOf\":{\"@id\":\"http:\/\/hotel-asahi.com\/fr\/#website\"},\"datePublished\":\"2013-11-22T08:53:59+00:00\",\"dateModified\":\"2016-11-05T13:36:59+00:00\",\"breadcrumb\":{\"@id\":\"http:\/\/hotel-asahi.com\/fr\/emplacement-itinraire\/#breadcrumb\"},\"inLanguage\":\"fr-FR\",\"potentialAction\":[{\"@type\":\"ReadAction\",\"target\":[\"http:\/\/hotel-asahi.com\/fr\/emplacement-itinraire\/\"]}]},{\"@type\":\"BreadcrumbList\",\"@id\":\"http:\/\/hotel-asahi.com\/fr\/emplacement-itinraire\/#breadcrumb\",\"itemListElement\":[{\"@type\":\"ListItem\",\"position\":1,\"name\":\"Home\",\"item\":\"http:\/\/hotel-asahi.com\/fr\/\"},{\"@type\":\"ListItem\",\"position\":2,\"name\":\"Emplacement \/ itin\u00e9raire\"}]}]}<\/script>\n<!-- \/ Yoast SEO plugin. -->","yoast_head_json":{"title":"Emplacement \/ itin\u00e9raire - Hotel Asahi","robots":{"index":"index","follow":"follow","max-snippet":"max-snippet:-1","max-image-preview":"max-image-preview:large","max-video-preview":"max-video-preview:-1"},"canonical":"http:\/\/hotel-asahi.com\/fr\/emplacement-itinraire\/","og_locale":"fr_FR","og_type":"article","og_title":"Emplacement \/ itin\u00e9raire - Hotel Asahi","og_description":"L\u2019h\u00f4tel Asahi est situ\u00e9 en plein centre-ville, \u00e0 5 minutes de marche seulement de la gare centrale de D\u00fcsseldorf. Les rives du Rhin et la vieille ville avec ses nombreux bars, pubs et restaurants, tout comme la \u00ab\u00a0K\u00f6nigsallee\u00a0\u00bb avec ses magasins de luxe, sont accessibles \u00e0 10 minutes de marche seulement. La station de m\u00e9tro [&hellip;]","og_url":"http:\/\/hotel-asahi.com\/fr\/emplacement-itinraire\/","og_site_name":"Hotel Asahi","article_modified_time":"2016-11-05T13:36:59+00:00","twitter_misc":{"Dur\u00e9e de lecture estim\u00e9e":"1 minute"},"schema":{"@context":"https:\/\/schema.org","@graph":[{"@type":"WebSite","@id":"http:\/\/hotel-asahi.com\/fr\/#website","url":"http:\/\/hotel-asahi.com\/fr\/","name":"Hotel Asahi","description":"Herzlich willkommen in D\u00fcsseldorf","potentialAction":[{"@type":"SearchAction","target":{"@type":"EntryPoint","urlTemplate":"http:\/\/hotel-asahi.com\/fr\/?s={search_term_string}"},"query-input":"required name=search_term_string"}],"inLanguage":"fr-FR"},{"@type":"WebPage","@id":"http:\/\/hotel-asahi.com\/fr\/emplacement-itinraire\/#webpage","url":"http:\/\/hotel-asahi.com\/fr\/emplacement-itinraire\/","name":"Emplacement \/ itin\u00e9raire - Hotel Asahi","isPartOf":{"@id":"http:\/\/hotel-asahi.com\/fr\/#website"},"datePublished":"2013-11-22T08:53:59+00:00","dateModified":"2016-11-05T13:36:59+00:00","breadcrumb":{"@id":"http:\/\/hotel-asahi.com\/fr\/emplacement-itinraire\/#breadcrumb"},"inLanguage":"fr-FR","potentialAction":[{"@type":"ReadAction","target":["http:\/\/hotel-asahi.com\/fr\/emplacement-itinraire\/"]}]},{"@type":"BreadcrumbList","@id":"http:\/\/hotel-asahi.com\/fr\/emplacement-itinraire\/#breadcrumb","itemListElement":[{"@type":"ListItem","position":1,"name":"Home","item":"http:\/\/hotel-asahi.com\/fr\/"},{"@type":"ListItem","position":2,"name":"Emplacement \/ itin\u00e9raire"}]}]}},"_links":{"self":[{"href":"http:\/\/hotel-asahi.com\/fr\/wp-json\/wp\/v2\/pages\/151"}],"collection":[{"href":"http:\/\/hotel-asahi.com\/fr\/wp-json\/wp\/v2\/pages"}],"about":[{"href":"http:\/\/hotel-asahi.com\/fr\/wp-json\/wp\/v2\/types\/page"}],"author":[{"embeddable":true,"href":"http:\/\/hotel-asahi.com\/fr\/wp-json\/wp\/v2\/users\/2"}],"replies":[{"embeddable":true,"href":"http:\/\/hotel-asahi.com\/fr\/wp-json\/wp\/v2\/comments?post=151"}],"version-history":[{"count":6,"href":"http:\/\/hotel-asahi.com\/fr\/wp-json\/wp\/v2\/pages\/151\/revisions"}],"predecessor-version":[{"id":1516,"href":"http:\/\/hotel-asahi.com\/fr\/wp-json\/wp\/v2\/pages\/151\/revisions\/1516"}],"wp:attachment":[{"href":"http:\/\/hotel-asahi.com\/fr\/wp-json\/wp\/v2\/media?parent=151"}],"curies":[{"name":"wp","href":"https:\/\/api.w.org\/{rel}","templated":true}]}}