{"id":149,"date":"2013-11-22T09:53:35","date_gmt":"2013-11-22T08:53:35","guid":{"rendered":"http:\/\/www.hotel-asahi.com\/?page_id=149"},"modified":"2025-07-26T12:40:55","modified_gmt":"2025-07-26T10:40:55","slug":"confrences-evnements","status":"publish","type":"page","link":"http:\/\/hotel-asahi.com\/fr\/confrences-evnements\/","title":{"rendered":"Conf\u00e9rences \/ \u00e9v\u00e9nements"},"content":{"rendered":"\n<div class='gallery'><dl class='gallery-item'>\n\t\t\t<dt class='gallery-icon landscape'>\n\t\t\t\t<a href='http:\/\/hotel-asahi.com\/fr\/confrences-evnements\/tagungen4-2\/'><img width=\"150\" height=\"150\" src=\"http:\/\/hotel-asahi.com\/wp-content\/uploads\/tagungen4-150x150.jpg\" class=\"attachment-thumbnail size-thumbnail\" alt=\"\" loading=\"lazy\" \/><\/a>\n\t\t\t<\/dt><\/dl><dl class='gallery-item'>\n\t\t\t<dt class='gallery-icon landscape'>\n\t\t\t\t<a href='http:\/\/hotel-asahi.com\/fr\/confrences-evnements\/tagungen2-2\/'><img width=\"150\" height=\"150\" src=\"http:\/\/hotel-asahi.com\/wp-content\/uploads\/tagungen2-150x150.jpg\" class=\"attachment-thumbnail size-thumbnail\" alt=\"\" loading=\"lazy\" \/><\/a>\n\t\t\t<\/dt><\/dl><dl class='gallery-item'>\n\t\t\t<dt class='gallery-icon landscape'>\n\t\t\t\t<a href='http:\/\/hotel-asahi.com\/fr\/confrences-evnements\/tagungen1-2\/'><img width=\"150\" height=\"150\" src=\"http:\/\/hotel-asahi.com\/wp-content\/uploads\/tagungen1-150x150.jpg\" class=\"attachment-thumbnail size-thumbnail\" alt=\"\" loading=\"lazy\" \/><\/a>\n\t\t\t<\/dt><\/dl>\n\t\t\t<br style='clear: both' \/>\n\t\t<\/div>\n\n<p>Nous disposons une salle de conf\u00e9rence climatis\u00e9e \u00e9quip\u00e9e d\u2019appareils modernes. Cette salle de conf\u00e9rence d\u2019environ 22 m<sup>2<\/sup> peut accueillir 10 personnes.<\/p>\n<p>Le tarif de la location de la salle est 150 \u20ac par jour\u00a0 et inclut \u00a0le mat\u00e9riel courant de formation (un grand \u00e9cran plat, du tableau aide-m\u00e9moire et du tableau \u00e0 feuilles mobiles, une toile de projection, un tableau, des stylos et du papier).<\/p>\n<p>Tous nos prix sont en euros, <em>TVA 19<\/em>% et frais de service inclus, par jour. <em>N&rsquo;h\u00e9sitez pas<\/em><em> \u00e0 <\/em><em>nous<\/em> contacter <em>pour nous faire part de vos souhaits.<\/em><\/p>\n<a href=\"\/kontakt\" class=\"su-button su-button-style-default\" style=\"color:#FFFFFF;background-color:#a80f1b;border-color:#870c16;border-radius:45px;-moz-border-radius:45px;-webkit-border-radius:45px\" target=\"_self\"><span style=\"color:#FFFFFF;padding:7px 22px;font-size:17px;line-height:26px;border-color:#c35760;border-radius:45px;-moz-border-radius:45px;-webkit-border-radius:45px;text-shadow:none;-moz-text-shadow:none;-webkit-text-shadow:none\"><i class=\"sui sui-star\" style=\"font-size:17px;color:#FFFFFF\"><\/i> Int\u00e9ress\u00e9? Contactez-nous maintenant!<\/span><\/a>\n","protected":false},"excerpt":{"rendered":"<p>Nous disposons une salle de conf\u00e9rence climatis\u00e9e \u00e9quip\u00e9e d\u2019appareils modernes. Cette salle de conf\u00e9rence d\u2019environ 22 m2 peut accueillir 10 personnes. Le tarif de la location de la salle est 150 \u20ac par jour\u00a0 et inclut \u00a0le mat\u00e9riel courant de formation (un grand \u00e9cran plat, du tableau aide-m\u00e9moire et du tableau \u00e0 feuilles mobiles, une [&hellip;]<\/p>\n","protected":false},"author":2,"featured_media":0,"parent":0,"menu_order":0,"comment_status":"closed","ping_status":"open","template":"","meta":[],"yoast_head":"<!-- This site is optimized with the Yoast SEO plugin v18.5.1 - https:\/\/yoast.com\/wordpress\/plugins\/seo\/ -->\n<title>Conf\u00e9rences \/ \u00e9v\u00e9nements - Hotel Asahi<\/title>\n<meta name=\"robots\" content=\"index, follow, max-snippet:-1, max-image-preview:large, max-video-preview:-1\" \/>\n<link rel=\"canonical\" href=\"http:\/\/hotel-asahi.com\/fr\/confrences-evnements\/\" \/>\n<meta property=\"og:locale\" content=\"fr_FR\" \/>\n<meta property=\"og:type\" content=\"article\" \/>\n<meta property=\"og:title\" content=\"Conf\u00e9rences \/ \u00e9v\u00e9nements - Hotel Asahi\" \/>\n<meta property=\"og:description\" content=\"Nous disposons une salle de conf\u00e9rence climatis\u00e9e \u00e9quip\u00e9e d\u2019appareils modernes. Cette salle de conf\u00e9rence d\u2019environ 22 m2 peut accueillir 10 personnes. Le tarif de la location de la salle est 150 \u20ac par jour\u00a0 et inclut \u00a0le mat\u00e9riel courant de formation (un grand \u00e9cran plat, du tableau aide-m\u00e9moire et du tableau \u00e0 feuilles mobiles, une [&hellip;]\" \/>\n<meta property=\"og:url\" content=\"http:\/\/hotel-asahi.com\/fr\/confrences-evnements\/\" \/>\n<meta property=\"og:site_name\" content=\"Hotel Asahi\" \/>\n<meta property=\"article:modified_time\" content=\"2025-07-26T10:40:55+00:00\" \/>\n<meta property=\"og:image\" content=\"http:\/\/hotel-asahi.com\/wp-content\/uploads\/tagungen4-150x150.jpg\" \/>\n<meta name=\"twitter:label1\" content=\"Dur\u00e9e de lecture estim\u00e9e\" \/>\n\t<meta name=\"twitter:data1\" content=\"1 minute\" \/>\n<script type=\"application\/ld+json\" class=\"yoast-schema-graph\">{\"@context\":\"https:\/\/schema.org\",\"@graph\":[{\"@type\":\"WebSite\",\"@id\":\"http:\/\/hotel-asahi.com\/fr\/#website\",\"url\":\"http:\/\/hotel-asahi.com\/fr\/\",\"name\":\"Hotel Asahi\",\"description\":\"Herzlich willkommen in D\u00fcsseldorf\",\"potentialAction\":[{\"@type\":\"SearchAction\",\"target\":{\"@type\":\"EntryPoint\",\"urlTemplate\":\"http:\/\/hotel-asahi.com\/fr\/?s={search_term_string}\"},\"query-input\":\"required name=search_term_string\"}],\"inLanguage\":\"fr-FR\"},{\"@type\":\"WebPage\",\"@id\":\"http:\/\/hotel-asahi.com\/fr\/confrences-evnements\/#webpage\",\"url\":\"http:\/\/hotel-asahi.com\/fr\/confrences-evnements\/\",\"name\":\"Conf\u00e9rences \/ \u00e9v\u00e9nements - Hotel Asahi\",\"isPartOf\":{\"@id\":\"http:\/\/hotel-asahi.com\/fr\/#website\"},\"datePublished\":\"2013-11-22T08:53:35+00:00\",\"dateModified\":\"2025-07-26T10:40:55+00:00\",\"breadcrumb\":{\"@id\":\"http:\/\/hotel-asahi.com\/fr\/confrences-evnements\/#breadcrumb\"},\"inLanguage\":\"fr-FR\",\"potentialAction\":[{\"@type\":\"ReadAction\",\"target\":[\"http:\/\/hotel-asahi.com\/fr\/confrences-evnements\/\"]}]},{\"@type\":\"BreadcrumbList\",\"@id\":\"http:\/\/hotel-asahi.com\/fr\/confrences-evnements\/#breadcrumb\",\"itemListElement\":[{\"@type\":\"ListItem\",\"position\":1,\"name\":\"Home\",\"item\":\"http:\/\/hotel-asahi.com\/fr\/\"},{\"@type\":\"ListItem\",\"position\":2,\"name\":\"Conf\u00e9rences \/ \u00e9v\u00e9nements\"}]}]}<\/script>\n<!-- \/ Yoast SEO plugin. -->","yoast_head_json":{"title":"Conf\u00e9rences \/ \u00e9v\u00e9nements - Hotel Asahi","robots":{"index":"index","follow":"follow","max-snippet":"max-snippet:-1","max-image-preview":"max-image-preview:large","max-video-preview":"max-video-preview:-1"},"canonical":"http:\/\/hotel-asahi.com\/fr\/confrences-evnements\/","og_locale":"fr_FR","og_type":"article","og_title":"Conf\u00e9rences \/ \u00e9v\u00e9nements - Hotel Asahi","og_description":"Nous disposons une salle de conf\u00e9rence climatis\u00e9e \u00e9quip\u00e9e d\u2019appareils modernes. Cette salle de conf\u00e9rence d\u2019environ 22 m2 peut accueillir 10 personnes. Le tarif de la location de la salle est 150 \u20ac par jour\u00a0 et inclut \u00a0le mat\u00e9riel courant de formation (un grand \u00e9cran plat, du tableau aide-m\u00e9moire et du tableau \u00e0 feuilles mobiles, une [&hellip;]","og_url":"http:\/\/hotel-asahi.com\/fr\/confrences-evnements\/","og_site_name":"Hotel Asahi","article_modified_time":"2025-07-26T10:40:55+00:00","og_image":[{"url":"http:\/\/hotel-asahi.com\/wp-content\/uploads\/tagungen4-150x150.jpg"}],"twitter_misc":{"Dur\u00e9e de lecture estim\u00e9e":"1 minute"},"schema":{"@context":"https:\/\/schema.org","@graph":[{"@type":"WebSite","@id":"http:\/\/hotel-asahi.com\/fr\/#website","url":"http:\/\/hotel-asahi.com\/fr\/","name":"Hotel Asahi","description":"Herzlich willkommen in D\u00fcsseldorf","potentialAction":[{"@type":"SearchAction","target":{"@type":"EntryPoint","urlTemplate":"http:\/\/hotel-asahi.com\/fr\/?s={search_term_string}"},"query-input":"required name=search_term_string"}],"inLanguage":"fr-FR"},{"@type":"WebPage","@id":"http:\/\/hotel-asahi.com\/fr\/confrences-evnements\/#webpage","url":"http:\/\/hotel-asahi.com\/fr\/confrences-evnements\/","name":"Conf\u00e9rences \/ \u00e9v\u00e9nements - Hotel Asahi","isPartOf":{"@id":"http:\/\/hotel-asahi.com\/fr\/#website"},"datePublished":"2013-11-22T08:53:35+00:00","dateModified":"2025-07-26T10:40:55+00:00","breadcrumb":{"@id":"http:\/\/hotel-asahi.com\/fr\/confrences-evnements\/#breadcrumb"},"inLanguage":"fr-FR","potentialAction":[{"@type":"ReadAction","target":["http:\/\/hotel-asahi.com\/fr\/confrences-evnements\/"]}]},{"@type":"BreadcrumbList","@id":"http:\/\/hotel-asahi.com\/fr\/confrences-evnements\/#breadcrumb","itemListElement":[{"@type":"ListItem","position":1,"name":"Home","item":"http:\/\/hotel-asahi.com\/fr\/"},{"@type":"ListItem","position":2,"name":"Conf\u00e9rences \/ \u00e9v\u00e9nements"}]}]}},"_links":{"self":[{"href":"http:\/\/hotel-asahi.com\/fr\/wp-json\/wp\/v2\/pages\/149"}],"collection":[{"href":"http:\/\/hotel-asahi.com\/fr\/wp-json\/wp\/v2\/pages"}],"about":[{"href":"http:\/\/hotel-asahi.com\/fr\/wp-json\/wp\/v2\/types\/page"}],"author":[{"embeddable":true,"href":"http:\/\/hotel-asahi.com\/fr\/wp-json\/wp\/v2\/users\/2"}],"replies":[{"embeddable":true,"href":"http:\/\/hotel-asahi.com\/fr\/wp-json\/wp\/v2\/comments?post=149"}],"version-history":[{"count":10,"href":"http:\/\/hotel-asahi.com\/fr\/wp-json\/wp\/v2\/pages\/149\/revisions"}],"predecessor-version":[{"id":2686,"href":"http:\/\/hotel-asahi.com\/fr\/wp-json\/wp\/v2\/pages\/149\/revisions\/2686"}],"wp:attachment":[{"href":"http:\/\/hotel-asahi.com\/fr\/wp-json\/wp\/v2\/media?parent=149"}],"curies":[{"name":"wp","href":"https:\/\/api.w.org\/{rel}","templated":true}]}}