{"id":147,"date":"2013-11-22T09:53:15","date_gmt":"2013-11-22T08:53:15","guid":{"rendered":"http:\/\/www.hotel-asahi.com\/?page_id=147"},"modified":"2016-11-05T14:47:35","modified_gmt":"2016-11-05T13:47:35","slug":"remise-en-forme","status":"publish","type":"page","link":"http:\/\/hotel-asahi.com\/fr\/remise-en-forme\/","title":{"rendered":"Espace de d\u00e9tente"},"content":{"rendered":"\n<div class='gallery'><dl class='gallery-item'>\n\t\t\t<dt class='gallery-icon landscape'>\n\t\t\t\t<a href='http:\/\/hotel-asahi.com\/fr\/remise-en-forme\/fitness3-2\/'><img width=\"150\" height=\"150\" src=\"http:\/\/hotel-asahi.com\/wp-content\/uploads\/fitness3-150x150.jpg\" class=\"attachment-thumbnail size-thumbnail\" alt=\"\" loading=\"lazy\" \/><\/a>\n\t\t\t<\/dt><\/dl><dl class='gallery-item'>\n\t\t\t<dt class='gallery-icon landscape'>\n\t\t\t\t<a href='http:\/\/hotel-asahi.com\/fr\/remise-en-forme\/fitness02-2\/'><img width=\"150\" height=\"150\" src=\"http:\/\/hotel-asahi.com\/wp-content\/uploads\/fitness02-150x150.jpg\" class=\"attachment-thumbnail size-thumbnail\" alt=\"\" loading=\"lazy\" \/><\/a>\n\t\t\t<\/dt><\/dl><dl class='gallery-item'>\n\t\t\t<dt class='gallery-icon landscape'>\n\t\t\t\t<a href='http:\/\/hotel-asahi.com\/fr\/remise-en-forme\/fitness01-2\/'><img width=\"150\" height=\"150\" src=\"http:\/\/hotel-asahi.com\/wp-content\/uploads\/fitness01-150x150.jpg\" class=\"attachment-thumbnail size-thumbnail\" alt=\"\" loading=\"lazy\" \/><\/a>\n\t\t\t<\/dt><\/dl>\n\t\t\t<br style='clear: both' \/>\n\t\t<\/div>\n\n<p>Notre salle de fitness, petite mais ad\u00e9quate, est l\u2019endroit id\u00e9al pour oublier le stress quotidien. D\u00e9tendez-vous dans notre sauna finlandais et dans l\u2019espace de d\u00e9tente \u00e9quip\u00e9 de chaises longues confortables.<\/p>\n<p>Les amateurs de sport se r\u00e9jouiront des divers appareils d\u2019entra\u00eenement cardiaque et musculaire mises \u00e0 leur disposition (p. ex. un tapis de course, un v\u00e9lo elliptique et un stepper). Une douche sensorielle est \u00e9galement disponible.<\/p>\n","protected":false},"excerpt":{"rendered":"<p>Notre salle de fitness, petite mais ad\u00e9quate, est l\u2019endroit id\u00e9al pour oublier le stress quotidien. D\u00e9tendez-vous dans notre sauna finlandais et dans l\u2019espace de d\u00e9tente \u00e9quip\u00e9 de chaises longues confortables. Les amateurs de sport se r\u00e9jouiront des divers appareils d\u2019entra\u00eenement cardiaque et musculaire mises \u00e0 leur disposition (p. ex. un tapis de course, un v\u00e9lo [&hellip;]<\/p>\n","protected":false},"author":2,"featured_media":0,"parent":0,"menu_order":0,"comment_status":"closed","ping_status":"open","template":"","meta":[],"yoast_head":"<!-- This site is optimized with the Yoast SEO plugin v18.5.1 - https:\/\/yoast.com\/wordpress\/plugins\/seo\/ -->\n<title>Espace de d\u00e9tente - Hotel Asahi<\/title>\n<meta name=\"robots\" content=\"index, follow, max-snippet:-1, max-image-preview:large, max-video-preview:-1\" \/>\n<link rel=\"canonical\" href=\"http:\/\/hotel-asahi.com\/fr\/remise-en-forme\/\" \/>\n<meta property=\"og:locale\" content=\"fr_FR\" \/>\n<meta property=\"og:type\" content=\"article\" \/>\n<meta property=\"og:title\" content=\"Espace de d\u00e9tente - Hotel Asahi\" \/>\n<meta property=\"og:description\" content=\"Notre salle de fitness, petite mais ad\u00e9quate, est l\u2019endroit id\u00e9al pour oublier le stress quotidien. D\u00e9tendez-vous dans notre sauna finlandais et dans l\u2019espace de d\u00e9tente \u00e9quip\u00e9 de chaises longues confortables. Les amateurs de sport se r\u00e9jouiront des divers appareils d\u2019entra\u00eenement cardiaque et musculaire mises \u00e0 leur disposition (p. ex. un tapis de course, un v\u00e9lo [&hellip;]\" \/>\n<meta property=\"og:url\" content=\"http:\/\/hotel-asahi.com\/fr\/remise-en-forme\/\" \/>\n<meta property=\"og:site_name\" content=\"Hotel Asahi\" \/>\n<meta property=\"article:modified_time\" content=\"2016-11-05T13:47:35+00:00\" \/>\n<meta property=\"og:image\" content=\"http:\/\/hotel-asahi.com\/wp-content\/uploads\/fitness3-150x150.jpg\" \/>\n<script type=\"application\/ld+json\" class=\"yoast-schema-graph\">{\"@context\":\"https:\/\/schema.org\",\"@graph\":[{\"@type\":\"WebSite\",\"@id\":\"http:\/\/hotel-asahi.com\/fr\/#website\",\"url\":\"http:\/\/hotel-asahi.com\/fr\/\",\"name\":\"Hotel Asahi\",\"description\":\"Herzlich willkommen in D\u00fcsseldorf\",\"potentialAction\":[{\"@type\":\"SearchAction\",\"target\":{\"@type\":\"EntryPoint\",\"urlTemplate\":\"http:\/\/hotel-asahi.com\/fr\/?s={search_term_string}\"},\"query-input\":\"required name=search_term_string\"}],\"inLanguage\":\"fr-FR\"},{\"@type\":\"WebPage\",\"@id\":\"http:\/\/hotel-asahi.com\/fr\/remise-en-forme\/#webpage\",\"url\":\"http:\/\/hotel-asahi.com\/fr\/remise-en-forme\/\",\"name\":\"Espace de d\u00e9tente - Hotel Asahi\",\"isPartOf\":{\"@id\":\"http:\/\/hotel-asahi.com\/fr\/#website\"},\"datePublished\":\"2013-11-22T08:53:15+00:00\",\"dateModified\":\"2016-11-05T13:47:35+00:00\",\"breadcrumb\":{\"@id\":\"http:\/\/hotel-asahi.com\/fr\/remise-en-forme\/#breadcrumb\"},\"inLanguage\":\"fr-FR\",\"potentialAction\":[{\"@type\":\"ReadAction\",\"target\":[\"http:\/\/hotel-asahi.com\/fr\/remise-en-forme\/\"]}]},{\"@type\":\"BreadcrumbList\",\"@id\":\"http:\/\/hotel-asahi.com\/fr\/remise-en-forme\/#breadcrumb\",\"itemListElement\":[{\"@type\":\"ListItem\",\"position\":1,\"name\":\"Home\",\"item\":\"http:\/\/hotel-asahi.com\/fr\/\"},{\"@type\":\"ListItem\",\"position\":2,\"name\":\"Espace de d\u00e9tente\"}]}]}<\/script>\n<!-- \/ Yoast SEO plugin. -->","yoast_head_json":{"title":"Espace de d\u00e9tente - Hotel Asahi","robots":{"index":"index","follow":"follow","max-snippet":"max-snippet:-1","max-image-preview":"max-image-preview:large","max-video-preview":"max-video-preview:-1"},"canonical":"http:\/\/hotel-asahi.com\/fr\/remise-en-forme\/","og_locale":"fr_FR","og_type":"article","og_title":"Espace de d\u00e9tente - Hotel Asahi","og_description":"Notre salle de fitness, petite mais ad\u00e9quate, est l\u2019endroit id\u00e9al pour oublier le stress quotidien. D\u00e9tendez-vous dans notre sauna finlandais et dans l\u2019espace de d\u00e9tente \u00e9quip\u00e9 de chaises longues confortables. Les amateurs de sport se r\u00e9jouiront des divers appareils d\u2019entra\u00eenement cardiaque et musculaire mises \u00e0 leur disposition (p. ex. un tapis de course, un v\u00e9lo [&hellip;]","og_url":"http:\/\/hotel-asahi.com\/fr\/remise-en-forme\/","og_site_name":"Hotel Asahi","article_modified_time":"2016-11-05T13:47:35+00:00","og_image":[{"url":"http:\/\/hotel-asahi.com\/wp-content\/uploads\/fitness3-150x150.jpg"}],"schema":{"@context":"https:\/\/schema.org","@graph":[{"@type":"WebSite","@id":"http:\/\/hotel-asahi.com\/fr\/#website","url":"http:\/\/hotel-asahi.com\/fr\/","name":"Hotel Asahi","description":"Herzlich willkommen in D\u00fcsseldorf","potentialAction":[{"@type":"SearchAction","target":{"@type":"EntryPoint","urlTemplate":"http:\/\/hotel-asahi.com\/fr\/?s={search_term_string}"},"query-input":"required name=search_term_string"}],"inLanguage":"fr-FR"},{"@type":"WebPage","@id":"http:\/\/hotel-asahi.com\/fr\/remise-en-forme\/#webpage","url":"http:\/\/hotel-asahi.com\/fr\/remise-en-forme\/","name":"Espace de d\u00e9tente - Hotel Asahi","isPartOf":{"@id":"http:\/\/hotel-asahi.com\/fr\/#website"},"datePublished":"2013-11-22T08:53:15+00:00","dateModified":"2016-11-05T13:47:35+00:00","breadcrumb":{"@id":"http:\/\/hotel-asahi.com\/fr\/remise-en-forme\/#breadcrumb"},"inLanguage":"fr-FR","potentialAction":[{"@type":"ReadAction","target":["http:\/\/hotel-asahi.com\/fr\/remise-en-forme\/"]}]},{"@type":"BreadcrumbList","@id":"http:\/\/hotel-asahi.com\/fr\/remise-en-forme\/#breadcrumb","itemListElement":[{"@type":"ListItem","position":1,"name":"Home","item":"http:\/\/hotel-asahi.com\/fr\/"},{"@type":"ListItem","position":2,"name":"Espace de d\u00e9tente"}]}]}},"_links":{"self":[{"href":"http:\/\/hotel-asahi.com\/fr\/wp-json\/wp\/v2\/pages\/147"}],"collection":[{"href":"http:\/\/hotel-asahi.com\/fr\/wp-json\/wp\/v2\/pages"}],"about":[{"href":"http:\/\/hotel-asahi.com\/fr\/wp-json\/wp\/v2\/types\/page"}],"author":[{"embeddable":true,"href":"http:\/\/hotel-asahi.com\/fr\/wp-json\/wp\/v2\/users\/2"}],"replies":[{"embeddable":true,"href":"http:\/\/hotel-asahi.com\/fr\/wp-json\/wp\/v2\/comments?post=147"}],"version-history":[{"count":3,"href":"http:\/\/hotel-asahi.com\/fr\/wp-json\/wp\/v2\/pages\/147\/revisions"}],"predecessor-version":[{"id":1524,"href":"http:\/\/hotel-asahi.com\/fr\/wp-json\/wp\/v2\/pages\/147\/revisions\/1524"}],"wp:attachment":[{"href":"http:\/\/hotel-asahi.com\/fr\/wp-json\/wp\/v2\/media?parent=147"}],"curies":[{"name":"wp","href":"https:\/\/api.w.org\/{rel}","templated":true}]}}