{"id":139,"date":"2013-11-22T09:51:24","date_gmt":"2013-11-22T08:51:24","guid":{"rendered":"http:\/\/www.hotel-asahi.com\/?page_id=139"},"modified":"2025-07-25T13:04:04","modified_gmt":"2025-07-25T11:04:04","slug":"habitaciones-individuales","status":"publish","type":"page","link":"http:\/\/hotel-asahi.com\/fr\/nos-chambres\/habitaciones-individuales\/","title":{"rendered":"Chambres simples"},"content":{"rendered":"\n<div class='gallery'><dl class='gallery-item'>\n\t\t\t<dt class='gallery-icon landscape'>\n\t\t\t\t<a href='http:\/\/hotel-asahi.com\/fr\/nos-chambres\/zimmer_118_001sh-3-2\/'><img width=\"150\" height=\"150\" src=\"http:\/\/hotel-asahi.com\/wp-content\/uploads\/Zimmer_118_001sh-2-150x150.jpg\" class=\"attachment-thumbnail size-thumbnail\" alt=\"\" loading=\"lazy\" \/><\/a>\n\t\t\t<\/dt><\/dl><dl class='gallery-item'>\n\t\t\t<dt class='gallery-icon landscape'>\n\t\t\t\t<a href='http:\/\/hotel-asahi.com\/fr\/nos-chambres\/zimmer_118_002-3-2\/'><img width=\"150\" height=\"150\" src=\"http:\/\/hotel-asahi.com\/wp-content\/uploads\/Zimmer_118_002-2-150x150.jpg\" class=\"attachment-thumbnail size-thumbnail\" alt=\"\" loading=\"lazy\" \/><\/a>\n\t\t\t<\/dt><\/dl><dl class='gallery-item'>\n\t\t\t<dt class='gallery-icon landscape'>\n\t\t\t\t<a href='http:\/\/hotel-asahi.com\/fr\/nos-chambres\/zimmer_118_003-3-2\/'><img width=\"150\" height=\"150\" src=\"http:\/\/hotel-asahi.com\/wp-content\/uploads\/Zimmer_118_003-2-150x150.jpg\" class=\"attachment-thumbnail size-thumbnail\" alt=\"\" loading=\"lazy\" \/><\/a>\n\t\t\t<\/dt><\/dl>\n\t\t\t<br style='clear: both' \/>\n\t\t<\/div>\n\n<p>Nos chambres simples ont chacune une superficie de 20 m<sup>\u00b2<\/sup>. Elles sont confortables et disposent d\u2019une belle salle de bain avec douche et toilette.<\/p>\n<p>Toutes les chambres simples sont \u00e9quip\u00e9es d\u2019un bureau, d\u2019un t\u00e9l\u00e9phone, d\u2019un TV \u00e0 \u00e9cran plat (t\u00e9l\u00e9vision satellite) et d\u2019un programme TV actuel, d\u2019un acc\u00e8s Wi-Fi gratuit, d\u2019un minibar, d\u2019un coffre-fort et d\u2019un climatiseur.<\/p>\n<p>Vous y trouverez \u00e9galement des petits extras comme des pantoufles confortables, un miroir de maquillage, un s\u00e8che-cheveux et un p\u00e8se-personne dans la salle de bain, une planche \/ un fer \u00e0 repasser et une bouilloire avec th\u00e9 et caf\u00e9.<\/p>\n<div style=\"padding-top: 15px;\"><a href=\"https:\/\/ibev5.hotels-online-buchen.de\/ibe\/asahiduesseldorf\" class=\"su-button su-button-style-default\" style=\"color:#FFFFFF;background-color:#a80f1b;border-color:#870c16;border-radius:20px;-moz-border-radius:20px;-webkit-border-radius:20px\" target=\"_self\"><span style=\"color:#FFFFFF;padding:7px 22px;font-size:17px;line-height:26px;border-color:#c35760;border-radius:20px;-moz-border-radius:20px;-webkit-border-radius:20px;text-shadow:none;-moz-text-shadow:none;-webkit-text-shadow:none\"><i class=\"sui sui-star\" style=\"font-size:17px;color:#FFFFFF\"><\/i> Cliquez ici pour r\u00e9server votre s\u00e9jour \u00e0 l\u2019h\u00f4tel Asahi<\/span><\/a><\/div>\n","protected":false},"excerpt":{"rendered":"<p>Nos chambres simples ont chacune une superficie de 20 m\u00b2. Elles sont confortables et disposent d\u2019une belle salle de bain avec douche et toilette. Toutes les chambres simples sont \u00e9quip\u00e9es d\u2019un bureau, d\u2019un t\u00e9l\u00e9phone, d\u2019un TV \u00e0 \u00e9cran plat (t\u00e9l\u00e9vision satellite) et d\u2019un programme TV actuel, d\u2019un acc\u00e8s Wi-Fi gratuit, d\u2019un minibar, d\u2019un coffre-fort et [&hellip;]<\/p>\n","protected":false},"author":2,"featured_media":1475,"parent":104,"menu_order":1,"comment_status":"closed","ping_status":"closed","template":"","meta":[],"yoast_head":"<!-- This site is optimized with the Yoast SEO plugin v18.5.1 - https:\/\/yoast.com\/wordpress\/plugins\/seo\/ -->\n<title>Chambres simples - Hotel Asahi<\/title>\n<meta name=\"robots\" content=\"index, follow, max-snippet:-1, max-image-preview:large, max-video-preview:-1\" \/>\n<link rel=\"canonical\" href=\"http:\/\/hotel-asahi.com\/fr\/nos-chambres\/habitaciones-individuales\/\" \/>\n<meta property=\"og:locale\" content=\"fr_FR\" \/>\n<meta property=\"og:type\" content=\"article\" \/>\n<meta property=\"og:title\" content=\"Chambres simples - Hotel Asahi\" \/>\n<meta property=\"og:description\" content=\"Nos chambres simples ont chacune une superficie de 20 m\u00b2. Elles sont confortables et disposent d\u2019une belle salle de bain avec douche et toilette. Toutes les chambres simples sont \u00e9quip\u00e9es d\u2019un bureau, d\u2019un t\u00e9l\u00e9phone, d\u2019un TV \u00e0 \u00e9cran plat (t\u00e9l\u00e9vision satellite) et d\u2019un programme TV actuel, d\u2019un acc\u00e8s Wi-Fi gratuit, d\u2019un minibar, d\u2019un coffre-fort et [&hellip;]\" \/>\n<meta property=\"og:url\" content=\"http:\/\/hotel-asahi.com\/fr\/nos-chambres\/habitaciones-individuales\/\" \/>\n<meta property=\"og:site_name\" content=\"Hotel Asahi\" \/>\n<meta property=\"article:modified_time\" content=\"2025-07-25T11:04:04+00:00\" \/>\n<meta property=\"og:image\" content=\"http:\/\/hotel-asahi.com\/wp-content\/uploads\/EZ-Beitragsbild.jpg\" \/>\n\t<meta property=\"og:image:width\" content=\"250\" \/>\n\t<meta property=\"og:image:height\" content=\"146\" \/>\n\t<meta property=\"og:image:type\" content=\"image\/jpeg\" \/>\n<meta name=\"twitter:label1\" content=\"Dur\u00e9e de lecture estim\u00e9e\" \/>\n\t<meta name=\"twitter:data1\" content=\"1 minute\" \/>\n<script type=\"application\/ld+json\" class=\"yoast-schema-graph\">{\"@context\":\"https:\/\/schema.org\",\"@graph\":[{\"@type\":\"WebSite\",\"@id\":\"http:\/\/hotel-asahi.com\/fr\/#website\",\"url\":\"http:\/\/hotel-asahi.com\/fr\/\",\"name\":\"Hotel Asahi\",\"description\":\"Herzlich willkommen in D\u00fcsseldorf\",\"potentialAction\":[{\"@type\":\"SearchAction\",\"target\":{\"@type\":\"EntryPoint\",\"urlTemplate\":\"http:\/\/hotel-asahi.com\/fr\/?s={search_term_string}\"},\"query-input\":\"required name=search_term_string\"}],\"inLanguage\":\"fr-FR\"},{\"@type\":\"ImageObject\",\"@id\":\"http:\/\/hotel-asahi.com\/fr\/nos-chambres\/habitaciones-individuales\/#primaryimage\",\"inLanguage\":\"fr-FR\",\"url\":\"http:\/\/hotel-asahi.com\/wp-content\/uploads\/EZ-Beitragsbild.jpg\",\"contentUrl\":\"http:\/\/hotel-asahi.com\/wp-content\/uploads\/EZ-Beitragsbild.jpg\",\"width\":250,\"height\":146},{\"@type\":\"WebPage\",\"@id\":\"http:\/\/hotel-asahi.com\/fr\/nos-chambres\/habitaciones-individuales\/#webpage\",\"url\":\"http:\/\/hotel-asahi.com\/fr\/nos-chambres\/habitaciones-individuales\/\",\"name\":\"Chambres simples - Hotel Asahi\",\"isPartOf\":{\"@id\":\"http:\/\/hotel-asahi.com\/fr\/#website\"},\"primaryImageOfPage\":{\"@id\":\"http:\/\/hotel-asahi.com\/fr\/nos-chambres\/habitaciones-individuales\/#primaryimage\"},\"datePublished\":\"2013-11-22T08:51:24+00:00\",\"dateModified\":\"2025-07-25T11:04:04+00:00\",\"breadcrumb\":{\"@id\":\"http:\/\/hotel-asahi.com\/fr\/nos-chambres\/habitaciones-individuales\/#breadcrumb\"},\"inLanguage\":\"fr-FR\",\"potentialAction\":[{\"@type\":\"ReadAction\",\"target\":[\"http:\/\/hotel-asahi.com\/fr\/nos-chambres\/habitaciones-individuales\/\"]}]},{\"@type\":\"BreadcrumbList\",\"@id\":\"http:\/\/hotel-asahi.com\/fr\/nos-chambres\/habitaciones-individuales\/#breadcrumb\",\"itemListElement\":[{\"@type\":\"ListItem\",\"position\":1,\"name\":\"Home\",\"item\":\"http:\/\/hotel-asahi.com\/fr\/\"},{\"@type\":\"ListItem\",\"position\":2,\"name\":\"Nos chambres\",\"item\":\"http:\/\/hotel-asahi.com\/fr\/nos-chambres\/\"},{\"@type\":\"ListItem\",\"position\":3,\"name\":\"Chambres simples\"}]}]}<\/script>\n<!-- \/ Yoast SEO plugin. -->","yoast_head_json":{"title":"Chambres simples - Hotel Asahi","robots":{"index":"index","follow":"follow","max-snippet":"max-snippet:-1","max-image-preview":"max-image-preview:large","max-video-preview":"max-video-preview:-1"},"canonical":"http:\/\/hotel-asahi.com\/fr\/nos-chambres\/habitaciones-individuales\/","og_locale":"fr_FR","og_type":"article","og_title":"Chambres simples - Hotel Asahi","og_description":"Nos chambres simples ont chacune une superficie de 20 m\u00b2. Elles sont confortables et disposent d\u2019une belle salle de bain avec douche et toilette. Toutes les chambres simples sont \u00e9quip\u00e9es d\u2019un bureau, d\u2019un t\u00e9l\u00e9phone, d\u2019un TV \u00e0 \u00e9cran plat (t\u00e9l\u00e9vision satellite) et d\u2019un programme TV actuel, d\u2019un acc\u00e8s Wi-Fi gratuit, d\u2019un minibar, d\u2019un coffre-fort et [&hellip;]","og_url":"http:\/\/hotel-asahi.com\/fr\/nos-chambres\/habitaciones-individuales\/","og_site_name":"Hotel Asahi","article_modified_time":"2025-07-25T11:04:04+00:00","og_image":[{"width":250,"height":146,"url":"http:\/\/hotel-asahi.com\/wp-content\/uploads\/EZ-Beitragsbild.jpg","type":"image\/jpeg"}],"twitter_misc":{"Dur\u00e9e de lecture estim\u00e9e":"1 minute"},"schema":{"@context":"https:\/\/schema.org","@graph":[{"@type":"WebSite","@id":"http:\/\/hotel-asahi.com\/fr\/#website","url":"http:\/\/hotel-asahi.com\/fr\/","name":"Hotel Asahi","description":"Herzlich willkommen in D\u00fcsseldorf","potentialAction":[{"@type":"SearchAction","target":{"@type":"EntryPoint","urlTemplate":"http:\/\/hotel-asahi.com\/fr\/?s={search_term_string}"},"query-input":"required name=search_term_string"}],"inLanguage":"fr-FR"},{"@type":"ImageObject","@id":"http:\/\/hotel-asahi.com\/fr\/nos-chambres\/habitaciones-individuales\/#primaryimage","inLanguage":"fr-FR","url":"http:\/\/hotel-asahi.com\/wp-content\/uploads\/EZ-Beitragsbild.jpg","contentUrl":"http:\/\/hotel-asahi.com\/wp-content\/uploads\/EZ-Beitragsbild.jpg","width":250,"height":146},{"@type":"WebPage","@id":"http:\/\/hotel-asahi.com\/fr\/nos-chambres\/habitaciones-individuales\/#webpage","url":"http:\/\/hotel-asahi.com\/fr\/nos-chambres\/habitaciones-individuales\/","name":"Chambres simples - Hotel Asahi","isPartOf":{"@id":"http:\/\/hotel-asahi.com\/fr\/#website"},"primaryImageOfPage":{"@id":"http:\/\/hotel-asahi.com\/fr\/nos-chambres\/habitaciones-individuales\/#primaryimage"},"datePublished":"2013-11-22T08:51:24+00:00","dateModified":"2025-07-25T11:04:04+00:00","breadcrumb":{"@id":"http:\/\/hotel-asahi.com\/fr\/nos-chambres\/habitaciones-individuales\/#breadcrumb"},"inLanguage":"fr-FR","potentialAction":[{"@type":"ReadAction","target":["http:\/\/hotel-asahi.com\/fr\/nos-chambres\/habitaciones-individuales\/"]}]},{"@type":"BreadcrumbList","@id":"http:\/\/hotel-asahi.com\/fr\/nos-chambres\/habitaciones-individuales\/#breadcrumb","itemListElement":[{"@type":"ListItem","position":1,"name":"Home","item":"http:\/\/hotel-asahi.com\/fr\/"},{"@type":"ListItem","position":2,"name":"Nos chambres","item":"http:\/\/hotel-asahi.com\/fr\/nos-chambres\/"},{"@type":"ListItem","position":3,"name":"Chambres simples"}]}]}},"_links":{"self":[{"href":"http:\/\/hotel-asahi.com\/fr\/wp-json\/wp\/v2\/pages\/139"}],"collection":[{"href":"http:\/\/hotel-asahi.com\/fr\/wp-json\/wp\/v2\/pages"}],"about":[{"href":"http:\/\/hotel-asahi.com\/fr\/wp-json\/wp\/v2\/types\/page"}],"author":[{"embeddable":true,"href":"http:\/\/hotel-asahi.com\/fr\/wp-json\/wp\/v2\/users\/2"}],"replies":[{"embeddable":true,"href":"http:\/\/hotel-asahi.com\/fr\/wp-json\/wp\/v2\/comments?post=139"}],"version-history":[{"count":11,"href":"http:\/\/hotel-asahi.com\/fr\/wp-json\/wp\/v2\/pages\/139\/revisions"}],"predecessor-version":[{"id":2601,"href":"http:\/\/hotel-asahi.com\/fr\/wp-json\/wp\/v2\/pages\/139\/revisions\/2601"}],"up":[{"embeddable":true,"href":"http:\/\/hotel-asahi.com\/fr\/wp-json\/wp\/v2\/pages\/104"}],"wp:featuredmedia":[{"embeddable":true,"href":"http:\/\/hotel-asahi.com\/fr\/wp-json\/wp\/v2\/media\/1475"}],"wp:attachment":[{"href":"http:\/\/hotel-asahi.com\/fr\/wp-json\/wp\/v2\/media?parent=139"}],"curies":[{"name":"wp","href":"https:\/\/api.w.org\/{rel}","templated":true}]}}