{"id":104,"date":"2013-11-22T09:35:33","date_gmt":"2013-11-22T08:35:33","guid":{"rendered":"http:\/\/www.hotel-asahi.com\/?page_id=104"},"modified":"2025-07-25T13:06:32","modified_gmt":"2025-07-25T11:06:32","slug":"nos-chambres","status":"publish","type":"page","link":"http:\/\/hotel-asahi.com\/fr\/nos-chambres\/","title":{"rendered":"Nos chambres"},"content":{"rendered":"<p>L\u2019h\u00f4tel Asahi vous propose 73 chambres modernes, des suites, des appartements et des \u00abPenthouse\u00bb. L\u2019am\u00e9nagement individuel et l\u2019atmosph\u00e8re accueillante vous garantissent un s\u00e9jour agr\u00e9able. Toutes les chambres sont \u00e9quip\u00e9es d\u2019un bureau, d\u2019un t\u00e9l\u00e9phone, d\u2019un TV \u00e0 \u00e9cran plat (t\u00e9l\u00e9vision satellite) et d\u2019un programme TV actuel, d\u2019un acc\u00e8s Wi-Fi gratuit, d\u2019un minibar, d\u2019un coffre-fort.<\/p>\n<p>Vous y trouverez \u00e9galement des petits extras comme des pantoufles confortables, un miroir de maquillage, un s\u00e8che-cheveux et un p\u00e8se-personne dans la salle de bain, une planche \/ un fer \u00e0 repasser et une bouilloire avec th\u00e9 et caf\u00e9.<\/p>\n<ul>\n<li><a title=\"Chambres Simples\" href=\"\/fr\/nos-chambres\/habitaciones-individuales\/\">Chambres simples<\/a><\/li>\n<li><a title=\"Chambres Doubles\" href=\"\/fr\/nos-chambres\/chambres-doubles\/\">Chambres doubles<\/a><\/li>\n<li><a title=\"Appartements\" href=\"\/fr\/nos-chambres\/appartements\/\">Appartements<\/a><\/li>\n<li><a title=\"Suites Junior\" href=\"\/fr\/nos-chambres\/suites-junior\/\">Suites Junior<\/a><\/li>\n<\/ul>\n","protected":false},"excerpt":{"rendered":"<p>L\u2019h\u00f4tel Asahi vous propose 73 chambres modernes, des suites, des appartements et des \u00abPenthouse\u00bb. L\u2019am\u00e9nagement individuel et l\u2019atmosph\u00e8re accueillante vous garantissent un s\u00e9jour agr\u00e9able. Toutes les chambres sont \u00e9quip\u00e9es d\u2019un bureau, d\u2019un t\u00e9l\u00e9phone, d\u2019un TV \u00e0 \u00e9cran plat (t\u00e9l\u00e9vision satellite) et d\u2019un programme TV actuel, d\u2019un acc\u00e8s Wi-Fi gratuit, d\u2019un minibar, d\u2019un coffre-fort. Vous y [&hellip;]<\/p>\n","protected":false},"author":2,"featured_media":0,"parent":0,"menu_order":0,"comment_status":"closed","ping_status":"open","template":"","meta":[],"yoast_head":"<!-- This site is optimized with the Yoast SEO plugin v18.5.1 - https:\/\/yoast.com\/wordpress\/plugins\/seo\/ -->\n<title>Nos chambres - Hotel Asahi<\/title>\n<meta name=\"robots\" content=\"index, follow, max-snippet:-1, max-image-preview:large, max-video-preview:-1\" \/>\n<link rel=\"canonical\" href=\"http:\/\/hotel-asahi.com\/fr\/nos-chambres\/\" \/>\n<meta property=\"og:locale\" content=\"fr_FR\" \/>\n<meta property=\"og:type\" content=\"article\" \/>\n<meta property=\"og:title\" content=\"Nos chambres - Hotel Asahi\" \/>\n<meta property=\"og:description\" content=\"L\u2019h\u00f4tel Asahi vous propose 73 chambres modernes, des suites, des appartements et des \u00abPenthouse\u00bb. L\u2019am\u00e9nagement individuel et l\u2019atmosph\u00e8re accueillante vous garantissent un s\u00e9jour agr\u00e9able. Toutes les chambres sont \u00e9quip\u00e9es d\u2019un bureau, d\u2019un t\u00e9l\u00e9phone, d\u2019un TV \u00e0 \u00e9cran plat (t\u00e9l\u00e9vision satellite) et d\u2019un programme TV actuel, d\u2019un acc\u00e8s Wi-Fi gratuit, d\u2019un minibar, d\u2019un coffre-fort. Vous y [&hellip;]\" \/>\n<meta property=\"og:url\" content=\"http:\/\/hotel-asahi.com\/fr\/nos-chambres\/\" \/>\n<meta property=\"og:site_name\" content=\"Hotel Asahi\" \/>\n<meta property=\"article:modified_time\" content=\"2025-07-25T11:06:32+00:00\" \/>\n<meta name=\"twitter:label1\" content=\"Dur\u00e9e de lecture estim\u00e9e\" \/>\n\t<meta name=\"twitter:data1\" content=\"1 minute\" \/>\n<script type=\"application\/ld+json\" class=\"yoast-schema-graph\">{\"@context\":\"https:\/\/schema.org\",\"@graph\":[{\"@type\":\"WebSite\",\"@id\":\"http:\/\/hotel-asahi.com\/fr\/#website\",\"url\":\"http:\/\/hotel-asahi.com\/fr\/\",\"name\":\"Hotel Asahi\",\"description\":\"Herzlich willkommen in D\u00fcsseldorf\",\"potentialAction\":[{\"@type\":\"SearchAction\",\"target\":{\"@type\":\"EntryPoint\",\"urlTemplate\":\"http:\/\/hotel-asahi.com\/fr\/?s={search_term_string}\"},\"query-input\":\"required name=search_term_string\"}],\"inLanguage\":\"fr-FR\"},{\"@type\":\"WebPage\",\"@id\":\"http:\/\/hotel-asahi.com\/fr\/nos-chambres\/#webpage\",\"url\":\"http:\/\/hotel-asahi.com\/fr\/nos-chambres\/\",\"name\":\"Nos chambres - Hotel Asahi\",\"isPartOf\":{\"@id\":\"http:\/\/hotel-asahi.com\/fr\/#website\"},\"datePublished\":\"2013-11-22T08:35:33+00:00\",\"dateModified\":\"2025-07-25T11:06:32+00:00\",\"breadcrumb\":{\"@id\":\"http:\/\/hotel-asahi.com\/fr\/nos-chambres\/#breadcrumb\"},\"inLanguage\":\"fr-FR\",\"potentialAction\":[{\"@type\":\"ReadAction\",\"target\":[\"http:\/\/hotel-asahi.com\/fr\/nos-chambres\/\"]}]},{\"@type\":\"BreadcrumbList\",\"@id\":\"http:\/\/hotel-asahi.com\/fr\/nos-chambres\/#breadcrumb\",\"itemListElement\":[{\"@type\":\"ListItem\",\"position\":1,\"name\":\"Home\",\"item\":\"http:\/\/hotel-asahi.com\/fr\/\"},{\"@type\":\"ListItem\",\"position\":2,\"name\":\"Nos chambres\"}]}]}<\/script>\n<!-- \/ Yoast SEO plugin. -->","yoast_head_json":{"title":"Nos chambres - Hotel Asahi","robots":{"index":"index","follow":"follow","max-snippet":"max-snippet:-1","max-image-preview":"max-image-preview:large","max-video-preview":"max-video-preview:-1"},"canonical":"http:\/\/hotel-asahi.com\/fr\/nos-chambres\/","og_locale":"fr_FR","og_type":"article","og_title":"Nos chambres - Hotel Asahi","og_description":"L\u2019h\u00f4tel Asahi vous propose 73 chambres modernes, des suites, des appartements et des \u00abPenthouse\u00bb. L\u2019am\u00e9nagement individuel et l\u2019atmosph\u00e8re accueillante vous garantissent un s\u00e9jour agr\u00e9able. Toutes les chambres sont \u00e9quip\u00e9es d\u2019un bureau, d\u2019un t\u00e9l\u00e9phone, d\u2019un TV \u00e0 \u00e9cran plat (t\u00e9l\u00e9vision satellite) et d\u2019un programme TV actuel, d\u2019un acc\u00e8s Wi-Fi gratuit, d\u2019un minibar, d\u2019un coffre-fort. Vous y [&hellip;]","og_url":"http:\/\/hotel-asahi.com\/fr\/nos-chambres\/","og_site_name":"Hotel Asahi","article_modified_time":"2025-07-25T11:06:32+00:00","twitter_misc":{"Dur\u00e9e de lecture estim\u00e9e":"1 minute"},"schema":{"@context":"https:\/\/schema.org","@graph":[{"@type":"WebSite","@id":"http:\/\/hotel-asahi.com\/fr\/#website","url":"http:\/\/hotel-asahi.com\/fr\/","name":"Hotel Asahi","description":"Herzlich willkommen in D\u00fcsseldorf","potentialAction":[{"@type":"SearchAction","target":{"@type":"EntryPoint","urlTemplate":"http:\/\/hotel-asahi.com\/fr\/?s={search_term_string}"},"query-input":"required name=search_term_string"}],"inLanguage":"fr-FR"},{"@type":"WebPage","@id":"http:\/\/hotel-asahi.com\/fr\/nos-chambres\/#webpage","url":"http:\/\/hotel-asahi.com\/fr\/nos-chambres\/","name":"Nos chambres - Hotel Asahi","isPartOf":{"@id":"http:\/\/hotel-asahi.com\/fr\/#website"},"datePublished":"2013-11-22T08:35:33+00:00","dateModified":"2025-07-25T11:06:32+00:00","breadcrumb":{"@id":"http:\/\/hotel-asahi.com\/fr\/nos-chambres\/#breadcrumb"},"inLanguage":"fr-FR","potentialAction":[{"@type":"ReadAction","target":["http:\/\/hotel-asahi.com\/fr\/nos-chambres\/"]}]},{"@type":"BreadcrumbList","@id":"http:\/\/hotel-asahi.com\/fr\/nos-chambres\/#breadcrumb","itemListElement":[{"@type":"ListItem","position":1,"name":"Home","item":"http:\/\/hotel-asahi.com\/fr\/"},{"@type":"ListItem","position":2,"name":"Nos chambres"}]}]}},"_links":{"self":[{"href":"http:\/\/hotel-asahi.com\/fr\/wp-json\/wp\/v2\/pages\/104"}],"collection":[{"href":"http:\/\/hotel-asahi.com\/fr\/wp-json\/wp\/v2\/pages"}],"about":[{"href":"http:\/\/hotel-asahi.com\/fr\/wp-json\/wp\/v2\/types\/page"}],"author":[{"embeddable":true,"href":"http:\/\/hotel-asahi.com\/fr\/wp-json\/wp\/v2\/users\/2"}],"replies":[{"embeddable":true,"href":"http:\/\/hotel-asahi.com\/fr\/wp-json\/wp\/v2\/comments?post=104"}],"version-history":[{"count":12,"href":"http:\/\/hotel-asahi.com\/fr\/wp-json\/wp\/v2\/pages\/104\/revisions"}],"predecessor-version":[{"id":2605,"href":"http:\/\/hotel-asahi.com\/fr\/wp-json\/wp\/v2\/pages\/104\/revisions\/2605"}],"wp:attachment":[{"href":"http:\/\/hotel-asahi.com\/fr\/wp-json\/wp\/v2\/media?parent=104"}],"curies":[{"name":"wp","href":"https:\/\/api.w.org\/{rel}","templated":true}]}}