{"id":809,"date":"2013-12-05T14:39:09","date_gmt":"2013-12-05T13:39:09","guid":{"rendered":"http:\/\/www.hotel-asahi.com\/?page_id=809"},"modified":"2016-10-13T12:04:33","modified_gmt":"2016-10-13T10:04:33","slug":"dusseldorf","status":"publish","type":"page","link":"http:\/\/hotel-asahi.com\/es\/dusseldorf\/","title":{"rendered":"Dusseldorf y sus alrededores"},"content":{"rendered":"<div class=\"su-accordion su-u-trim\">\n<div class=\"su-spoiler su-spoiler-style-fancy su-spoiler-icon-plus\" data-scroll-offset=\"0\" data-anchor-in-url=\"no\"><div class=\"su-spoiler-title\" tabindex=\"0\" role=\"button\"><span class=\"su-spoiler-icon\"><\/span>Barrio japon\u00e9s<\/div><div class=\"su-spoiler-content su-u-clearfix su-u-trim\">\nD\u00fcsseldorf es, tras Londres y Par\u00eds, la tercera mayor comunidad japonesa en Europa. Comerciantes japoneses y sus familias fueron los pioneros en este desarrollo que ha tenido lugar en las \u00faltimas seis d\u00e9cadas. Poco a poco, la infraestructura t\u00edpica comenz\u00f3 a surgir: los bancos minoristas, m\u00e9dicos, transportistas, aseguradoras, la industria y el comercio, as\u00ed como el consulado general. De 500 empresas japonesas en NRW hoy se encuentran 412 en D\u00fcsseldorf.<br \/>\nEste bullicioso distrito cuenta con numerosos supermercados japoneses, librer\u00edas y mucho m\u00e1s. \u00a1D\u00e9jese llevar por \u00bb la capital de Jap\u00f3n en el Rin\u201c!<br \/>\n<\/div><\/div>\n<div class=\"su-spoiler su-spoiler-style-fancy su-spoiler-icon-plus su-spoiler-closed\" data-scroll-offset=\"0\" data-anchor-in-url=\"no\"><div class=\"su-spoiler-title\" tabindex=\"0\" role=\"button\"><span class=\"su-spoiler-icon\"><\/span>Jard\u00edn japon\u00e9s<\/div><div class=\"su-spoiler-content su-u-clearfix su-u-trim\">\nLa convivencia entre el japon\u00e9s y el nacido en D\u00fcsseldorf es cada vez m\u00e1s estrecha y ha asumido desde hace tiempo un car\u00e1cter amigable. Como signo de especial cercan\u00eda la asociaci\u00f3n \u00bb Jard\u00edn japon\u00e9s en D\u00fcsseldorf \u00bb fundada por empresas japonesas y la comunidad japonesa le regal\u00f3 a la poblaci\u00f3n de D\u00fcsseldorf el Jard\u00edn Japon\u00e9s.<\/p>\n<p>La instalaci\u00f3n de 5.000 metros cuadrados en el Nordpark, para la que entonces se gastaron 1,8 millones de marcos, ha sido durante mucho tiempo uno de los lugares favoritos de D\u00fcsseldorf. Un sendero conduce a los excursionistas a trav\u00e9s del parque, que se corresponde con el tipo de jard\u00edn de estanques y tambi\u00e9n se conoce como un parque de diversiones. Como \u00abJard\u00edn de la meditaci\u00f3n\u00bb sirve como refugio en nuestra vibrante ciudad.<br \/>\n<\/div><\/div>\n<div class=\"su-spoiler su-spoiler-style-fancy su-spoiler-icon-plus su-spoiler-closed\" data-scroll-offset=\"0\" data-anchor-in-url=\"no\"><div class=\"su-spoiler-title\" tabindex=\"0\" role=\"button\"><span class=\"su-spoiler-icon\"><\/span>D\u00eda de Jap\u00f3n <\/div><div class=\"su-spoiler-content su-u-clearfix su-u-trim\">\nDesde el a\u00f1o 2002 regularmente en la ciudad de D\u00fcsseldorf en mayo y junio, tiene lugar el D\u00eda de Jap\u00f3n. Se ha convertido en uno de los eventos m\u00e1s populares de D\u00fcsseldorf. Como parte de un festival de encuentro germano- japon\u00e9s, la vida japonesa en D\u00fcsseldorf acerca a los visitantes la cultura de su tierra natal. Accesorios del kimono, la caligraf\u00eda, grupos samur\u00e1i y grupos de m\u00fasica son algunos de los aspectos m\u00e1s destacados. El toque final es tradicionalmente los grandes fuegos artificiales japoneses, sobre todo con un pirot\u00e9cnico que viene de Jap\u00f3n para los fuegos artificiales especiales.<br \/>\n<\/div><\/div>\n<div class=\"su-spoiler su-spoiler-style-fancy su-spoiler-icon-plus su-spoiler-closed\" data-scroll-offset=\"0\" data-anchor-in-url=\"no\"><div class=\"su-spoiler-title\" tabindex=\"0\" role=\"button\"><span class=\"su-spoiler-icon\"><\/span>El castillo Benrath<\/div><div class=\"su-spoiler-content su-u-clearfix su-u-trim\">\nEl castillo Benrath rural est\u00e1 situado en Benrath aproximadamente a 12 km del centro de D\u00fcsseldorf, y fue encargado por el pr\u00edncipe elector Carl Theodor von Pfalz \u2013 Sulzbach. El arquitecto Nicol\u00e1s de Pigage dise\u00f1\u00f3 el castillo Benrath al estilo franc\u00e9s. La Maison de Plaisance se complet\u00f3 en 1770, que marca el cl\u00edmax del tipo de edificio desarrollado en Francia, el palacio de recreo se\u00f1orial en el pa\u00eds.<\/p>\n<p>El complejo consta de la sala de estar, el Corps de Logis, que est\u00e1 flanqueado por dos alas y dos portales. De acuerdo con un palacio de recreo, la arquitectura del palacio y los jardines estaban relacionados entre s\u00ed. Castillo, jard\u00edn, parque de caza y plantas de agua forman una unidad formal y funcional.<\/p>\n<p>Hoy en d\u00eda el castillo Benrath alberga varios museos. El corps de Logis se puede visitar con visitas guiadas. Adem\u00e1s, eventos musicales regulares se llevan a cabo y hay exposiciones temporales. El ala este aloja el Museo de arte de jardiner\u00eda europea y el Ala oeste, el Museo de historia natural. En 1996, todo el complejo del castillo fue declarado monumento Nacional por la ciudad de D\u00fcsseldorf.<br \/>\nDesde el hotel Asahi se puede llegar a Benrath f\u00e1cilmente en unos 15 minutos en coche.<br \/>\n<\/div><\/div>\n<div class=\"su-spoiler su-spoiler-style-fancy su-spoiler-icon-plus su-spoiler-closed\" data-scroll-offset=\"0\" data-anchor-in-url=\"no\"><div class=\"su-spoiler-title\" tabindex=\"0\" role=\"button\"><span class=\"su-spoiler-icon\"><\/span>MedienHafen<\/div><div class=\"su-spoiler-content su-u-clearfix su-u-trim\">\nLa \u201eArchitekturmeile\u201d de D\u00fcsseldorf hace una d\u00e9cada a\u00fan se caracterizaba por dep\u00f3sitos vac\u00edos y desagradables del viejo puerto del Rin. Con mucho cuidado, la zona se ha revitalizado y ahora brilla con nuevo esplendor desde entonces. Arquitectos de renombre se les permiti\u00f3 dejar volar su creatividad libremente. El conjunto m\u00e1s conocido son probablemente los edificios de Gehry. Se les considera como un nuevo hito de D\u00fcsseldorf y forman el n\u00facleo arquitect\u00f3nico del puerto Medienhafens de D\u00fcsseldorf. Dise\u00f1ado por el arquitecto estadounidense, el edificio fue terminado en 1999. Por las piezas de construcci\u00f3n de mucho contraste dise\u00f1adas y la selecci\u00f3n de diferentes materiales, todo el conjunto parece una escultura gigante.<\/p>\n<p>Sin embargo, el \u00e1rea ha conservado su car\u00e1cter de puerto. Almacenes, muros de muelle, escaleras, bolardos de hierro fundido, sistemas de seguimiento, gr\u00faas y barandillas de hierro forjado est\u00e1n en la lista. En los almacenes reformados, se encuentran empresas modernas de hoy, que ofrecen una variedad de servicios y beneficios con una atm\u00f3sfera \u00fanica de trabajo sobre el agua y que aprovechan de la imagen del MedienHafen.<\/p>\n<p>En cuanto a la \u00abcocina\u00bb del MedienHafen, \u00e9sta tiene mucho que ofrecer. La diversidad abarca desde la salchicha hasta un local de tenedor. Los empleados de las empresas locales disfrutan de un almuerzo con una r\u00e1pida comida de negocios, por la noche haya un p\u00fablico hippy para un acogedor c\u00f3ctel en los clubs de moda antes de que se haga fiesta por la noche.<br \/>\n<\/div><\/div>\n<div class=\"su-spoiler su-spoiler-style-fancy su-spoiler-icon-plus su-spoiler-closed\" data-scroll-offset=\"0\" data-anchor-in-url=\"no\"><div class=\"su-spoiler-title\" tabindex=\"0\" role=\"button\"><span class=\"su-spoiler-icon\"><\/span>Compras<\/div><div class=\"su-spoiler-content su-u-clearfix su-u-trim\">\nD\u00fcsseldorf es una de las metr\u00f3polis m\u00e1s conocidas de la moda y por las compras en el mundo. El centro de las tiendas de lujo est\u00e1 situado en el bulevar K\u00f6nigsallee, en el centro de la ciudad. Hay una marca de lujo despu\u00e9s de otra y se agolpan cada vez casas de moda m\u00e1s prestigiosas en el K\u00f6nigsallee, el cual justificar\u00e1 sin duda su imagen de exclusividad.<\/p>\n<p>Tambi\u00e9n hay en los centros comerciales en la K\u00f6nigsallee amplios y exclusivos, como el K\u00f6 -Galerie, el Stilwerk y Sevens. Aquellos que busquen un descanso de las compras, encontrar\u00e1n en los numerosos caf\u00e9s y restaurantes siempre un lugar desde donde ver la variedad de actividades. La Prachtstra\u00dfe es tambi\u00e9n la mayor pasarela de la ciudad, donde los ricos y guapos presentan las \u00faltimas tendencias de la moda al p\u00fablico. A los bulevares le da un toque especial el K\u00f6-Graben bordeado con \u00e1rboles, con sus puentes y sus fuentes.<\/p>\n<p>D\u00fcsseldorf ofrece, adem\u00e1s de la K\u00f6nigsallee, una nueva zona comercial. La Schadowstra\u00dfe es una de las calles comerciales m\u00e1s concurridas de Alemania y est\u00e1 en la ciudad vieja junto a las cadenas de moda como H &amp; M, Zara, Esprit, etc\u2026, boutiques peque\u00f1as con forma individual.<br \/>\nAdem\u00e1s, ha desarrollado barrios creativos como Flingern-Nord, donde la escena creativa joven ha abierto peque\u00f1as tiendas de moda.<br \/>\n<\/div><\/div>\n<div class=\"su-spoiler su-spoiler-style-fancy su-spoiler-icon-plus su-spoiler-closed\" data-scroll-offset=\"0\" data-anchor-in-url=\"no\"><div class=\"su-spoiler-title\" tabindex=\"0\" role=\"button\"><span class=\"su-spoiler-icon\"><\/span>Ciudades cercanas<\/div><div class=\"su-spoiler-content su-u-clearfix su-u-trim\">\n<b>Colonia \u2028<\/b>es la ciudad m\u00e1s grande de Renania del Norte- Westfalia y tras Berl\u00edn, Hamburgo y M\u00fanich, la cuarta ciudad m\u00e1s grande de Alemania. Fundada por los romanos, Colonia tiene 2.000 a\u00f1os de historia que se pueden revivir todav\u00eda hoy en la ciudad. El monumento m\u00e1s famoso de la ciudad es la catedral y es un absoluto \u00abhay que ver\u201c. Adem\u00e1s, Colonia cuenta con una vibrante escena cultural y es conocida por sus eventos de importancia internacional.<\/p>\n<p><b>Oberhausen \u2028<\/b>est\u00e1 en la Cuenca del Ruhr, y se trata de una transformaci\u00f3n estructural exitosa de una fortaleza industrial para el servicio y la ubicaci\u00f3n del turismo. Por medidas f\u00edsicas y la inversi\u00f3n en infraestructura, la \u00abNeue Mitte Oberhausen,\u00bb se ha desarrollado, cuyo n\u00facleo es el centro comercial m\u00e1s grande de Europa, el CentrO. El antiguo gas\u00f3metro es otro punto de inter\u00e9s de la ciudad, en el que exposiciones y eventos se llevan a cabo regularmente.<\/p>\n<p><b>Neuss <\/b>est\u00e1 situada en el lado opuesto del Rin desde la ciudad de D\u00fcsseldorf y es conocida especialmente por su potente puerto en la actualidad. Debido a su ubicaci\u00f3n en varios cursos de agua (Rin, Erft, Rhur) ya los romanos construyeron una primera fortificaci\u00f3n, lo que hace de Neuss una de las ciudades m\u00e1s antiguas de Alemania.<br \/>\n<\/div><\/div>\n<div class=\"su-spoiler su-spoiler-style-fancy su-spoiler-icon-plus su-spoiler-closed\" data-scroll-offset=\"0\" data-anchor-in-url=\"no\"><div class=\"su-spoiler-title\" tabindex=\"0\" role=\"button\"><span class=\"su-spoiler-icon\"><\/span>Movilidad en D\u00fcsseldorf<\/div><div class=\"su-spoiler-content su-u-clearfix su-u-trim\">\n<b>El ferrocarril del Rin <\/b> es la empresa de transporte de D\u00fcsseldorf y ofrece a sus pasajeros m\u00e1s de 700 autobuses y trenes en aprox. 100 l\u00edneas. El ferrocarril del Rin est\u00e1 conectado a la asociaci\u00f3n de transporte Rin-Ruhr, de modo que los cercan\u00edas y los trenes regionales de la Deutsche Bahn se pueden utilizar. Los horarios los puede conseguir en el sitio web del Rin Railway (www.rheinbahn.de).<br \/>\nAcerca de la estaci\u00f3n central de D\u00fcsseldorf y las numerosas paradas, la ciudad est\u00e1 conectada a la red nacional de ferrocarriles <b>Deutsche Bahn<\/b>. Se garantizan las conexiones muy r\u00e1pido con las ciudades en el pa\u00eds y en el extranjero. Informaci\u00f3n sobre horarios y reservas de entradas se pueden hacer en el sitio web de Deutsche Bahn.<br \/>\n.<\/p>\n<p><b>Bicicleta<\/b><br \/>\nLas bajas inclinaci\u00f3nes y caminos cortos en D\u00fcsseldorf ofrecen a los ciclistas condiciones ideales. Por lo tanto, lugares de inter\u00e9s, atracciones, instalaciones culturales y sociales son f\u00e1cil y r\u00e1pidamente accesibles en bicicleta sin problemas de aparcamiento. La ciudad de D\u00fcsseldorf ofrece en su sitio web una gran cantidad de informaci\u00f3n y consejos para ciclistas y la bicicleta y con el planificador de rutas NRW (www.radroutenplaner.nrw.de) puede seleccionar las mejores rutas.<\/p>\n<p><b>Coche<\/b><br \/>\n\u00bfPodr\u00eda pasar apuros a trav\u00e9s de la ciudad o en la b\u00fasqueda de un estacionamiento? Antes de aventurarse el s\u00e1bado en coche hasta el centro de la ciudad, debe informarse acerca de la situaci\u00f3n actual del tr\u00e1fico. Para obtener m\u00e1s informaci\u00f3n sobre el aparcamiento en D\u00fcsseldorf, la utilizaci\u00f3n de estacionamiento (tambi\u00e9n disponible a trav\u00e9s del tel\u00e9fono m\u00f3vil), los sitios en obras y los lugares de los sistemas de seguimiento le mostrar\u00e1 la informaci\u00f3n del tr\u00e1fico por la Oficina de Gesti\u00f3n de Transporte (www.duesseldorf.de\/verkehrsmanagement)..<\/p>\n<p><b>Taxi\u2028<\/b><br \/>\nUsted lo necesitar\u00e1 despu\u00e9s de la fiesta, antes de las vacaciones y cada vez que tenga o que quiera dejar el coche en casa: los taxis son a veces indispensables. En http:\/\/www.duesseldorf.de\/unterwegs\/in_dus\/index.shtml podr\u00e1 encontrar los n\u00fameros de taxi y las tarifas..<\/p>\n<p><b>Aeropuerto\u2028<\/b><br \/>\nEl aeropuerto de D\u00fcsseldorf es el tercer aeropuerto m\u00e1s grande de Alemania y el principal centro internacional en NRW. Anualmente despegan y aterrizan aqu\u00ed m\u00e1s de 16 millones de pasajeros. Las horas de llegada y salida las puede ver en la p\u00e1gina web del Aeropuerto de D\u00fcsseldorf (www.dus.com). Con su propia estaci\u00f3n de tren, el aeropuerto est\u00e1 muy bien conectado con la red ferroviaria regional y nacional<br \/>\n<\/div><\/div>\n<div class=\"su-spoiler su-spoiler-style-fancy su-spoiler-icon-plus su-spoiler-closed\" data-scroll-offset=\"0\" data-anchor-in-url=\"no\"><div class=\"su-spoiler-title\" tabindex=\"0\" role=\"button\"><span class=\"su-spoiler-icon\"><\/span>Arte y cultura en D\u00fcsseldorf<\/div><div class=\"su-spoiler-content su-u-clearfix su-u-trim\">\n<p>Las artes y la escena cultural en D\u00fcsseldorf tienen mucho que ofrecer a los visitantes. Estos van desde lo cl\u00e1sico a lo moderno, desde la \u00f3pera y el teatro a trav\u00e9s de los conciertos pop. Muchos museos exhiben obras del pasado, as\u00ed como a artistas contempor\u00e1neos. La mundialmente famosa Academia de Arte de D\u00fcsseldorf abre sus puertas una vez al a\u00f1o durante varios d\u00edas y ofrece a los estudiantes la oportunidad de presentar sus obras al p\u00fablico.<\/p>\n<p>Las ra\u00edces de D\u00fcsseldorf van lejos como ciudad de arte: hace m\u00e1s de 300 a\u00f1os el pr\u00edncipe elector Jan Wellern de D\u00fcsseldorf introdujo el desarrollo a una ciudad moderna y construy\u00f3 con su segunda esposa Anna Maria Luisa de`Medici, una colecci\u00f3n de arte significativa. Esto sent\u00f3 las bases para la reputaci\u00f3n de D\u00fcsseldorf como centro cultural de Europa. Hoy la ciudad en 26 museos y 100 galer\u00edas ofrece al visitante una gran variedad de exposiciones y una escena cultural vibrante. Entre los museos m\u00e1s famosos se incluyen la Colecci\u00f3n de Arte de Renania del Norte &#8211; Westfalia y el museo Kunst Palast.<br \/>\n<\/div><\/div>\n<\/div>\n","protected":false},"excerpt":{"rendered":"","protected":false},"author":2,"featured_media":0,"parent":0,"menu_order":0,"comment_status":"closed","ping_status":"closed","template":"","meta":[],"yoast_head":"<!-- This site is optimized with the Yoast SEO plugin v18.5.1 - https:\/\/yoast.com\/wordpress\/plugins\/seo\/ -->\n<title>Dusseldorf y sus alrededores - Hotel Asahi<\/title>\n<meta name=\"robots\" content=\"index, follow, max-snippet:-1, max-image-preview:large, max-video-preview:-1\" \/>\n<link rel=\"canonical\" href=\"http:\/\/hotel-asahi.com\/es\/dusseldorf\/\" \/>\n<meta property=\"og:locale\" content=\"es_ES\" \/>\n<meta property=\"og:type\" content=\"article\" \/>\n<meta property=\"og:title\" content=\"Dusseldorf y sus alrededores - Hotel Asahi\" \/>\n<meta property=\"og:url\" content=\"http:\/\/hotel-asahi.com\/es\/dusseldorf\/\" \/>\n<meta property=\"og:site_name\" content=\"Hotel Asahi\" \/>\n<meta property=\"article:modified_time\" content=\"2016-10-13T10:04:33+00:00\" \/>\n<meta name=\"twitter:label1\" content=\"Tiempo de lectura\" \/>\n\t<meta name=\"twitter:data1\" content=\"10 minutos\" \/>\n<script type=\"application\/ld+json\" class=\"yoast-schema-graph\">{\"@context\":\"https:\/\/schema.org\",\"@graph\":[{\"@type\":\"WebSite\",\"@id\":\"http:\/\/hotel-asahi.com\/es\/#website\",\"url\":\"http:\/\/hotel-asahi.com\/es\/\",\"name\":\"Hotel Asahi\",\"description\":\"Herzlich willkommen in D\u00fcsseldorf\",\"potentialAction\":[{\"@type\":\"SearchAction\",\"target\":{\"@type\":\"EntryPoint\",\"urlTemplate\":\"http:\/\/hotel-asahi.com\/es\/?s={search_term_string}\"},\"query-input\":\"required name=search_term_string\"}],\"inLanguage\":\"es\"},{\"@type\":\"WebPage\",\"@id\":\"http:\/\/hotel-asahi.com\/es\/dusseldorf\/#webpage\",\"url\":\"http:\/\/hotel-asahi.com\/es\/dusseldorf\/\",\"name\":\"Dusseldorf y sus alrededores - Hotel Asahi\",\"isPartOf\":{\"@id\":\"http:\/\/hotel-asahi.com\/es\/#website\"},\"datePublished\":\"2013-12-05T13:39:09+00:00\",\"dateModified\":\"2016-10-13T10:04:33+00:00\",\"breadcrumb\":{\"@id\":\"http:\/\/hotel-asahi.com\/es\/dusseldorf\/#breadcrumb\"},\"inLanguage\":\"es\",\"potentialAction\":[{\"@type\":\"ReadAction\",\"target\":[\"http:\/\/hotel-asahi.com\/es\/dusseldorf\/\"]}]},{\"@type\":\"BreadcrumbList\",\"@id\":\"http:\/\/hotel-asahi.com\/es\/dusseldorf\/#breadcrumb\",\"itemListElement\":[{\"@type\":\"ListItem\",\"position\":1,\"name\":\"Home\",\"item\":\"http:\/\/hotel-asahi.com\/es\/\"},{\"@type\":\"ListItem\",\"position\":2,\"name\":\"Dusseldorf y sus alrededores\"}]}]}<\/script>\n<!-- \/ Yoast SEO plugin. -->","yoast_head_json":{"title":"Dusseldorf y sus alrededores - Hotel Asahi","robots":{"index":"index","follow":"follow","max-snippet":"max-snippet:-1","max-image-preview":"max-image-preview:large","max-video-preview":"max-video-preview:-1"},"canonical":"http:\/\/hotel-asahi.com\/es\/dusseldorf\/","og_locale":"es_ES","og_type":"article","og_title":"Dusseldorf y sus alrededores - Hotel Asahi","og_url":"http:\/\/hotel-asahi.com\/es\/dusseldorf\/","og_site_name":"Hotel Asahi","article_modified_time":"2016-10-13T10:04:33+00:00","twitter_misc":{"Tiempo de lectura":"10 minutos"},"schema":{"@context":"https:\/\/schema.org","@graph":[{"@type":"WebSite","@id":"http:\/\/hotel-asahi.com\/es\/#website","url":"http:\/\/hotel-asahi.com\/es\/","name":"Hotel Asahi","description":"Herzlich willkommen in D\u00fcsseldorf","potentialAction":[{"@type":"SearchAction","target":{"@type":"EntryPoint","urlTemplate":"http:\/\/hotel-asahi.com\/es\/?s={search_term_string}"},"query-input":"required name=search_term_string"}],"inLanguage":"es"},{"@type":"WebPage","@id":"http:\/\/hotel-asahi.com\/es\/dusseldorf\/#webpage","url":"http:\/\/hotel-asahi.com\/es\/dusseldorf\/","name":"Dusseldorf y sus alrededores - Hotel Asahi","isPartOf":{"@id":"http:\/\/hotel-asahi.com\/es\/#website"},"datePublished":"2013-12-05T13:39:09+00:00","dateModified":"2016-10-13T10:04:33+00:00","breadcrumb":{"@id":"http:\/\/hotel-asahi.com\/es\/dusseldorf\/#breadcrumb"},"inLanguage":"es","potentialAction":[{"@type":"ReadAction","target":["http:\/\/hotel-asahi.com\/es\/dusseldorf\/"]}]},{"@type":"BreadcrumbList","@id":"http:\/\/hotel-asahi.com\/es\/dusseldorf\/#breadcrumb","itemListElement":[{"@type":"ListItem","position":1,"name":"Home","item":"http:\/\/hotel-asahi.com\/es\/"},{"@type":"ListItem","position":2,"name":"Dusseldorf y sus alrededores"}]}]}},"_links":{"self":[{"href":"http:\/\/hotel-asahi.com\/es\/wp-json\/wp\/v2\/pages\/809"}],"collection":[{"href":"http:\/\/hotel-asahi.com\/es\/wp-json\/wp\/v2\/pages"}],"about":[{"href":"http:\/\/hotel-asahi.com\/es\/wp-json\/wp\/v2\/types\/page"}],"author":[{"embeddable":true,"href":"http:\/\/hotel-asahi.com\/es\/wp-json\/wp\/v2\/users\/2"}],"replies":[{"embeddable":true,"href":"http:\/\/hotel-asahi.com\/es\/wp-json\/wp\/v2\/comments?post=809"}],"version-history":[{"count":4,"href":"http:\/\/hotel-asahi.com\/es\/wp-json\/wp\/v2\/pages\/809\/revisions"}],"predecessor-version":[{"id":1504,"href":"http:\/\/hotel-asahi.com\/es\/wp-json\/wp\/v2\/pages\/809\/revisions\/1504"}],"wp:attachment":[{"href":"http:\/\/hotel-asahi.com\/es\/wp-json\/wp\/v2\/media?parent=809"}],"curies":[{"name":"wp","href":"https:\/\/api.w.org\/{rel}","templated":true}]}}