{"id":178,"date":"2013-11-22T10:00:46","date_gmt":"2013-11-22T09:00:46","guid":{"rendered":"http:\/\/www.hotel-asahi.com\/?page_id=178"},"modified":"2025-07-26T13:32:37","modified_gmt":"2025-07-26T11:32:37","slug":"pgina-principal","status":"publish","type":"page","link":"http:\/\/hotel-asahi.com\/es\/","title":{"rendered":""},"content":{"rendered":"<h1><img loading=\"lazy\" class=\"aligncenter wp-image-523\" src=\"\/wp-content\/uploads\/asahi_logo.png\" alt=\"asahi_logo\" width=\"263\" height=\"132\" \/><\/h1>\n<h1>Bienvenido a D\u00fcsseldorf<\/h1>\n<p>El hotel Asahi en D\u00fcsseldorf est\u00e1 situado en el centro de D\u00fcsseldorf, a pocos pasos de la estaci\u00f3n central. Los viajeros de negocios y de ocio aprovechan <a title=\"Situacin-acceso\" href=\"\/es\/situacin-acceso\/\">la buena ubicaci\u00f3n<\/a>, ya que el casco antiguo de D\u00fcsseldorf, el bulevar comercial de lujo \u201cK\u00f6\u201d, el Teatro Capitol y muchos lugares <a title=\"Bienvenido a D\u00fcsseldorf\" href=\"\/es\/dusseldorf\/\">de cultura,\u00a0 compras y entretenimiento<\/a> est\u00e1n a poca distancia a pie. El aparcamiento propio del hotel est\u00e1 disponible directamente delante de la casa. La estaci\u00f3n de metro cercana ofrece a los viajeros de negocios una conexi\u00f3n directa con la exposici\u00f3n y el aeropuerto de D\u00fcsseldorf. Adem\u00e1s, la recepci\u00f3n est\u00e1 abierta las 24 horas.<\/p>\n<p>En nuestra casa le espera un extraordinario dise\u00f1o de estilo japon\u00e9s y una gama de colores c\u00e1lidos. Nuestras <a title=\"Las-habitaciones\" href=\"\/es\/las-habitaciones\/\">73 amplias habitaciones<\/a> son modernas y confortables. Para reuniones de negocios, usted tendr\u00e1 a disposici\u00f3n brillantes <a title=\"Reuniones-Encuentros\" href=\"\/es\/reuniones-encuentros\/\">salas de reuniones bien equipadas<\/a>.<\/p>\n<p>Para relajarse le espera un <a title=\"Fitness\" href=\"http:\/\/beta.hotel-asahi.com\/es\/fitness-3\/\">gimnasio<\/a> con aparatos modernos y una hermosa sauna finlandesa para usted. Tambi\u00e9n puede reunirse con sus amigos y socios de negocios en nuestro bar y descubrir la ciudad desde all\u00ed.<\/p>\n<p><strong>\u00a1Nuestro equipo espera reunirse con usted y le desea una agradable estancia en D\u00fcsseldorf!<\/strong><\/p>\n<hr \/>\n","protected":false},"excerpt":{"rendered":"<p>Bienvenido a D\u00fcsseldorf El hotel Asahi en D\u00fcsseldorf est\u00e1 situado en el centro de D\u00fcsseldorf, a pocos pasos de la estaci\u00f3n central. Los viajeros de negocios y de ocio aprovechan la buena ubicaci\u00f3n, ya que el casco antiguo de D\u00fcsseldorf, el bulevar comercial de lujo \u201cK\u00f6\u201d, el Teatro Capitol y muchos lugares de cultura,\u00a0 compras [&hellip;]<\/p>\n","protected":false},"author":2,"featured_media":0,"parent":0,"menu_order":0,"comment_status":"closed","ping_status":"open","template":"","meta":[],"yoast_head":"<!-- This site is optimized with the Yoast SEO plugin v18.5.1 - https:\/\/yoast.com\/wordpress\/plugins\/seo\/ -->\n<title>- Hotel Asahi<\/title>\n<meta name=\"robots\" content=\"index, follow, max-snippet:-1, max-image-preview:large, max-video-preview:-1\" \/>\n<link rel=\"canonical\" href=\"http:\/\/hotel-asahi.com\/es\/\" \/>\n<meta property=\"og:locale\" content=\"es_ES\" \/>\n<meta property=\"og:type\" content=\"article\" \/>\n<meta property=\"og:title\" content=\"- Hotel Asahi\" \/>\n<meta property=\"og:description\" content=\"Bienvenido a D\u00fcsseldorf El hotel Asahi en D\u00fcsseldorf est\u00e1 situado en el centro de D\u00fcsseldorf, a pocos pasos de la estaci\u00f3n central. Los viajeros de negocios y de ocio aprovechan la buena ubicaci\u00f3n, ya que el casco antiguo de D\u00fcsseldorf, el bulevar comercial de lujo \u201cK\u00f6\u201d, el Teatro Capitol y muchos lugares de cultura,\u00a0 compras [&hellip;]\" \/>\n<meta property=\"og:url\" content=\"http:\/\/hotel-asahi.com\/es\/\" \/>\n<meta property=\"og:site_name\" content=\"Hotel Asahi\" \/>\n<meta property=\"article:modified_time\" content=\"2025-07-26T11:32:37+00:00\" \/>\n<meta name=\"twitter:label1\" content=\"Tiempo de lectura\" \/>\n\t<meta name=\"twitter:data1\" content=\"1 minuto\" \/>\n<script type=\"application\/ld+json\" class=\"yoast-schema-graph\">{\"@context\":\"https:\/\/schema.org\",\"@graph\":[{\"@type\":\"WebSite\",\"@id\":\"http:\/\/hotel-asahi.com\/es\/#website\",\"url\":\"http:\/\/hotel-asahi.com\/es\/\",\"name\":\"Hotel Asahi\",\"description\":\"Herzlich willkommen in D\u00fcsseldorf\",\"potentialAction\":[{\"@type\":\"SearchAction\",\"target\":{\"@type\":\"EntryPoint\",\"urlTemplate\":\"http:\/\/hotel-asahi.com\/es\/?s={search_term_string}\"},\"query-input\":\"required name=search_term_string\"}],\"inLanguage\":\"es\"},{\"@type\":\"WebPage\",\"@id\":\"http:\/\/hotel-asahi.com\/es\/#webpage\",\"url\":\"http:\/\/hotel-asahi.com\/es\/\",\"name\":\"- Hotel Asahi\",\"isPartOf\":{\"@id\":\"http:\/\/hotel-asahi.com\/es\/#website\"},\"datePublished\":\"2013-11-22T09:00:46+00:00\",\"dateModified\":\"2025-07-26T11:32:37+00:00\",\"breadcrumb\":{\"@id\":\"http:\/\/hotel-asahi.com\/es\/#breadcrumb\"},\"inLanguage\":\"es\",\"potentialAction\":[{\"@type\":\"ReadAction\",\"target\":[\"http:\/\/hotel-asahi.com\/es\/\"]}]},{\"@type\":\"BreadcrumbList\",\"@id\":\"http:\/\/hotel-asahi.com\/es\/#breadcrumb\",\"itemListElement\":[{\"@type\":\"ListItem\",\"position\":1,\"name\":\"Home\",\"item\":\"http:\/\/hotel-asahi.com\/es\/\"},{\"@type\":\"ListItem\",\"position\":2,\"name\":\"\"}]}]}<\/script>\n<!-- \/ Yoast SEO plugin. -->","yoast_head_json":{"title":"- Hotel Asahi","robots":{"index":"index","follow":"follow","max-snippet":"max-snippet:-1","max-image-preview":"max-image-preview:large","max-video-preview":"max-video-preview:-1"},"canonical":"http:\/\/hotel-asahi.com\/es\/","og_locale":"es_ES","og_type":"article","og_title":"- Hotel Asahi","og_description":"Bienvenido a D\u00fcsseldorf El hotel Asahi en D\u00fcsseldorf est\u00e1 situado en el centro de D\u00fcsseldorf, a pocos pasos de la estaci\u00f3n central. Los viajeros de negocios y de ocio aprovechan la buena ubicaci\u00f3n, ya que el casco antiguo de D\u00fcsseldorf, el bulevar comercial de lujo \u201cK\u00f6\u201d, el Teatro Capitol y muchos lugares de cultura,\u00a0 compras [&hellip;]","og_url":"http:\/\/hotel-asahi.com\/es\/","og_site_name":"Hotel Asahi","article_modified_time":"2025-07-26T11:32:37+00:00","twitter_misc":{"Tiempo de lectura":"1 minuto"},"schema":{"@context":"https:\/\/schema.org","@graph":[{"@type":"WebSite","@id":"http:\/\/hotel-asahi.com\/es\/#website","url":"http:\/\/hotel-asahi.com\/es\/","name":"Hotel Asahi","description":"Herzlich willkommen in D\u00fcsseldorf","potentialAction":[{"@type":"SearchAction","target":{"@type":"EntryPoint","urlTemplate":"http:\/\/hotel-asahi.com\/es\/?s={search_term_string}"},"query-input":"required name=search_term_string"}],"inLanguage":"es"},{"@type":"WebPage","@id":"http:\/\/hotel-asahi.com\/es\/#webpage","url":"http:\/\/hotel-asahi.com\/es\/","name":"- Hotel Asahi","isPartOf":{"@id":"http:\/\/hotel-asahi.com\/es\/#website"},"datePublished":"2013-11-22T09:00:46+00:00","dateModified":"2025-07-26T11:32:37+00:00","breadcrumb":{"@id":"http:\/\/hotel-asahi.com\/es\/#breadcrumb"},"inLanguage":"es","potentialAction":[{"@type":"ReadAction","target":["http:\/\/hotel-asahi.com\/es\/"]}]},{"@type":"BreadcrumbList","@id":"http:\/\/hotel-asahi.com\/es\/#breadcrumb","itemListElement":[{"@type":"ListItem","position":1,"name":"Home","item":"http:\/\/hotel-asahi.com\/es\/"},{"@type":"ListItem","position":2,"name":""}]}]}},"_links":{"self":[{"href":"http:\/\/hotel-asahi.com\/es\/wp-json\/wp\/v2\/pages\/178"}],"collection":[{"href":"http:\/\/hotel-asahi.com\/es\/wp-json\/wp\/v2\/pages"}],"about":[{"href":"http:\/\/hotel-asahi.com\/es\/wp-json\/wp\/v2\/types\/page"}],"author":[{"embeddable":true,"href":"http:\/\/hotel-asahi.com\/es\/wp-json\/wp\/v2\/users\/2"}],"replies":[{"embeddable":true,"href":"http:\/\/hotel-asahi.com\/es\/wp-json\/wp\/v2\/comments?post=178"}],"version-history":[{"count":21,"href":"http:\/\/hotel-asahi.com\/es\/wp-json\/wp\/v2\/pages\/178\/revisions"}],"predecessor-version":[{"id":2716,"href":"http:\/\/hotel-asahi.com\/es\/wp-json\/wp\/v2\/pages\/178\/revisions\/2716"}],"wp:attachment":[{"href":"http:\/\/hotel-asahi.com\/es\/wp-json\/wp\/v2\/media?parent=178"}],"curies":[{"name":"wp","href":"https:\/\/api.w.org\/{rel}","templated":true}]}}