{"id":175,"date":"2013-11-22T09:58:38","date_gmt":"2013-11-22T08:58:38","guid":{"rendered":"http:\/\/www.hotel-asahi.com\/?page_id=175"},"modified":"2016-10-13T11:59:32","modified_gmt":"2016-10-13T09:59:32","slug":"situacin-acceso","status":"publish","type":"page","link":"http:\/\/hotel-asahi.com\/es\/situacin-acceso\/","title":{"rendered":"Ubicaci\u00f3n \/ acceso"},"content":{"rendered":"<p><img loading=\"lazy\" width=\"900\" height=\"400\" class=\"aligncenter size-full wp-image-274\" src=\"\/wp-content\/uploads\/anfahrt.jpg\" alt=\"anfahrt\" srcset=\"http:\/\/hotel-asahi.com\/wp-content\/uploads\/anfahrt.jpg 900w, http:\/\/hotel-asahi.com\/wp-content\/uploads\/anfahrt-300x133.jpg 300w\" sizes=\"(max-width: 900px) 100vw, 900px\" \/><br \/>\nEl hotel Asahi est\u00e1 situado en una zona c\u00e9ntrica, a s\u00f3lo 5 minutos a pie de la estaci\u00f3n principal de D\u00fcsseldorf.<\/p>\n<p>A pie y con f\u00e1cil acceso en s\u00f3lo 15 minutos tendr\u00e1 la orilla del Rin y en el casco antiguo, con sus numerosos bares, pubs y restaurantes y la K\u00f6nigsalle, con sus tiendas de lujo.<\/p>\n<p>La estaci\u00f3n de metro cercana ofrece a los viajeros de negocios conexiones directas a la exposici\u00f3n y al aeropuerto de D\u00fcsseldorf. Ambos est\u00e1n a unos 15 km de distancia.<\/p>\n<div class=\"su-row\">\n<div class=\"su-column su-column-size-1-2\"><div class=\"su-column-inner su-u-clearfix su-u-trim\">\n<p><strong>En pocos minutos se puede llegar a las siguientes carreteras:<\/strong><\/p>\n<div>A 46\u00a0\u00a0\u00a0\u00a0\u00a0\u00a0\u00a0\u00a0\u00a0\u00a0\u00a0\u00a0\u00a0\u00a0 9 kmA 52\u00a0\u00a0\u00a0\u00a0\u00a0\u00a0\u00a0\u00a0\u00a0\u00a0\u00a0\u00a0\u00a0\u00a0 2 km<\/p>\n<p>A 57\u00a0\u00a0\u00a0\u00a0\u00a0\u00a0\u00a0\u00a0\u00a0\u00a0\u00a0\u00a0\u00a0\u00a0 12 km<\/p>\n<\/div>\n<\/div><\/div>\n<div class=\"su-column su-column-size-1-2\"><div class=\"su-column-inner su-u-clearfix su-u-trim\">\n<strong>en su proximidad<\/strong><br \/>\n0.5 km hasta la estaci\u00f3n central<br \/>\n1 kil\u00f3metros a la \u00abK\u00f6nigsallee\u00bb<br \/>\n1 km hasta el centro de la ciudad<br \/>\n0.5 km hasta Capitol Theater<br \/>\n1.5 km hasta el r\u00edo Rin<br \/>\n3 km hasta la Torre del Rin<br \/>\n7 km hasta Fair D\u00fcsseldorf<br \/>\n10 km hasta el aeropuerto de D\u00fcsseldorf<\/div><\/div>\n<\/div>\n<div class=\"su-gmap su-u-responsive-media-yes\"><iframe width=\"600\" height=\"400\" src=\"\/\/maps.google.com\/maps?q=Kurf%C3%BCrstenstrasse%2030%2C40211%20D%C3%BCsseldorf&amp;output=embed\" title=\"\"><\/iframe><\/div>\n","protected":false},"excerpt":{"rendered":"<p>El hotel Asahi est\u00e1 situado en una zona c\u00e9ntrica, a s\u00f3lo 5 minutos a pie de la estaci\u00f3n principal de D\u00fcsseldorf. A pie y con f\u00e1cil acceso en s\u00f3lo 15 minutos tendr\u00e1 la orilla del Rin y en el casco antiguo, con sus numerosos bares, pubs y restaurantes y la K\u00f6nigsalle, con sus tiendas de [&hellip;]<\/p>\n","protected":false},"author":2,"featured_media":0,"parent":0,"menu_order":0,"comment_status":"closed","ping_status":"open","template":"","meta":[],"yoast_head":"<!-- This site is optimized with the Yoast SEO plugin v18.5.1 - https:\/\/yoast.com\/wordpress\/plugins\/seo\/ -->\n<title>Ubicaci\u00f3n \/ acceso - Hotel Asahi<\/title>\n<meta name=\"robots\" content=\"index, follow, max-snippet:-1, max-image-preview:large, max-video-preview:-1\" \/>\n<link rel=\"canonical\" href=\"http:\/\/hotel-asahi.com\/es\/situacin-acceso\/\" \/>\n<meta property=\"og:locale\" content=\"es_ES\" \/>\n<meta property=\"og:type\" content=\"article\" \/>\n<meta property=\"og:title\" content=\"Ubicaci\u00f3n \/ acceso - Hotel Asahi\" \/>\n<meta property=\"og:description\" content=\"El hotel Asahi est\u00e1 situado en una zona c\u00e9ntrica, a s\u00f3lo 5 minutos a pie de la estaci\u00f3n principal de D\u00fcsseldorf. A pie y con f\u00e1cil acceso en s\u00f3lo 15 minutos tendr\u00e1 la orilla del Rin y en el casco antiguo, con sus numerosos bares, pubs y restaurantes y la K\u00f6nigsalle, con sus tiendas de [&hellip;]\" \/>\n<meta property=\"og:url\" content=\"http:\/\/hotel-asahi.com\/es\/situacin-acceso\/\" \/>\n<meta property=\"og:site_name\" content=\"Hotel Asahi\" \/>\n<meta property=\"article:modified_time\" content=\"2016-10-13T09:59:32+00:00\" \/>\n<meta name=\"twitter:label1\" content=\"Tiempo de lectura\" \/>\n\t<meta name=\"twitter:data1\" content=\"1 minuto\" \/>\n<script type=\"application\/ld+json\" class=\"yoast-schema-graph\">{\"@context\":\"https:\/\/schema.org\",\"@graph\":[{\"@type\":\"WebSite\",\"@id\":\"http:\/\/hotel-asahi.com\/es\/#website\",\"url\":\"http:\/\/hotel-asahi.com\/es\/\",\"name\":\"Hotel Asahi\",\"description\":\"Herzlich willkommen in D\u00fcsseldorf\",\"potentialAction\":[{\"@type\":\"SearchAction\",\"target\":{\"@type\":\"EntryPoint\",\"urlTemplate\":\"http:\/\/hotel-asahi.com\/es\/?s={search_term_string}\"},\"query-input\":\"required name=search_term_string\"}],\"inLanguage\":\"es\"},{\"@type\":\"WebPage\",\"@id\":\"http:\/\/hotel-asahi.com\/es\/situacin-acceso\/#webpage\",\"url\":\"http:\/\/hotel-asahi.com\/es\/situacin-acceso\/\",\"name\":\"Ubicaci\u00f3n \/ acceso - Hotel Asahi\",\"isPartOf\":{\"@id\":\"http:\/\/hotel-asahi.com\/es\/#website\"},\"datePublished\":\"2013-11-22T08:58:38+00:00\",\"dateModified\":\"2016-10-13T09:59:32+00:00\",\"breadcrumb\":{\"@id\":\"http:\/\/hotel-asahi.com\/es\/situacin-acceso\/#breadcrumb\"},\"inLanguage\":\"es\",\"potentialAction\":[{\"@type\":\"ReadAction\",\"target\":[\"http:\/\/hotel-asahi.com\/es\/situacin-acceso\/\"]}]},{\"@type\":\"BreadcrumbList\",\"@id\":\"http:\/\/hotel-asahi.com\/es\/situacin-acceso\/#breadcrumb\",\"itemListElement\":[{\"@type\":\"ListItem\",\"position\":1,\"name\":\"Home\",\"item\":\"http:\/\/hotel-asahi.com\/es\/\"},{\"@type\":\"ListItem\",\"position\":2,\"name\":\"Ubicaci\u00f3n \/ acceso\"}]}]}<\/script>\n<!-- \/ Yoast SEO plugin. -->","yoast_head_json":{"title":"Ubicaci\u00f3n \/ acceso - Hotel Asahi","robots":{"index":"index","follow":"follow","max-snippet":"max-snippet:-1","max-image-preview":"max-image-preview:large","max-video-preview":"max-video-preview:-1"},"canonical":"http:\/\/hotel-asahi.com\/es\/situacin-acceso\/","og_locale":"es_ES","og_type":"article","og_title":"Ubicaci\u00f3n \/ acceso - Hotel Asahi","og_description":"El hotel Asahi est\u00e1 situado en una zona c\u00e9ntrica, a s\u00f3lo 5 minutos a pie de la estaci\u00f3n principal de D\u00fcsseldorf. A pie y con f\u00e1cil acceso en s\u00f3lo 15 minutos tendr\u00e1 la orilla del Rin y en el casco antiguo, con sus numerosos bares, pubs y restaurantes y la K\u00f6nigsalle, con sus tiendas de [&hellip;]","og_url":"http:\/\/hotel-asahi.com\/es\/situacin-acceso\/","og_site_name":"Hotel Asahi","article_modified_time":"2016-10-13T09:59:32+00:00","twitter_misc":{"Tiempo de lectura":"1 minuto"},"schema":{"@context":"https:\/\/schema.org","@graph":[{"@type":"WebSite","@id":"http:\/\/hotel-asahi.com\/es\/#website","url":"http:\/\/hotel-asahi.com\/es\/","name":"Hotel Asahi","description":"Herzlich willkommen in D\u00fcsseldorf","potentialAction":[{"@type":"SearchAction","target":{"@type":"EntryPoint","urlTemplate":"http:\/\/hotel-asahi.com\/es\/?s={search_term_string}"},"query-input":"required name=search_term_string"}],"inLanguage":"es"},{"@type":"WebPage","@id":"http:\/\/hotel-asahi.com\/es\/situacin-acceso\/#webpage","url":"http:\/\/hotel-asahi.com\/es\/situacin-acceso\/","name":"Ubicaci\u00f3n \/ acceso - Hotel Asahi","isPartOf":{"@id":"http:\/\/hotel-asahi.com\/es\/#website"},"datePublished":"2013-11-22T08:58:38+00:00","dateModified":"2016-10-13T09:59:32+00:00","breadcrumb":{"@id":"http:\/\/hotel-asahi.com\/es\/situacin-acceso\/#breadcrumb"},"inLanguage":"es","potentialAction":[{"@type":"ReadAction","target":["http:\/\/hotel-asahi.com\/es\/situacin-acceso\/"]}]},{"@type":"BreadcrumbList","@id":"http:\/\/hotel-asahi.com\/es\/situacin-acceso\/#breadcrumb","itemListElement":[{"@type":"ListItem","position":1,"name":"Home","item":"http:\/\/hotel-asahi.com\/es\/"},{"@type":"ListItem","position":2,"name":"Ubicaci\u00f3n \/ acceso"}]}]}},"_links":{"self":[{"href":"http:\/\/hotel-asahi.com\/es\/wp-json\/wp\/v2\/pages\/175"}],"collection":[{"href":"http:\/\/hotel-asahi.com\/es\/wp-json\/wp\/v2\/pages"}],"about":[{"href":"http:\/\/hotel-asahi.com\/es\/wp-json\/wp\/v2\/types\/page"}],"author":[{"embeddable":true,"href":"http:\/\/hotel-asahi.com\/es\/wp-json\/wp\/v2\/users\/2"}],"replies":[{"embeddable":true,"href":"http:\/\/hotel-asahi.com\/es\/wp-json\/wp\/v2\/comments?post=175"}],"version-history":[{"count":4,"href":"http:\/\/hotel-asahi.com\/es\/wp-json\/wp\/v2\/pages\/175\/revisions"}],"predecessor-version":[{"id":1502,"href":"http:\/\/hotel-asahi.com\/es\/wp-json\/wp\/v2\/pages\/175\/revisions\/1502"}],"wp:attachment":[{"href":"http:\/\/hotel-asahi.com\/es\/wp-json\/wp\/v2\/media?parent=175"}],"curies":[{"name":"wp","href":"https:\/\/api.w.org\/{rel}","templated":true}]}}