{"id":173,"date":"2013-11-22T09:58:20","date_gmt":"2013-11-22T08:58:20","guid":{"rendered":"http:\/\/www.hotel-asahi.com\/?page_id=173"},"modified":"2016-10-13T12:07:02","modified_gmt":"2016-10-13T10:07:02","slug":"fitness-3","status":"publish","type":"page","link":"http:\/\/hotel-asahi.com\/es\/fitness-3\/","title":{"rendered":"Fitness"},"content":{"rendered":"\n<div class='gallery'><dl class='gallery-item'>\n\t\t\t<dt class='gallery-icon landscape'>\n\t\t\t\t<a href='http:\/\/hotel-asahi.com\/es\/fitness-3\/fitness3-2\/'><img width=\"150\" height=\"150\" src=\"http:\/\/hotel-asahi.com\/wp-content\/uploads\/fitness3-150x150.jpg\" class=\"attachment-thumbnail size-thumbnail\" alt=\"\" loading=\"lazy\" \/><\/a>\n\t\t\t<\/dt><\/dl><dl class='gallery-item'>\n\t\t\t<dt class='gallery-icon landscape'>\n\t\t\t\t<a href='http:\/\/hotel-asahi.com\/es\/fitness-3\/fitness02-2\/'><img width=\"150\" height=\"150\" src=\"http:\/\/hotel-asahi.com\/wp-content\/uploads\/fitness02-150x150.jpg\" class=\"attachment-thumbnail size-thumbnail\" alt=\"\" loading=\"lazy\" \/><\/a>\n\t\t\t<\/dt><\/dl><dl class='gallery-item'>\n\t\t\t<dt class='gallery-icon landscape'>\n\t\t\t\t<a href='http:\/\/hotel-asahi.com\/es\/fitness-3\/fitness01-2\/'><img width=\"150\" height=\"150\" src=\"http:\/\/hotel-asahi.com\/wp-content\/uploads\/fitness01-150x150.jpg\" class=\"attachment-thumbnail size-thumbnail\" alt=\"\" loading=\"lazy\" \/><\/a>\n\t\t\t<\/dt><\/dl>\n\t\t\t<br style='clear: both' \/>\n\t\t<\/div>\n\n<p>En nuestro peque\u00f1o gimnasio pero agradable usted puede dejar atr\u00e1s el estr\u00e9s de la vida cotidiana. Rel\u00e1jese en la sauna finlandesa y una zona de relax equipada con c\u00f3modas tumbonas.<\/p>\n<p>Para los amantes del deporte hay a disposici\u00f3n diversas m\u00e1quinas cardiovasculares y de fuerza (por ejemplo, cinta de correr, el\u00edptica y paso a paso). Adem\u00e1s, hay una ducha de sensaciones y un sol\u00e1rium.<\/p>\n","protected":false},"excerpt":{"rendered":"<p>En nuestro peque\u00f1o gimnasio pero agradable usted puede dejar atr\u00e1s el estr\u00e9s de la vida cotidiana. Rel\u00e1jese en la sauna finlandesa y una zona de relax equipada con c\u00f3modas tumbonas. Para los amantes del deporte hay a disposici\u00f3n diversas m\u00e1quinas cardiovasculares y de fuerza (por ejemplo, cinta de correr, el\u00edptica y paso a paso). Adem\u00e1s, [&hellip;]<\/p>\n","protected":false},"author":2,"featured_media":0,"parent":0,"menu_order":0,"comment_status":"closed","ping_status":"open","template":"","meta":[],"yoast_head":"<!-- This site is optimized with the Yoast SEO plugin v18.5.1 - https:\/\/yoast.com\/wordpress\/plugins\/seo\/ -->\n<title>Fitness - Hotel Asahi<\/title>\n<meta name=\"robots\" content=\"index, follow, max-snippet:-1, max-image-preview:large, max-video-preview:-1\" \/>\n<link rel=\"canonical\" href=\"http:\/\/hotel-asahi.com\/es\/fitness-3\/\" \/>\n<meta property=\"og:locale\" content=\"es_ES\" \/>\n<meta property=\"og:type\" content=\"article\" \/>\n<meta property=\"og:title\" content=\"Fitness - Hotel Asahi\" \/>\n<meta property=\"og:description\" content=\"En nuestro peque\u00f1o gimnasio pero agradable usted puede dejar atr\u00e1s el estr\u00e9s de la vida cotidiana. Rel\u00e1jese en la sauna finlandesa y una zona de relax equipada con c\u00f3modas tumbonas. Para los amantes del deporte hay a disposici\u00f3n diversas m\u00e1quinas cardiovasculares y de fuerza (por ejemplo, cinta de correr, el\u00edptica y paso a paso). Adem\u00e1s, [&hellip;]\" \/>\n<meta property=\"og:url\" content=\"http:\/\/hotel-asahi.com\/es\/fitness-3\/\" \/>\n<meta property=\"og:site_name\" content=\"Hotel Asahi\" \/>\n<meta property=\"article:modified_time\" content=\"2016-10-13T10:07:02+00:00\" \/>\n<meta property=\"og:image\" content=\"http:\/\/hotel-asahi.com\/wp-content\/uploads\/fitness3-150x150.jpg\" \/>\n<script type=\"application\/ld+json\" class=\"yoast-schema-graph\">{\"@context\":\"https:\/\/schema.org\",\"@graph\":[{\"@type\":\"WebSite\",\"@id\":\"http:\/\/hotel-asahi.com\/es\/#website\",\"url\":\"http:\/\/hotel-asahi.com\/es\/\",\"name\":\"Hotel Asahi\",\"description\":\"Herzlich willkommen in D\u00fcsseldorf\",\"potentialAction\":[{\"@type\":\"SearchAction\",\"target\":{\"@type\":\"EntryPoint\",\"urlTemplate\":\"http:\/\/hotel-asahi.com\/es\/?s={search_term_string}\"},\"query-input\":\"required name=search_term_string\"}],\"inLanguage\":\"es\"},{\"@type\":\"WebPage\",\"@id\":\"http:\/\/hotel-asahi.com\/es\/fitness-3\/#webpage\",\"url\":\"http:\/\/hotel-asahi.com\/es\/fitness-3\/\",\"name\":\"Fitness - Hotel Asahi\",\"isPartOf\":{\"@id\":\"http:\/\/hotel-asahi.com\/es\/#website\"},\"datePublished\":\"2013-11-22T08:58:20+00:00\",\"dateModified\":\"2016-10-13T10:07:02+00:00\",\"breadcrumb\":{\"@id\":\"http:\/\/hotel-asahi.com\/es\/fitness-3\/#breadcrumb\"},\"inLanguage\":\"es\",\"potentialAction\":[{\"@type\":\"ReadAction\",\"target\":[\"http:\/\/hotel-asahi.com\/es\/fitness-3\/\"]}]},{\"@type\":\"BreadcrumbList\",\"@id\":\"http:\/\/hotel-asahi.com\/es\/fitness-3\/#breadcrumb\",\"itemListElement\":[{\"@type\":\"ListItem\",\"position\":1,\"name\":\"Home\",\"item\":\"http:\/\/hotel-asahi.com\/es\/\"},{\"@type\":\"ListItem\",\"position\":2,\"name\":\"Fitness\"}]}]}<\/script>\n<!-- \/ Yoast SEO plugin. -->","yoast_head_json":{"title":"Fitness - Hotel Asahi","robots":{"index":"index","follow":"follow","max-snippet":"max-snippet:-1","max-image-preview":"max-image-preview:large","max-video-preview":"max-video-preview:-1"},"canonical":"http:\/\/hotel-asahi.com\/es\/fitness-3\/","og_locale":"es_ES","og_type":"article","og_title":"Fitness - Hotel Asahi","og_description":"En nuestro peque\u00f1o gimnasio pero agradable usted puede dejar atr\u00e1s el estr\u00e9s de la vida cotidiana. Rel\u00e1jese en la sauna finlandesa y una zona de relax equipada con c\u00f3modas tumbonas. Para los amantes del deporte hay a disposici\u00f3n diversas m\u00e1quinas cardiovasculares y de fuerza (por ejemplo, cinta de correr, el\u00edptica y paso a paso). Adem\u00e1s, [&hellip;]","og_url":"http:\/\/hotel-asahi.com\/es\/fitness-3\/","og_site_name":"Hotel Asahi","article_modified_time":"2016-10-13T10:07:02+00:00","og_image":[{"url":"http:\/\/hotel-asahi.com\/wp-content\/uploads\/fitness3-150x150.jpg"}],"schema":{"@context":"https:\/\/schema.org","@graph":[{"@type":"WebSite","@id":"http:\/\/hotel-asahi.com\/es\/#website","url":"http:\/\/hotel-asahi.com\/es\/","name":"Hotel Asahi","description":"Herzlich willkommen in D\u00fcsseldorf","potentialAction":[{"@type":"SearchAction","target":{"@type":"EntryPoint","urlTemplate":"http:\/\/hotel-asahi.com\/es\/?s={search_term_string}"},"query-input":"required name=search_term_string"}],"inLanguage":"es"},{"@type":"WebPage","@id":"http:\/\/hotel-asahi.com\/es\/fitness-3\/#webpage","url":"http:\/\/hotel-asahi.com\/es\/fitness-3\/","name":"Fitness - Hotel Asahi","isPartOf":{"@id":"http:\/\/hotel-asahi.com\/es\/#website"},"datePublished":"2013-11-22T08:58:20+00:00","dateModified":"2016-10-13T10:07:02+00:00","breadcrumb":{"@id":"http:\/\/hotel-asahi.com\/es\/fitness-3\/#breadcrumb"},"inLanguage":"es","potentialAction":[{"@type":"ReadAction","target":["http:\/\/hotel-asahi.com\/es\/fitness-3\/"]}]},{"@type":"BreadcrumbList","@id":"http:\/\/hotel-asahi.com\/es\/fitness-3\/#breadcrumb","itemListElement":[{"@type":"ListItem","position":1,"name":"Home","item":"http:\/\/hotel-asahi.com\/es\/"},{"@type":"ListItem","position":2,"name":"Fitness"}]}]}},"_links":{"self":[{"href":"http:\/\/hotel-asahi.com\/es\/wp-json\/wp\/v2\/pages\/173"}],"collection":[{"href":"http:\/\/hotel-asahi.com\/es\/wp-json\/wp\/v2\/pages"}],"about":[{"href":"http:\/\/hotel-asahi.com\/es\/wp-json\/wp\/v2\/types\/page"}],"author":[{"embeddable":true,"href":"http:\/\/hotel-asahi.com\/es\/wp-json\/wp\/v2\/users\/2"}],"replies":[{"embeddable":true,"href":"http:\/\/hotel-asahi.com\/es\/wp-json\/wp\/v2\/comments?post=173"}],"version-history":[{"count":3,"href":"http:\/\/hotel-asahi.com\/es\/wp-json\/wp\/v2\/pages\/173\/revisions"}],"predecessor-version":[{"id":1505,"href":"http:\/\/hotel-asahi.com\/es\/wp-json\/wp\/v2\/pages\/173\/revisions\/1505"}],"wp:attachment":[{"href":"http:\/\/hotel-asahi.com\/es\/wp-json\/wp\/v2\/media?parent=173"}],"curies":[{"name":"wp","href":"https:\/\/api.w.org\/{rel}","templated":true}]}}