{"id":171,"date":"2013-11-22T09:57:59","date_gmt":"2013-11-22T08:57:59","guid":{"rendered":"http:\/\/www.hotel-asahi.com\/?page_id=171"},"modified":"2025-07-26T12:47:10","modified_gmt":"2025-07-26T10:47:10","slug":"reuniones-encuentros","status":"publish","type":"page","link":"http:\/\/hotel-asahi.com\/es\/reuniones-encuentros\/","title":{"rendered":"Reuniones \/ encuentros"},"content":{"rendered":"\n<div class='gallery'><dl class='gallery-item'>\n\t\t\t<dt class='gallery-icon landscape'>\n\t\t\t\t<a href='http:\/\/hotel-asahi.com\/es\/reuniones-encuentros\/tagungen4-2\/'><img width=\"150\" height=\"150\" src=\"http:\/\/hotel-asahi.com\/wp-content\/uploads\/tagungen4-150x150.jpg\" class=\"attachment-thumbnail size-thumbnail\" alt=\"\" loading=\"lazy\" \/><\/a>\n\t\t\t<\/dt><\/dl><dl class='gallery-item'>\n\t\t\t<dt class='gallery-icon landscape'>\n\t\t\t\t<a href='http:\/\/hotel-asahi.com\/es\/reuniones-encuentros\/tagungen2-2\/'><img width=\"150\" height=\"150\" src=\"http:\/\/hotel-asahi.com\/wp-content\/uploads\/tagungen2-150x150.jpg\" class=\"attachment-thumbnail size-thumbnail\" alt=\"\" loading=\"lazy\" \/><\/a>\n\t\t\t<\/dt><\/dl><dl class='gallery-item'>\n\t\t\t<dt class='gallery-icon landscape'>\n\t\t\t\t<a href='http:\/\/hotel-asahi.com\/es\/reuniones-encuentros\/tagungen1-2\/'><img width=\"150\" height=\"150\" src=\"http:\/\/hotel-asahi.com\/wp-content\/uploads\/tagungen1-150x150.jpg\" class=\"attachment-thumbnail size-thumbnail\" alt=\"\" loading=\"lazy\" \/><\/a>\n\t\t\t<\/dt><\/dl>\n\t\t\t<br style='clear: both' \/>\n\t\t<\/div>\n\n<p>Nuestra sala de reuniones equipada con aire acondicionado y con tecnolog\u00eda moderna son de aprox.\u00a0 22m\u00b2 de tama\u00f1o para alojar c\u00f3modamente a 10 personas.<\/p>\n<p>El alquiler de la habitaci\u00f3n es de 150 \u20ac por d\u00eda e incluye grandes pantallas planas, la pizarra y rotafolios. Los hu\u00e9spedes tambi\u00e9n pueden utilizar nuestra pantalla, tabl\u00f3n de notas y l\u00e1piz y papel.<\/p>\n<p>Todos los precios son en EUR por d\u00eda incluyendo\u00a0 19 % de IVA y servicio. Si tiene cualquier otra solicitud, no dude en contactar con nosotros.<\/p>\n<a href=\"\/kontakt\" class=\"su-button su-button-style-default\" style=\"color:#FFFFFF;background-color:#a80f1b;border-color:#870c16;border-radius:45px;-moz-border-radius:45px;-webkit-border-radius:45px\" target=\"_self\"><span style=\"color:#FFFFFF;padding:7px 22px;font-size:17px;line-height:26px;border-color:#c35760;border-radius:45px;-moz-border-radius:45px;-webkit-border-radius:45px;text-shadow:none;-moz-text-shadow:none;-webkit-text-shadow:none\"><i class=\"sui sui-star\" style=\"font-size:17px;color:#FFFFFF\"><\/i> \u00bfInteresado? Contacte con nosotros ahora!<\/span><\/a>\n","protected":false},"excerpt":{"rendered":"<p>Nuestra sala de reuniones equipada con aire acondicionado y con tecnolog\u00eda moderna son de aprox.\u00a0 22m\u00b2 de tama\u00f1o para alojar c\u00f3modamente a 10 personas. El alquiler de la habitaci\u00f3n es de 150 \u20ac por d\u00eda e incluye grandes pantallas planas, la pizarra y rotafolios. Los hu\u00e9spedes tambi\u00e9n pueden utilizar nuestra pantalla, tabl\u00f3n de notas y [&hellip;]<\/p>\n","protected":false},"author":2,"featured_media":0,"parent":0,"menu_order":0,"comment_status":"closed","ping_status":"open","template":"","meta":[],"yoast_head":"<!-- This site is optimized with the Yoast SEO plugin v18.5.1 - https:\/\/yoast.com\/wordpress\/plugins\/seo\/ -->\n<title>Reuniones \/ encuentros - Hotel Asahi<\/title>\n<meta name=\"robots\" content=\"index, follow, max-snippet:-1, max-image-preview:large, max-video-preview:-1\" \/>\n<link rel=\"canonical\" href=\"http:\/\/hotel-asahi.com\/es\/reuniones-encuentros\/\" \/>\n<meta property=\"og:locale\" content=\"es_ES\" \/>\n<meta property=\"og:type\" content=\"article\" \/>\n<meta property=\"og:title\" content=\"Reuniones \/ encuentros - Hotel Asahi\" \/>\n<meta property=\"og:description\" content=\"Nuestra sala de reuniones equipada con aire acondicionado y con tecnolog\u00eda moderna son de aprox.\u00a0 22m\u00b2 de tama\u00f1o para alojar c\u00f3modamente a 10 personas. El alquiler de la habitaci\u00f3n es de 150 \u20ac por d\u00eda e incluye grandes pantallas planas, la pizarra y rotafolios. Los hu\u00e9spedes tambi\u00e9n pueden utilizar nuestra pantalla, tabl\u00f3n de notas y [&hellip;]\" \/>\n<meta property=\"og:url\" content=\"http:\/\/hotel-asahi.com\/es\/reuniones-encuentros\/\" \/>\n<meta property=\"og:site_name\" content=\"Hotel Asahi\" \/>\n<meta property=\"article:modified_time\" content=\"2025-07-26T10:47:10+00:00\" \/>\n<meta property=\"og:image\" content=\"http:\/\/hotel-asahi.com\/wp-content\/uploads\/tagungen4-150x150.jpg\" \/>\n<meta name=\"twitter:label1\" content=\"Tiempo de lectura\" \/>\n\t<meta name=\"twitter:data1\" content=\"1 minuto\" \/>\n<script type=\"application\/ld+json\" class=\"yoast-schema-graph\">{\"@context\":\"https:\/\/schema.org\",\"@graph\":[{\"@type\":\"WebSite\",\"@id\":\"http:\/\/hotel-asahi.com\/es\/#website\",\"url\":\"http:\/\/hotel-asahi.com\/es\/\",\"name\":\"Hotel Asahi\",\"description\":\"Herzlich willkommen in D\u00fcsseldorf\",\"potentialAction\":[{\"@type\":\"SearchAction\",\"target\":{\"@type\":\"EntryPoint\",\"urlTemplate\":\"http:\/\/hotel-asahi.com\/es\/?s={search_term_string}\"},\"query-input\":\"required name=search_term_string\"}],\"inLanguage\":\"es\"},{\"@type\":\"WebPage\",\"@id\":\"http:\/\/hotel-asahi.com\/es\/reuniones-encuentros\/#webpage\",\"url\":\"http:\/\/hotel-asahi.com\/es\/reuniones-encuentros\/\",\"name\":\"Reuniones \/ encuentros - Hotel Asahi\",\"isPartOf\":{\"@id\":\"http:\/\/hotel-asahi.com\/es\/#website\"},\"datePublished\":\"2013-11-22T08:57:59+00:00\",\"dateModified\":\"2025-07-26T10:47:10+00:00\",\"breadcrumb\":{\"@id\":\"http:\/\/hotel-asahi.com\/es\/reuniones-encuentros\/#breadcrumb\"},\"inLanguage\":\"es\",\"potentialAction\":[{\"@type\":\"ReadAction\",\"target\":[\"http:\/\/hotel-asahi.com\/es\/reuniones-encuentros\/\"]}]},{\"@type\":\"BreadcrumbList\",\"@id\":\"http:\/\/hotel-asahi.com\/es\/reuniones-encuentros\/#breadcrumb\",\"itemListElement\":[{\"@type\":\"ListItem\",\"position\":1,\"name\":\"Home\",\"item\":\"http:\/\/hotel-asahi.com\/es\/\"},{\"@type\":\"ListItem\",\"position\":2,\"name\":\"Reuniones \/ encuentros\"}]}]}<\/script>\n<!-- \/ Yoast SEO plugin. -->","yoast_head_json":{"title":"Reuniones \/ encuentros - Hotel Asahi","robots":{"index":"index","follow":"follow","max-snippet":"max-snippet:-1","max-image-preview":"max-image-preview:large","max-video-preview":"max-video-preview:-1"},"canonical":"http:\/\/hotel-asahi.com\/es\/reuniones-encuentros\/","og_locale":"es_ES","og_type":"article","og_title":"Reuniones \/ encuentros - Hotel Asahi","og_description":"Nuestra sala de reuniones equipada con aire acondicionado y con tecnolog\u00eda moderna son de aprox.\u00a0 22m\u00b2 de tama\u00f1o para alojar c\u00f3modamente a 10 personas. El alquiler de la habitaci\u00f3n es de 150 \u20ac por d\u00eda e incluye grandes pantallas planas, la pizarra y rotafolios. Los hu\u00e9spedes tambi\u00e9n pueden utilizar nuestra pantalla, tabl\u00f3n de notas y [&hellip;]","og_url":"http:\/\/hotel-asahi.com\/es\/reuniones-encuentros\/","og_site_name":"Hotel Asahi","article_modified_time":"2025-07-26T10:47:10+00:00","og_image":[{"url":"http:\/\/hotel-asahi.com\/wp-content\/uploads\/tagungen4-150x150.jpg"}],"twitter_misc":{"Tiempo de lectura":"1 minuto"},"schema":{"@context":"https:\/\/schema.org","@graph":[{"@type":"WebSite","@id":"http:\/\/hotel-asahi.com\/es\/#website","url":"http:\/\/hotel-asahi.com\/es\/","name":"Hotel Asahi","description":"Herzlich willkommen in D\u00fcsseldorf","potentialAction":[{"@type":"SearchAction","target":{"@type":"EntryPoint","urlTemplate":"http:\/\/hotel-asahi.com\/es\/?s={search_term_string}"},"query-input":"required name=search_term_string"}],"inLanguage":"es"},{"@type":"WebPage","@id":"http:\/\/hotel-asahi.com\/es\/reuniones-encuentros\/#webpage","url":"http:\/\/hotel-asahi.com\/es\/reuniones-encuentros\/","name":"Reuniones \/ encuentros - Hotel Asahi","isPartOf":{"@id":"http:\/\/hotel-asahi.com\/es\/#website"},"datePublished":"2013-11-22T08:57:59+00:00","dateModified":"2025-07-26T10:47:10+00:00","breadcrumb":{"@id":"http:\/\/hotel-asahi.com\/es\/reuniones-encuentros\/#breadcrumb"},"inLanguage":"es","potentialAction":[{"@type":"ReadAction","target":["http:\/\/hotel-asahi.com\/es\/reuniones-encuentros\/"]}]},{"@type":"BreadcrumbList","@id":"http:\/\/hotel-asahi.com\/es\/reuniones-encuentros\/#breadcrumb","itemListElement":[{"@type":"ListItem","position":1,"name":"Home","item":"http:\/\/hotel-asahi.com\/es\/"},{"@type":"ListItem","position":2,"name":"Reuniones \/ encuentros"}]}]}},"_links":{"self":[{"href":"http:\/\/hotel-asahi.com\/es\/wp-json\/wp\/v2\/pages\/171"}],"collection":[{"href":"http:\/\/hotel-asahi.com\/es\/wp-json\/wp\/v2\/pages"}],"about":[{"href":"http:\/\/hotel-asahi.com\/es\/wp-json\/wp\/v2\/types\/page"}],"author":[{"embeddable":true,"href":"http:\/\/hotel-asahi.com\/es\/wp-json\/wp\/v2\/users\/2"}],"replies":[{"embeddable":true,"href":"http:\/\/hotel-asahi.com\/es\/wp-json\/wp\/v2\/comments?post=171"}],"version-history":[{"count":9,"href":"http:\/\/hotel-asahi.com\/es\/wp-json\/wp\/v2\/pages\/171\/revisions"}],"predecessor-version":[{"id":2693,"href":"http:\/\/hotel-asahi.com\/es\/wp-json\/wp\/v2\/pages\/171\/revisions\/2693"}],"wp:attachment":[{"href":"http:\/\/hotel-asahi.com\/es\/wp-json\/wp\/v2\/media?parent=171"}],"curies":[{"name":"wp","href":"https:\/\/api.w.org\/{rel}","templated":true}]}}