{"id":125,"date":"2013-11-22T09:44:34","date_gmt":"2013-11-22T08:44:34","guid":{"rendered":"http:\/\/www.hotel-asahi.com\/?page_id=125"},"modified":"2025-07-25T13:09:17","modified_gmt":"2025-07-25T11:09:17","slug":"habitaciones-dobles","status":"publish","type":"page","link":"http:\/\/hotel-asahi.com\/es\/las-habitaciones\/habitaciones-dobles\/","title":{"rendered":"Habitaciones dobles"},"content":{"rendered":"\n<div class='gallery'><dl class='gallery-item'>\n\t\t\t<dt class='gallery-icon landscape'>\n\t\t\t\t<a href='http:\/\/hotel-asahi.com\/es\/las-habitaciones\/habitaciones-dobles\/doppelzimmer-duesseldorf-2\/'><img width=\"150\" height=\"150\" src=\"http:\/\/hotel-asahi.com\/wp-content\/uploads\/Zimmer_403_017FRSEJ-1-150x150.jpg\" class=\"attachment-thumbnail size-thumbnail\" alt=\"\" loading=\"lazy\" \/><\/a>\n\t\t\t<\/dt><\/dl><dl class='gallery-item'>\n\t\t\t<dt class='gallery-icon landscape'>\n\t\t\t\t<a href='http:\/\/hotel-asahi.com\/es\/las-habitaciones\/habitaciones-dobles\/doppelzimmer4-2\/'><img width=\"150\" height=\"150\" src=\"http:\/\/hotel-asahi.com\/wp-content\/uploads\/doppelzimmer4-150x150.jpg\" class=\"attachment-thumbnail size-thumbnail\" alt=\"\" loading=\"lazy\" \/><\/a>\n\t\t\t<\/dt><\/dl><dl class='gallery-item'>\n\t\t\t<dt class='gallery-icon landscape'>\n\t\t\t\t<a href='http:\/\/hotel-asahi.com\/es\/las-habitaciones\/habitaciones-dobles\/zimmer_105_002shfw-2-2\/'><img width=\"150\" height=\"150\" src=\"http:\/\/hotel-asahi.com\/wp-content\/uploads\/Zimmer_105_002shfw-1-150x150.jpg\" class=\"attachment-thumbnail size-thumbnail\" alt=\"\" loading=\"lazy\" \/><\/a>\n\t\t\t<\/dt><\/dl>\n\t\t\t<br style='clear: both' \/>\n\t\t<\/div>\n\n<p>Las amplias habitaciones dobles son de aproximadamente 25 m\u00b2 y cuentan con un cuarto de ba\u00f1o con WC y ba\u00f1o \/ ducha.<\/p>\n<p>Todas las habitaciones dobles est\u00e1n equipadas con un escritorio, tel\u00e9fono, televisi\u00f3n de pantalla plana con televisi\u00f3n por sat\u00e9lite y revista televisiva actual, conexi\u00f3n wifi, mini-bar, caja fuerte.<\/p>\n<p>Adem\u00e1s encontrar\u00e1 peque\u00f1as comodidades como unas c\u00f3modas zapatillas, espejo de maquillaje, secador de pelo y b\u00e1scula en el ba\u00f1o, tabla de planchar \/ plancha y un juego de caf\u00e9 y t\u00e9.<\/p>\n<div style=\"padding-top: 15px;\"><a href=\"https:\/\/ibev5.hotels-online-buchen.de\/ibe\/asahiduesseldorf\" class=\"su-button su-button-style-default\" style=\"color:#FFFFFF;background-color:#a80f1b;border-color:#870c16;border-radius:20px;-moz-border-radius:20px;-webkit-border-radius:20px\" target=\"_self\"><span style=\"color:#FFFFFF;padding:7px 22px;font-size:17px;line-height:26px;border-color:#c35760;border-radius:20px;-moz-border-radius:20px;-webkit-border-radius:20px;text-shadow:none;-moz-text-shadow:none;-webkit-text-shadow:none\"><i class=\"sui sui-star\" style=\"font-size:17px;color:#FFFFFF\"><\/i> Reserve su estancia en el Hotel Asahi<\/span><\/a><\/div>\n","protected":false},"excerpt":{"rendered":"<p>Las amplias habitaciones dobles son de aproximadamente 25 m\u00b2 y cuentan con un cuarto de ba\u00f1o con WC y ba\u00f1o \/ ducha. Todas las habitaciones dobles est\u00e1n equipadas con un escritorio, tel\u00e9fono, televisi\u00f3n de pantalla plana con televisi\u00f3n por sat\u00e9lite y revista televisiva actual, conexi\u00f3n wifi, mini-bar, caja fuerte. Adem\u00e1s encontrar\u00e1 peque\u00f1as comodidades como unas [&hellip;]<\/p>\n","protected":false},"author":2,"featured_media":1476,"parent":108,"menu_order":2,"comment_status":"closed","ping_status":"closed","template":"","meta":[],"yoast_head":"<!-- This site is optimized with the Yoast SEO plugin v18.5.1 - https:\/\/yoast.com\/wordpress\/plugins\/seo\/ -->\n<title>Habitaciones dobles - Hotel Asahi<\/title>\n<meta name=\"robots\" content=\"index, follow, max-snippet:-1, max-image-preview:large, max-video-preview:-1\" \/>\n<link rel=\"canonical\" href=\"http:\/\/hotel-asahi.com\/es\/las-habitaciones\/habitaciones-dobles\/\" \/>\n<meta property=\"og:locale\" content=\"es_ES\" \/>\n<meta property=\"og:type\" content=\"article\" \/>\n<meta property=\"og:title\" content=\"Habitaciones dobles - Hotel Asahi\" \/>\n<meta property=\"og:description\" content=\"Las amplias habitaciones dobles son de aproximadamente 25 m\u00b2 y cuentan con un cuarto de ba\u00f1o con WC y ba\u00f1o \/ ducha. Todas las habitaciones dobles est\u00e1n equipadas con un escritorio, tel\u00e9fono, televisi\u00f3n de pantalla plana con televisi\u00f3n por sat\u00e9lite y revista televisiva actual, conexi\u00f3n wifi, mini-bar, caja fuerte. Adem\u00e1s encontrar\u00e1 peque\u00f1as comodidades como unas [&hellip;]\" \/>\n<meta property=\"og:url\" content=\"http:\/\/hotel-asahi.com\/es\/las-habitaciones\/habitaciones-dobles\/\" \/>\n<meta property=\"og:site_name\" content=\"Hotel Asahi\" \/>\n<meta property=\"article:modified_time\" content=\"2025-07-25T11:09:17+00:00\" \/>\n<meta property=\"og:image\" content=\"http:\/\/hotel-asahi.com\/wp-content\/uploads\/DZ-Beitragsbild.jpg\" \/>\n\t<meta property=\"og:image:width\" content=\"250\" \/>\n\t<meta property=\"og:image:height\" content=\"146\" \/>\n\t<meta property=\"og:image:type\" content=\"image\/jpeg\" \/>\n<meta name=\"twitter:label1\" content=\"Tiempo de lectura\" \/>\n\t<meta name=\"twitter:data1\" content=\"1 minuto\" \/>\n<script type=\"application\/ld+json\" class=\"yoast-schema-graph\">{\"@context\":\"https:\/\/schema.org\",\"@graph\":[{\"@type\":\"WebSite\",\"@id\":\"http:\/\/hotel-asahi.com\/es\/#website\",\"url\":\"http:\/\/hotel-asahi.com\/es\/\",\"name\":\"Hotel Asahi\",\"description\":\"Herzlich willkommen in D\u00fcsseldorf\",\"potentialAction\":[{\"@type\":\"SearchAction\",\"target\":{\"@type\":\"EntryPoint\",\"urlTemplate\":\"http:\/\/hotel-asahi.com\/es\/?s={search_term_string}\"},\"query-input\":\"required name=search_term_string\"}],\"inLanguage\":\"es\"},{\"@type\":\"ImageObject\",\"@id\":\"http:\/\/hotel-asahi.com\/es\/las-habitaciones\/habitaciones-dobles\/#primaryimage\",\"inLanguage\":\"es\",\"url\":\"http:\/\/hotel-asahi.com\/wp-content\/uploads\/DZ-Beitragsbild.jpg\",\"contentUrl\":\"http:\/\/hotel-asahi.com\/wp-content\/uploads\/DZ-Beitragsbild.jpg\",\"width\":250,\"height\":146},{\"@type\":\"WebPage\",\"@id\":\"http:\/\/hotel-asahi.com\/es\/las-habitaciones\/habitaciones-dobles\/#webpage\",\"url\":\"http:\/\/hotel-asahi.com\/es\/las-habitaciones\/habitaciones-dobles\/\",\"name\":\"Habitaciones dobles - Hotel Asahi\",\"isPartOf\":{\"@id\":\"http:\/\/hotel-asahi.com\/es\/#website\"},\"primaryImageOfPage\":{\"@id\":\"http:\/\/hotel-asahi.com\/es\/las-habitaciones\/habitaciones-dobles\/#primaryimage\"},\"datePublished\":\"2013-11-22T08:44:34+00:00\",\"dateModified\":\"2025-07-25T11:09:17+00:00\",\"breadcrumb\":{\"@id\":\"http:\/\/hotel-asahi.com\/es\/las-habitaciones\/habitaciones-dobles\/#breadcrumb\"},\"inLanguage\":\"es\",\"potentialAction\":[{\"@type\":\"ReadAction\",\"target\":[\"http:\/\/hotel-asahi.com\/es\/las-habitaciones\/habitaciones-dobles\/\"]}]},{\"@type\":\"BreadcrumbList\",\"@id\":\"http:\/\/hotel-asahi.com\/es\/las-habitaciones\/habitaciones-dobles\/#breadcrumb\",\"itemListElement\":[{\"@type\":\"ListItem\",\"position\":1,\"name\":\"Home\",\"item\":\"http:\/\/hotel-asahi.com\/es\/\"},{\"@type\":\"ListItem\",\"position\":2,\"name\":\"Las habitaciones\",\"item\":\"http:\/\/hotel-asahi.com\/es\/las-habitaciones\/\"},{\"@type\":\"ListItem\",\"position\":3,\"name\":\"Habitaciones dobles\"}]}]}<\/script>\n<!-- \/ Yoast SEO plugin. -->","yoast_head_json":{"title":"Habitaciones dobles - Hotel Asahi","robots":{"index":"index","follow":"follow","max-snippet":"max-snippet:-1","max-image-preview":"max-image-preview:large","max-video-preview":"max-video-preview:-1"},"canonical":"http:\/\/hotel-asahi.com\/es\/las-habitaciones\/habitaciones-dobles\/","og_locale":"es_ES","og_type":"article","og_title":"Habitaciones dobles - Hotel Asahi","og_description":"Las amplias habitaciones dobles son de aproximadamente 25 m\u00b2 y cuentan con un cuarto de ba\u00f1o con WC y ba\u00f1o \/ ducha. Todas las habitaciones dobles est\u00e1n equipadas con un escritorio, tel\u00e9fono, televisi\u00f3n de pantalla plana con televisi\u00f3n por sat\u00e9lite y revista televisiva actual, conexi\u00f3n wifi, mini-bar, caja fuerte. Adem\u00e1s encontrar\u00e1 peque\u00f1as comodidades como unas [&hellip;]","og_url":"http:\/\/hotel-asahi.com\/es\/las-habitaciones\/habitaciones-dobles\/","og_site_name":"Hotel Asahi","article_modified_time":"2025-07-25T11:09:17+00:00","og_image":[{"width":250,"height":146,"url":"http:\/\/hotel-asahi.com\/wp-content\/uploads\/DZ-Beitragsbild.jpg","type":"image\/jpeg"}],"twitter_misc":{"Tiempo de lectura":"1 minuto"},"schema":{"@context":"https:\/\/schema.org","@graph":[{"@type":"WebSite","@id":"http:\/\/hotel-asahi.com\/es\/#website","url":"http:\/\/hotel-asahi.com\/es\/","name":"Hotel Asahi","description":"Herzlich willkommen in D\u00fcsseldorf","potentialAction":[{"@type":"SearchAction","target":{"@type":"EntryPoint","urlTemplate":"http:\/\/hotel-asahi.com\/es\/?s={search_term_string}"},"query-input":"required name=search_term_string"}],"inLanguage":"es"},{"@type":"ImageObject","@id":"http:\/\/hotel-asahi.com\/es\/las-habitaciones\/habitaciones-dobles\/#primaryimage","inLanguage":"es","url":"http:\/\/hotel-asahi.com\/wp-content\/uploads\/DZ-Beitragsbild.jpg","contentUrl":"http:\/\/hotel-asahi.com\/wp-content\/uploads\/DZ-Beitragsbild.jpg","width":250,"height":146},{"@type":"WebPage","@id":"http:\/\/hotel-asahi.com\/es\/las-habitaciones\/habitaciones-dobles\/#webpage","url":"http:\/\/hotel-asahi.com\/es\/las-habitaciones\/habitaciones-dobles\/","name":"Habitaciones dobles - Hotel Asahi","isPartOf":{"@id":"http:\/\/hotel-asahi.com\/es\/#website"},"primaryImageOfPage":{"@id":"http:\/\/hotel-asahi.com\/es\/las-habitaciones\/habitaciones-dobles\/#primaryimage"},"datePublished":"2013-11-22T08:44:34+00:00","dateModified":"2025-07-25T11:09:17+00:00","breadcrumb":{"@id":"http:\/\/hotel-asahi.com\/es\/las-habitaciones\/habitaciones-dobles\/#breadcrumb"},"inLanguage":"es","potentialAction":[{"@type":"ReadAction","target":["http:\/\/hotel-asahi.com\/es\/las-habitaciones\/habitaciones-dobles\/"]}]},{"@type":"BreadcrumbList","@id":"http:\/\/hotel-asahi.com\/es\/las-habitaciones\/habitaciones-dobles\/#breadcrumb","itemListElement":[{"@type":"ListItem","position":1,"name":"Home","item":"http:\/\/hotel-asahi.com\/es\/"},{"@type":"ListItem","position":2,"name":"Las habitaciones","item":"http:\/\/hotel-asahi.com\/es\/las-habitaciones\/"},{"@type":"ListItem","position":3,"name":"Habitaciones dobles"}]}]}},"_links":{"self":[{"href":"http:\/\/hotel-asahi.com\/es\/wp-json\/wp\/v2\/pages\/125"}],"collection":[{"href":"http:\/\/hotel-asahi.com\/es\/wp-json\/wp\/v2\/pages"}],"about":[{"href":"http:\/\/hotel-asahi.com\/es\/wp-json\/wp\/v2\/types\/page"}],"author":[{"embeddable":true,"href":"http:\/\/hotel-asahi.com\/es\/wp-json\/wp\/v2\/users\/2"}],"replies":[{"embeddable":true,"href":"http:\/\/hotel-asahi.com\/es\/wp-json\/wp\/v2\/comments?post=125"}],"version-history":[{"count":6,"href":"http:\/\/hotel-asahi.com\/es\/wp-json\/wp\/v2\/pages\/125\/revisions"}],"predecessor-version":[{"id":2611,"href":"http:\/\/hotel-asahi.com\/es\/wp-json\/wp\/v2\/pages\/125\/revisions\/2611"}],"up":[{"embeddable":true,"href":"http:\/\/hotel-asahi.com\/es\/wp-json\/wp\/v2\/pages\/108"}],"wp:featuredmedia":[{"embeddable":true,"href":"http:\/\/hotel-asahi.com\/es\/wp-json\/wp\/v2\/media\/1476"}],"wp:attachment":[{"href":"http:\/\/hotel-asahi.com\/es\/wp-json\/wp\/v2\/media?parent=125"}],"curies":[{"name":"wp","href":"https:\/\/api.w.org\/{rel}","templated":true}]}}