{"id":108,"date":"2013-11-22T09:37:26","date_gmt":"2013-11-22T08:37:26","guid":{"rendered":"http:\/\/www.hotel-asahi.com\/?page_id=108"},"modified":"2025-07-25T13:08:40","modified_gmt":"2025-07-25T11:08:40","slug":"las-habitaciones","status":"publish","type":"page","link":"http:\/\/hotel-asahi.com\/es\/las-habitaciones\/","title":{"rendered":"Las habitaciones"},"content":{"rendered":"<p>El hotel Asahi ofrece 73 modernas habitaciones, suites, apartamentos y habitaciones en el \u00e1tico. El equipo individual y el ambiente le garantizan una estancia agradable. En todas las habitaciones hay un escritorio, tel\u00e9fono, TV de pantalla plana con televisi\u00f3n por sat\u00e9lite y revista televisiva actual, conexi\u00f3n wifi, mini-bar, caja fuerte.<\/p>\n<p>Tambi\u00e9n damos importancia a las peque\u00f1as comodidades como unas c\u00f3modas zapatillas, espejo de maquillaje, secador de pelo y b\u00e1scula en el ba\u00f1o, tabla de planchar \/ plancha y un juego de caf\u00e9 y t\u00e9.<\/p>\n<ul>\n<li><a title=\"Habitaciones Individuales\" href=\"\/es\/las-habitaciones\/habitaciones-individuales\/\">Habitaciones individuales<\/a><\/li>\n<li><a title=\"Habitaciones Dobles\" href=\"\/es\/habitaciones-dobles\/\">Habitaciones dobles<\/a><\/li>\n<li><a title=\"Apartamento\" href=\"\/es\/las-habitaciones\/apartamento\/\">Apartamento<\/a><\/li>\n<li><a title=\"Suites Junior\" href=\"\/es\/las-habitaciones\/suites-junior\/\">Suites Junior<\/a><\/li>\n<\/ul>\n","protected":false},"excerpt":{"rendered":"<p>El hotel Asahi ofrece 73 modernas habitaciones, suites, apartamentos y habitaciones en el \u00e1tico. El equipo individual y el ambiente le garantizan una estancia agradable. En todas las habitaciones hay un escritorio, tel\u00e9fono, TV de pantalla plana con televisi\u00f3n por sat\u00e9lite y revista televisiva actual, conexi\u00f3n wifi, mini-bar, caja fuerte. Tambi\u00e9n damos importancia a las [&hellip;]<\/p>\n","protected":false},"author":2,"featured_media":0,"parent":0,"menu_order":0,"comment_status":"closed","ping_status":"open","template":"","meta":[],"yoast_head":"<!-- This site is optimized with the Yoast SEO plugin v18.5.1 - https:\/\/yoast.com\/wordpress\/plugins\/seo\/ -->\n<title>Las habitaciones - Hotel Asahi<\/title>\n<meta name=\"robots\" content=\"index, follow, max-snippet:-1, max-image-preview:large, max-video-preview:-1\" \/>\n<link rel=\"canonical\" href=\"http:\/\/hotel-asahi.com\/es\/las-habitaciones\/\" \/>\n<meta property=\"og:locale\" content=\"es_ES\" \/>\n<meta property=\"og:type\" content=\"article\" \/>\n<meta property=\"og:title\" content=\"Las habitaciones - Hotel Asahi\" \/>\n<meta property=\"og:description\" content=\"El hotel Asahi ofrece 73 modernas habitaciones, suites, apartamentos y habitaciones en el \u00e1tico. El equipo individual y el ambiente le garantizan una estancia agradable. En todas las habitaciones hay un escritorio, tel\u00e9fono, TV de pantalla plana con televisi\u00f3n por sat\u00e9lite y revista televisiva actual, conexi\u00f3n wifi, mini-bar, caja fuerte. Tambi\u00e9n damos importancia a las [&hellip;]\" \/>\n<meta property=\"og:url\" content=\"http:\/\/hotel-asahi.com\/es\/las-habitaciones\/\" \/>\n<meta property=\"og:site_name\" content=\"Hotel Asahi\" \/>\n<meta property=\"article:modified_time\" content=\"2025-07-25T11:08:40+00:00\" \/>\n<meta name=\"twitter:label1\" content=\"Tiempo de lectura\" \/>\n\t<meta name=\"twitter:data1\" content=\"1 minuto\" \/>\n<script type=\"application\/ld+json\" class=\"yoast-schema-graph\">{\"@context\":\"https:\/\/schema.org\",\"@graph\":[{\"@type\":\"WebSite\",\"@id\":\"http:\/\/hotel-asahi.com\/es\/#website\",\"url\":\"http:\/\/hotel-asahi.com\/es\/\",\"name\":\"Hotel Asahi\",\"description\":\"Herzlich willkommen in D\u00fcsseldorf\",\"potentialAction\":[{\"@type\":\"SearchAction\",\"target\":{\"@type\":\"EntryPoint\",\"urlTemplate\":\"http:\/\/hotel-asahi.com\/es\/?s={search_term_string}\"},\"query-input\":\"required name=search_term_string\"}],\"inLanguage\":\"es\"},{\"@type\":\"WebPage\",\"@id\":\"http:\/\/hotel-asahi.com\/es\/las-habitaciones\/#webpage\",\"url\":\"http:\/\/hotel-asahi.com\/es\/las-habitaciones\/\",\"name\":\"Las habitaciones - Hotel Asahi\",\"isPartOf\":{\"@id\":\"http:\/\/hotel-asahi.com\/es\/#website\"},\"datePublished\":\"2013-11-22T08:37:26+00:00\",\"dateModified\":\"2025-07-25T11:08:40+00:00\",\"breadcrumb\":{\"@id\":\"http:\/\/hotel-asahi.com\/es\/las-habitaciones\/#breadcrumb\"},\"inLanguage\":\"es\",\"potentialAction\":[{\"@type\":\"ReadAction\",\"target\":[\"http:\/\/hotel-asahi.com\/es\/las-habitaciones\/\"]}]},{\"@type\":\"BreadcrumbList\",\"@id\":\"http:\/\/hotel-asahi.com\/es\/las-habitaciones\/#breadcrumb\",\"itemListElement\":[{\"@type\":\"ListItem\",\"position\":1,\"name\":\"Home\",\"item\":\"http:\/\/hotel-asahi.com\/es\/\"},{\"@type\":\"ListItem\",\"position\":2,\"name\":\"Las habitaciones\"}]}]}<\/script>\n<!-- \/ Yoast SEO plugin. -->","yoast_head_json":{"title":"Las habitaciones - Hotel Asahi","robots":{"index":"index","follow":"follow","max-snippet":"max-snippet:-1","max-image-preview":"max-image-preview:large","max-video-preview":"max-video-preview:-1"},"canonical":"http:\/\/hotel-asahi.com\/es\/las-habitaciones\/","og_locale":"es_ES","og_type":"article","og_title":"Las habitaciones - Hotel Asahi","og_description":"El hotel Asahi ofrece 73 modernas habitaciones, suites, apartamentos y habitaciones en el \u00e1tico. El equipo individual y el ambiente le garantizan una estancia agradable. En todas las habitaciones hay un escritorio, tel\u00e9fono, TV de pantalla plana con televisi\u00f3n por sat\u00e9lite y revista televisiva actual, conexi\u00f3n wifi, mini-bar, caja fuerte. Tambi\u00e9n damos importancia a las [&hellip;]","og_url":"http:\/\/hotel-asahi.com\/es\/las-habitaciones\/","og_site_name":"Hotel Asahi","article_modified_time":"2025-07-25T11:08:40+00:00","twitter_misc":{"Tiempo de lectura":"1 minuto"},"schema":{"@context":"https:\/\/schema.org","@graph":[{"@type":"WebSite","@id":"http:\/\/hotel-asahi.com\/es\/#website","url":"http:\/\/hotel-asahi.com\/es\/","name":"Hotel Asahi","description":"Herzlich willkommen in D\u00fcsseldorf","potentialAction":[{"@type":"SearchAction","target":{"@type":"EntryPoint","urlTemplate":"http:\/\/hotel-asahi.com\/es\/?s={search_term_string}"},"query-input":"required name=search_term_string"}],"inLanguage":"es"},{"@type":"WebPage","@id":"http:\/\/hotel-asahi.com\/es\/las-habitaciones\/#webpage","url":"http:\/\/hotel-asahi.com\/es\/las-habitaciones\/","name":"Las habitaciones - Hotel Asahi","isPartOf":{"@id":"http:\/\/hotel-asahi.com\/es\/#website"},"datePublished":"2013-11-22T08:37:26+00:00","dateModified":"2025-07-25T11:08:40+00:00","breadcrumb":{"@id":"http:\/\/hotel-asahi.com\/es\/las-habitaciones\/#breadcrumb"},"inLanguage":"es","potentialAction":[{"@type":"ReadAction","target":["http:\/\/hotel-asahi.com\/es\/las-habitaciones\/"]}]},{"@type":"BreadcrumbList","@id":"http:\/\/hotel-asahi.com\/es\/las-habitaciones\/#breadcrumb","itemListElement":[{"@type":"ListItem","position":1,"name":"Home","item":"http:\/\/hotel-asahi.com\/es\/"},{"@type":"ListItem","position":2,"name":"Las habitaciones"}]}]}},"_links":{"self":[{"href":"http:\/\/hotel-asahi.com\/es\/wp-json\/wp\/v2\/pages\/108"}],"collection":[{"href":"http:\/\/hotel-asahi.com\/es\/wp-json\/wp\/v2\/pages"}],"about":[{"href":"http:\/\/hotel-asahi.com\/es\/wp-json\/wp\/v2\/types\/page"}],"author":[{"embeddable":true,"href":"http:\/\/hotel-asahi.com\/es\/wp-json\/wp\/v2\/users\/2"}],"replies":[{"embeddable":true,"href":"http:\/\/hotel-asahi.com\/es\/wp-json\/wp\/v2\/comments?post=108"}],"version-history":[{"count":9,"href":"http:\/\/hotel-asahi.com\/es\/wp-json\/wp\/v2\/pages\/108\/revisions"}],"predecessor-version":[{"id":2609,"href":"http:\/\/hotel-asahi.com\/es\/wp-json\/wp\/v2\/pages\/108\/revisions\/2609"}],"wp:attachment":[{"href":"http:\/\/hotel-asahi.com\/es\/wp-json\/wp\/v2\/media?parent=108"}],"curies":[{"name":"wp","href":"https:\/\/api.w.org\/{rel}","templated":true}]}}