{"id":2672,"date":"2025-07-26T12:06:56","date_gmt":"2025-07-26T10:06:56","guid":{"rendered":"http:\/\/hotel-asahi.com\/?page_id=2672"},"modified":"2025-07-26T13:19:58","modified_gmt":"2025-07-26T11:19:58","slug":"2672-2","status":"publish","type":"page","link":"http:\/\/hotel-asahi.com\/en\/","title":{"rendered":""},"content":{"rendered":"\n<h1><img loading=\"lazy\" src=\"\/wp-content\/uploads\/asahi_logo.png\" alt=\"asahi_logo\" width=\"263\" height=\"132\" \/><\/h1>\n<h1>Welcome to Hotel Asahi D\u00fcsseldorf<\/h1>\n<p>The Hotel <span class=\"error-spellcheck\" data-word=\"Asahi\" data-suggestion=\"Asa-hi|Asama|Ashia|Ashil|Isiahi|Asa hi\">Asahi<\/span> in D\u00fcsseldorf welcomes you to a central location in D\u00fcsseldorf, just a few minutes walk from the main station. Business and leisure <span class=\"error-spellcheck\" data-word=\"travellers\" data-suggestion=\"travelers|traveler\">travellers<\/span> benefit from the excellent <a href=\"\/en\/location-directions\/\"><span class=\"sc-eDPEul hyaNGR AT-ate-chip--compact ate-chip--marker  ate-chip ate-chip--compact ate-chip--marker\" data-segment=\"gid_0\" data-type=\"g\">location<\/span><\/a>, as D\u00fcsseldorf&#8217;s old town, the luxury shopping area around the \u2018K\u00f6\u2019, the Capitol <span class=\"error-spellcheck\" data-word=\"Theatre\" data-suggestion=\"Theater|Theatric\">Theatre<\/span> and many other of the city&#8217;s <a href=\"\/en\/welcome-duesseldorf\/\">popular cultural, <span class=\"sc-eDPEul hyieuR AT-ate-chip--compact ate-chip--marker  ate-chip ate-chip--compact ate-chip--marker\" data-segment=\"gid_1\" data-type=\"g\">shopping and entertainment venues<\/span><\/a> are all within walking distance. Parking spots are located in front of the hotel. The main station is great travel hub to get everywhere in the <span class=\"error-spellcheck\" data-word=\"ciry\" data-suggestion=\"cir|cry|city|airy|miry|wiry|Ciro\">city and also<\/span> the <span class=\"error-spellcheck\" data-word=\"Messe\" data-suggestion=\"Mess|Meses|Messy|Meuse|Messed|Messes|Hesse\">Messe<\/span> or the <span class=\"error-spellcheck\" data-word=\"airpot\" data-suggestion=\"air-pot|airport|aptest|air pot\">airpot<\/span>. Our reception is open 24 hours.<\/p>\n<p>You will find a lot of <span class=\"error-spellcheck\" data-word=\"Japanes\" data-suggestion=\"Japans|Japan's|Japan-es|Japanese|Japan|Japanned|Japanner\">Japanes<\/span> influence in our hotel. Our <a href=\"\/en\/rooms\/\">73 spacious <span class=\"sc-eDPEul hyaNGR AT-ate-chip--compact ate-chip--marker  ate-chip ate-chip--compact ate-chip--marker\" data-segment=\"gid_0\" data-type=\"g\">rooms<\/span><\/a> are modern and comfortably furnished. A <a href=\"\/en\/conferences-events\/\">well-equipped <span class=\"sc-eDPEul hyaNGR AT-ate-chip--compact ate-chip--marker  ate-chip ate-chip--compact ate-chip--marker\" data-segment=\"gid_0\" data-type=\"g\">conference room<\/span><\/a> is available for business meetings. The small but adequate <a href=\"\/en\/fitness-2\/\"><span class=\"sc-eDPEul cHhLaT AT-ate-chip--compact ate-chip--marker  ate-chip ate-chip--compact ate-chip--marker\" data-segment=\"gid_2\" data-type=\"g\">fitness <\/span>area<\/a> lets you leave everyday stress behind. Relax in our quiet area with its comfortable lounges. Alternatively you can meet up with your friends and business partners at our hotel bar in the evening and explore the city from there.<br \/><strong>We are looking forward to welcome you in our hotel soon!<\/strong><\/p>\n<hr \/>\n","protected":false},"excerpt":{"rendered":"<p>Welcome to Hotel Asahi D\u00fcsseldorf The Hotel Asahi in D\u00fcsseldorf welcomes you to a central location in D\u00fcsseldorf, just a few minutes walk from the main station. Business and leisure travellers benefit from the excellent location, as D\u00fcsseldorf&#8217;s old town, the luxury shopping area around the \u2018K\u00f6\u2019, the Capitol Theatre and many other of the [&hellip;]<\/p>\n","protected":false},"author":3,"featured_media":0,"parent":0,"menu_order":0,"comment_status":"closed","ping_status":"open","template":"","meta":[],"yoast_head":"<!-- This site is optimized with the Yoast SEO plugin v18.5.1 - https:\/\/yoast.com\/wordpress\/plugins\/seo\/ -->\n<title>- Hotel Asahi<\/title>\n<meta name=\"robots\" content=\"index, follow, max-snippet:-1, max-image-preview:large, max-video-preview:-1\" \/>\n<link rel=\"canonical\" href=\"http:\/\/hotel-asahi.com\/en\/\" \/>\n<meta property=\"og:locale\" content=\"en_US\" \/>\n<meta property=\"og:type\" content=\"article\" \/>\n<meta property=\"og:title\" content=\"- Hotel Asahi\" \/>\n<meta property=\"og:description\" content=\"Welcome to Hotel Asahi D\u00fcsseldorf The Hotel Asahi in D\u00fcsseldorf welcomes you to a central location in D\u00fcsseldorf, just a few minutes walk from the main station. Business and leisure travellers benefit from the excellent location, as D\u00fcsseldorf&#8217;s old town, the luxury shopping area around the \u2018K\u00f6\u2019, the Capitol Theatre and many other of the [&hellip;]\" \/>\n<meta property=\"og:url\" content=\"http:\/\/hotel-asahi.com\/en\/\" \/>\n<meta property=\"og:site_name\" content=\"Hotel Asahi\" \/>\n<meta property=\"article:modified_time\" content=\"2025-07-26T11:19:58+00:00\" \/>\n<meta name=\"twitter:label1\" content=\"Est. reading time\" \/>\n\t<meta name=\"twitter:data1\" content=\"2 minutes\" \/>\n<script type=\"application\/ld+json\" class=\"yoast-schema-graph\">{\"@context\":\"https:\/\/schema.org\",\"@graph\":[{\"@type\":\"WebSite\",\"@id\":\"http:\/\/hotel-asahi.com\/en\/#website\",\"url\":\"http:\/\/hotel-asahi.com\/en\/\",\"name\":\"Hotel Asahi\",\"description\":\"Herzlich willkommen in D\u00fcsseldorf\",\"potentialAction\":[{\"@type\":\"SearchAction\",\"target\":{\"@type\":\"EntryPoint\",\"urlTemplate\":\"http:\/\/hotel-asahi.com\/en\/?s={search_term_string}\"},\"query-input\":\"required name=search_term_string\"}],\"inLanguage\":\"en-US\"},{\"@type\":\"WebPage\",\"@id\":\"http:\/\/hotel-asahi.com\/en\/#webpage\",\"url\":\"http:\/\/hotel-asahi.com\/en\/\",\"name\":\"- Hotel Asahi\",\"isPartOf\":{\"@id\":\"http:\/\/hotel-asahi.com\/en\/#website\"},\"datePublished\":\"2025-07-26T10:06:56+00:00\",\"dateModified\":\"2025-07-26T11:19:58+00:00\",\"breadcrumb\":{\"@id\":\"http:\/\/hotel-asahi.com\/en\/#breadcrumb\"},\"inLanguage\":\"en-US\",\"potentialAction\":[{\"@type\":\"ReadAction\",\"target\":[\"http:\/\/hotel-asahi.com\/en\/\"]}]},{\"@type\":\"BreadcrumbList\",\"@id\":\"http:\/\/hotel-asahi.com\/en\/#breadcrumb\",\"itemListElement\":[{\"@type\":\"ListItem\",\"position\":1,\"name\":\"Home\",\"item\":\"http:\/\/hotel-asahi.com\/en\/\"},{\"@type\":\"ListItem\",\"position\":2,\"name\":\"\"}]}]}<\/script>\n<!-- \/ Yoast SEO plugin. -->","yoast_head_json":{"title":"- Hotel Asahi","robots":{"index":"index","follow":"follow","max-snippet":"max-snippet:-1","max-image-preview":"max-image-preview:large","max-video-preview":"max-video-preview:-1"},"canonical":"http:\/\/hotel-asahi.com\/en\/","og_locale":"en_US","og_type":"article","og_title":"- Hotel Asahi","og_description":"Welcome to Hotel Asahi D\u00fcsseldorf The Hotel Asahi in D\u00fcsseldorf welcomes you to a central location in D\u00fcsseldorf, just a few minutes walk from the main station. Business and leisure travellers benefit from the excellent location, as D\u00fcsseldorf&#8217;s old town, the luxury shopping area around the \u2018K\u00f6\u2019, the Capitol Theatre and many other of the [&hellip;]","og_url":"http:\/\/hotel-asahi.com\/en\/","og_site_name":"Hotel Asahi","article_modified_time":"2025-07-26T11:19:58+00:00","twitter_misc":{"Est. reading time":"2 minutes"},"schema":{"@context":"https:\/\/schema.org","@graph":[{"@type":"WebSite","@id":"http:\/\/hotel-asahi.com\/en\/#website","url":"http:\/\/hotel-asahi.com\/en\/","name":"Hotel Asahi","description":"Herzlich willkommen in D\u00fcsseldorf","potentialAction":[{"@type":"SearchAction","target":{"@type":"EntryPoint","urlTemplate":"http:\/\/hotel-asahi.com\/en\/?s={search_term_string}"},"query-input":"required name=search_term_string"}],"inLanguage":"en-US"},{"@type":"WebPage","@id":"http:\/\/hotel-asahi.com\/en\/#webpage","url":"http:\/\/hotel-asahi.com\/en\/","name":"- Hotel Asahi","isPartOf":{"@id":"http:\/\/hotel-asahi.com\/en\/#website"},"datePublished":"2025-07-26T10:06:56+00:00","dateModified":"2025-07-26T11:19:58+00:00","breadcrumb":{"@id":"http:\/\/hotel-asahi.com\/en\/#breadcrumb"},"inLanguage":"en-US","potentialAction":[{"@type":"ReadAction","target":["http:\/\/hotel-asahi.com\/en\/"]}]},{"@type":"BreadcrumbList","@id":"http:\/\/hotel-asahi.com\/en\/#breadcrumb","itemListElement":[{"@type":"ListItem","position":1,"name":"Home","item":"http:\/\/hotel-asahi.com\/en\/"},{"@type":"ListItem","position":2,"name":""}]}]}},"_links":{"self":[{"href":"http:\/\/hotel-asahi.com\/en\/wp-json\/wp\/v2\/pages\/2672"}],"collection":[{"href":"http:\/\/hotel-asahi.com\/en\/wp-json\/wp\/v2\/pages"}],"about":[{"href":"http:\/\/hotel-asahi.com\/en\/wp-json\/wp\/v2\/types\/page"}],"author":[{"embeddable":true,"href":"http:\/\/hotel-asahi.com\/en\/wp-json\/wp\/v2\/users\/3"}],"replies":[{"embeddable":true,"href":"http:\/\/hotel-asahi.com\/en\/wp-json\/wp\/v2\/comments?post=2672"}],"version-history":[{"count":9,"href":"http:\/\/hotel-asahi.com\/en\/wp-json\/wp\/v2\/pages\/2672\/revisions"}],"predecessor-version":[{"id":2712,"href":"http:\/\/hotel-asahi.com\/en\/wp-json\/wp\/v2\/pages\/2672\/revisions\/2712"}],"wp:attachment":[{"href":"http:\/\/hotel-asahi.com\/en\/wp-json\/wp\/v2\/media?parent=2672"}],"curies":[{"name":"wp","href":"https:\/\/api.w.org\/{rel}","templated":true}]}}